{"id":6478,"date":"2020-12-07T15:02:23","date_gmt":"2020-12-07T15:02:23","guid":{"rendered":"https:\/\/staging.nskmetals.com\/fornos\/bof-e-eaf\/"},"modified":"2025-08-14T14:58:07","modified_gmt":"2025-08-14T14:58:07","slug":"bof-e-eaf","status":"publish","type":"page","link":"https:\/\/nskmetals.com\/pt-br\/fornos\/bof-e-eaf\/","title":{"rendered":"BOF E EAF"},"content":{"rendered":"<p>[et_pb_section fb_built=&#8221;1&#8243; admin_label=&#8221;Category 01 &#8211; Hero Section&#8221; module_class=&#8221;full-width&#8221; _builder_version=&#8221;4.7.4&#8243; _module_preset=&#8221;default&#8221; background_color=&#8221;#595959&#8243; background_image=&#8221;\/images\/99-page-headers\/3A-bof-eof-hero.jpg&#8221; width=&#8221;100%&#8221; max_width=&#8221;100%&#8221; module_alignment=&#8221;center&#8221; custom_margin=&#8221;0px|0px|0px|0px|false|false&#8221; custom_padding=&#8221;0px|0px|0px|0px|false|false&#8221;][et_pb_row column_structure=&#8221;1_2,1_2&#8243; make_equal=&#8221;on&#8221; _builder_version=&#8221;4.7.4&#8243; _module_preset=&#8221;default&#8221; module_alignment=&#8221;center&#8221; custom_padding=&#8221;0px||0px||false|false&#8221;][et_pb_column type=&#8221;1_2&#8243; _builder_version=&#8221;4.7.4&#8243; _module_preset=&#8221;default&#8221;][et_pb_text _builder_version=&#8221;4.7.4&#8243; _module_preset=&#8221;default&#8221; custom_margin=&#8221;80px||200px||false|false&#8221;]<\/p>\n<h4 class=\"c-white\">FORNOS<\/h4>\n<h1 class=\"h-category c-white\">BOF E EAF<\/h1>\n<p>[\/et_pb_text][et_pb_text _builder_version=&#8221;4.9.4&#8243; _module_preset=&#8221;default&#8221; background_color=&#8221;rgba(236,27,59,0.9)&#8221; custom_margin=&#8221;0px||0px||false|false&#8221; custom_padding=&#8221;25px|25px|25px|25px|false|false&#8221;]<\/p>\n<h2 class=\"h-category-subhead\">TRABALHANDO COM CARGAS EXTREMAS EM <br class=\"red-box-break\">SEGURAN\u00c7A E CONFIAN\u00c7A<\/h2>\n<p>[\/et_pb_text][\/et_pb_column][et_pb_column type=&#8221;1_2&#8243; _builder_version=&#8221;4.7.4&#8243; _module_preset=&#8221;default&#8221;][\/et_pb_column][\/et_pb_row][\/et_pb_section][et_pb_section fb_built=&#8221;1&#8243; admin_label=&#8221;Category 02 &#8211; Lead Copy &#8211; Wide Column&#8221; module_class=&#8221;full-width&#8221; _builder_version=&#8221;4.9.4&#8243; _module_preset=&#8221;default&#8221; background_color=&#8221;#ffffff&#8221; width=&#8221;100%&#8221; max_width=&#8221;100%&#8221; module_alignment=&#8221;center&#8221; custom_margin=&#8221;0px|0px|0px|0px|false|false&#8221; custom_padding=&#8221;0px|0px|0px|0px|false|false&#8221;][et_pb_row make_equal=&#8221;on&#8221; _builder_version=&#8221;4.9.4&#8243; _module_preset=&#8221;default&#8221; module_alignment=&#8221;center&#8221; custom_margin=&#8221;0px||0px||false|false&#8221; custom_padding=&#8221;0px||0px||false|false&#8221;][et_pb_column type=&#8221;4_4&#8243; _builder_version=&#8221;4.7.4&#8243; _module_preset=&#8221;default&#8221;][et_pb_text _builder_version=&#8221;4.9.4&#8243; _module_preset=&#8221;default&#8221; custom_margin=&#8221;0px||0px||false|false&#8221; custom_padding=&#8221;60px|25px|65px|25px|false|false&#8221;]<\/p>\n<p style=\"font-size: 17px;\">Desde o in\u00edcio do processo de fabrica\u00e7\u00e3o do a\u00e7o, o sequenciamento, o tempoe e o movimento confi\u00e1vel s\u00e3o essenciais. Em fornos e conversores, em temperaturas superiores a 2.500 \u00baF, milhares de toneladas de a\u00e7o fundido movendo-se lenta e precisamente em est\u00e1gios de rota\u00e7\u00e3o limitada imp\u00f5em for\u00e7as mec\u00e2nicas severas aos rolamentos de suporte. Qualquer problema de desempenho aqui tem o potencial de parar todo o laminador.<\/p>\n<p style=\"font-size: 17px;\">As solu\u00e7\u00f5es de rolamentos NSK para fornos e conversores s\u00e3o otimizadas para a aplica\u00e7\u00e3o, projetadas para operar com estabilidade em altas temperaturas, acomodar cargas pesadas, velocidades baixas e movimentos oscilantes com efici\u00eancia previsivelmente confi\u00e1vel.<\/p>\n<p>[\/et_pb_text][\/et_pb_column][\/et_pb_row][\/et_pb_section][et_pb_section fb_built=&#8221;1&#8243; admin_label=&#8221;Category 03 &#8211; Updated B-Section &#8211; Red &#8211; Image &#8211; Right&#8221; _builder_version=&#8221;4.9.4&#8243; _module_preset=&#8221;default&#8221; background_color=&#8221;#f0f0f0&#8243; custom_margin=&#8221;0px||0px||false|false&#8221; custom_padding=&#8221;60px||60px||false|false&#8221;][et_pb_row column_structure=&#8221;1_2,1_2&#8243; make_equal=&#8221;on&#8221; _builder_version=&#8221;4.9.4&#8243; _module_preset=&#8221;default&#8221; background_color=&#8221;#8f1023&#8243; custom_margin=&#8221;0px||0px||false|false&#8221; custom_padding=&#8221;0px|0px|0px|0px|false|false&#8221;][et_pb_column type=&#8221;1_2&#8243; _builder_version=&#8221;4.7.4&#8243; _module_preset=&#8221;default&#8221; custom_css_main_element=&#8221;margin-bottom: 0px;&#8221;][et_pb_text module_class=&#8221;b-panel-text-left&#8221; _builder_version=&#8221;4.9.4&#8243; _module_preset=&#8221;default&#8221; background_color=&#8221;#ec1b3b&#8221; custom_margin=&#8221;0px|0px|0px|0px|false|false&#8221; custom_padding=&#8221;45px||45px||false|false&#8221; hover_enabled=&#8221;0&#8243; sticky_enabled=&#8221;0&#8243;]<\/p>\n<h3 class=\"c-white t-400\" style=\"padding-bottom: 15px;\">SOLU\u00c7\u00d5ES OTIMIZADAS PARA APLICA\u00c7\u00d5ES<\/h3>\n<p class=\"c-white\">Elimine a remo\u00e7\u00e3o de engrenagens principais e a desmontagem de unidades e equipamentos ao redor. Com <span style=\"font-weight: 600;\">os rolamentos de rolos bipartidos ultragrandes da NSK<\/span>, voc\u00ea reduz consideravelmente o tempo de substitui\u00e7\u00e3o, os custos de manuten\u00e7\u00e3o e a perda de produ\u00e7\u00e3o.<\/p>\n<p><img decoding=\"async\" style=\"display: block; margin: 0px 0px 0px 0px; transform: translateZ(15px);\" src=\"\/images-pt\/10-furnaces\/bof-eaf\/B-Chart-BOF-EAF-pt.png\"><br \/>\n<!--\n\n<table style=\"border: none; margin-top: 15px; width: 95%; transform: translateZ(10);\">\n\n\n<tr>\n\n\n<td align=\"left\" valign=\"middle\" colspan=\"2\" style=\"font-family: urw-din, Arial, sans-serif; font-size: 14px; font-weight: 500; text-transform: uppercase; color: #ffffff; padding: 6px 10px 6px 10px;\">Comparison of Bearing Replacement Time<\/td>\n\n\n<\/tr>\n\n\n\n\n<tr>\n\n\n<td align=\"left\" valign=\"middle\" colspan=\"2\" style=\"font-family: ff-dax-pro, Arial, sans-serif; font-size: 14px; font-weight: 600; color: #ffffff; background: #444444; padding: 6px 10px 6px 10px;\"><span style=\"display: inline-block; float: left;\">Solid-type spherical roller bearing<\/span><span style=\"display: inline-block; float: right; font-size: 22px; font-family: urw-din, Arial, sans-serif; font-weight: 600;\">100%<\/span><\/td>\n\n\n<\/tr>\n\n\n\n\n<tr>\n\n\n<td align=\"left\" valign=\"middle\" style=\"font-family: ff-dax-pro, Arial, sans-serif; font-size: 14px; font-weight: 600; color: #ffffff; background: #a71f2c; padding: 6px 10px 6px 10px;\"><span style=\"display: inline-block; float: left;\">Split spherical roller bearing<\/span><span style=\"display: inline-block; float: right; font-size: 22px; font-family: urw-din, Arial, sans-serif; font-weight: 600;\">65%<\/span><\/td>\n\n\n\n\n<td align=\"left\" valign=\"middle\" style=\"font-family: ff-dax-pro, Arial, sans-serif; font-size: 14px; font-weight: 600; color: #ffffff; background: #8f1023; padding: 6px 10px 6px 10px;\"><span style=\"display: inline-block; float: left;\">Reduction<\/span><span style=\"display: inline-block; float: right; font-size: 22px; font-family: urw-din, Arial, sans-serif; font-weight: 600;\">35%<\/span><\/td>\n\n\n<\/tr>\n\n\n<\/table>\n\n-->[\/et_pb_text][\/et_pb_column][et_pb_column type=&#8221;1_2&#8243; _builder_version=&#8221;4.9.4&#8243; _module_preset=&#8221;default&#8221; background_image=&#8221;\/images\/10-furnaces\/bof-eaf\/3A-process-b-bof-eaf-image-cropped.png&#8221; background_position=&#8221;bottom_right&#8221;][et_pb_code disabled_on=&#8221;off|off|off&#8221; _builder_version=&#8221;4.9.4&#8243; _module_preset=&#8221;default&#8221; background_enable_image=&#8221;off&#8221; background_position=&#8221;bottom_center&#8221; custom_css_main_element=&#8221;position: relative;&#8221;][\/et_pb_code][\/et_pb_column][\/et_pb_row][\/et_pb_section][et_pb_section fb_built=&#8221;1&#8243; admin_label=&#8221;Category 04 &#8211; Related Products&#8221; module_class=&#8221;full-width&#8221; _builder_version=&#8221;4.9.4&#8243; _module_preset=&#8221;default&#8221; background_color=&#8221;#ffffff&#8221; width=&#8221;100%&#8221; max_width=&#8221;100%&#8221; module_alignment=&#8221;center&#8221; custom_margin=&#8221;0px|0px|0px|0px|false|false&#8221; custom_padding=&#8221;0px|0px|0px|0px|false|false&#8221;][et_pb_row make_equal=&#8221;on&#8221; _builder_version=&#8221;4.9.4&#8243; _module_preset=&#8221;default&#8221; module_alignment=&#8221;center&#8221; custom_margin=&#8221;0px||0px||false|false&#8221; custom_padding=&#8221;0px||0px||false|false&#8221;][et_pb_column type=&#8221;4_4&#8243; _builder_version=&#8221;4.7.4&#8243; _module_preset=&#8221;default&#8221;][et_pb_text _builder_version=&#8221;4.9.4&#8243; _module_preset=&#8221;default&#8221; custom_margin=&#8221;0px||0px||false|false&#8221; custom_padding=&#8221;60px||30px||false|false&#8221;]<\/p>\n<h3>PRODUTOS DE ROLAMENTO<\/h3>\n<p>[\/et_pb_text][\/et_pb_column][\/et_pb_row][et_pb_row column_structure=&#8221;1_3,1_3,1_3&#8243; admin_label=&#8221;Produtos Relacionados&#8221; _builder_version=&#8221;4.9.4&#8243; _module_preset=&#8221;default&#8221; custom_margin=&#8221;0px||0px||false|false&#8221; custom_padding=&#8221;0px||0px||false|false&#8221;][et_pb_column type=&#8221;1_3&#8243; _builder_version=&#8221;4.7.4&#8243; _module_preset=&#8221;default&#8221;][et_pb_blurb title=&#8221;ROLAMENTOS AUTOCOMPENSADORES DE ROLOS BIPARTIDOS ULTRAGRANDES&#8221; image=&#8221;\/images\/50-products\/roller-bearings\/ultra-large-split-spherical-roller-bearings\/3A1-Square-Inset-Large-Split-Spherical-Roller-Bearings.png&#8221; admin_label=&#8221;Ultra-Large Split Spherical Roller Bearings&#8221; _builder_version=&#8221;4.9.4&#8243; _module_preset=&#8221;default&#8221; custom_margin=&#8221;0px||0px||false|false&#8221; custom_padding=&#8221;0px||60px||false|false&#8221; link_option_url=&#8221;https:\/\/nskmetals.com\/pt-br\/produtos\/rolamentos-de-rolos\/rolamentos-autocompensadores-de-rolos-bipartidos-ultragrandes\/?cat=bof-eof&#8221;]<\/p>\n<p>Elimine a remo\u00e7\u00e3o de engrenagens e a desmontagem de acionamentos para reduzir o tempo de substitui\u00e7\u00e3o, os custos de manuten\u00e7\u00e3o e a perda de produ\u00e7\u00e3o.<\/p>\n<p class=\"more-link\"><a href=\"https:\/\/nskmetals.com\/pt-br\/produtos\/rolamentos-de-rolos\/rolamentos-autocompensadores-de-rolos-bipartidos-ultragrandes\/?cat=bof-eof\"><img decoding=\"async\" src=\"\/images\/gui\/nsk-arrow-red.png\" width=\"12px\">&nbsp;&nbsp;LEIA MAIS<\/a><\/p>\n<p>[\/et_pb_blurb][\/et_pb_column][et_pb_column type=&#8221;1_3&#8243; _builder_version=&#8221;4.7.4&#8243; _module_preset=&#8221;default&#8221;][et_pb_blurb title=&#8221;ROLAMENTOS AUTOCOMPENSADORES DE ROLOS GRANDES &#8211; ALTA CAPACIDADE DE CARGA&#8221; image=&#8221;\/images\/50-products\/roller-bearings\/large-cam-spherical-roller-bearings\/3A2-Square-Inset-Large-Spherical.png&#8221; admin_label=&#8221;Large CAM Spherical Roller Bearings&#8221; _builder_version=&#8221;4.9.4&#8243; _module_preset=&#8221;default&#8221; custom_margin=&#8221;0px||0px||false|false&#8221; custom_padding=&#8221;0px||60px||false|false&#8221; link_option_url=&#8221;https:\/\/nskmetals.com\/pt-br\/produtos\/rolamentos-de-rolos\/rolamentos-autocompensadores-de-rolos-grandes-cam\/?cat=bof-eof&#8221;]<\/p>\n<p>Cargas extremamente altas. Velocidades extremas e calor elevado. Confiabilidade extrema sempre, paradas inesperadas s\u00e3o intoler\u00e1veis.<\/p>\n<p class=\"more-link\"><a href=\"https:\/\/nskmetals.com\/pt-br\/produtos\/rolamentos-de-rolos\/rolamentos-autocompensadores-de-rolos-grandes-cam\/?cat=bof-eof\"><img decoding=\"async\" src=\"\/images\/gui\/nsk-arrow-red.png\" width=\"12px\">&nbsp;&nbsp;LEIA MAIS<\/a><\/p>\n<p>[\/et_pb_blurb][\/et_pb_column][et_pb_column type=&#8221;1_3&#8243; _builder_version=&#8221;4.7.4&#8243; _module_preset=&#8221;default&#8221;][et_pb_blurb title=&#8221;ROLAMENTOS DE ANEL GIRAT\u00d3RIO&#8221; image=&#8221;\/images\/50-products\/slewing-ring-bearings\/4A3-Square-Inset-Slewing-Ring.png&#8221; admin_label=&#8221;Slewing Ring Bearings&#8221; _builder_version=&#8221;4.9.4&#8243; _module_preset=&#8221;default&#8221; custom_margin=&#8221;0px||0px||false|false&#8221; custom_padding=&#8221;0px||60px||false|false&#8221; link_option_url=&#8221;https:\/\/nskmetals.com\/pt-br\/produtos\/rolamentos-de-anel-giratorio\/?cat=bof-eof&#8221;]<\/p>\n<p>Transferindo for\u00e7as muito altas para suportar cargas radiais, axiais e de momento com movimento repetidamente confi\u00e1vel.<\/p>\n<p class=\"more-link\"><a href=\"https:\/\/nskmetals.com\/pt-br\/produtos\/rolamentos-de-anel-giratorio\/?cat=bof-eof\"><img decoding=\"async\" src=\"\/images\/gui\/nsk-arrow-red.png\" width=\"12px\">&nbsp;&nbsp;LEIA MAIS<\/a><\/p>\n<p>[\/et_pb_blurb][\/et_pb_column][\/et_pb_row][\/et_pb_section][et_pb_section fb_built=&#8221;1&#8243; admin_label=&#8221;Category 05 &#8211; Literature and Case Studies &#8211; Updated&#8221; module_class=&#8221;full-width&#8221; _builder_version=&#8221;4.9.4&#8243; _module_preset=&#8221;default&#8221; background_color=&#8221;#f0f0f0&#8243; width=&#8221;100%&#8221; max_width=&#8221;100%&#8221; module_alignment=&#8221;center&#8221; custom_margin=&#8221;0px|0px|0px|0px|false|false&#8221; custom_padding=&#8221;0px|0px|0px|0px|false|false&#8221;][et_pb_row column_structure=&#8221;1_3,1_3,1_3&#8243; _builder_version=&#8221;4.9.4&#8243; _module_preset=&#8221;default&#8221; custom_margin=&#8221;0px||0px||false|false&#8221; custom_padding=&#8221;60px||60px||false|false&#8221;][et_pb_column type=&#8221;1_3&#8243; _builder_version=&#8221;4.7.4&#8243; _module_preset=&#8221;default&#8221;][et_pb_text module_class=&#8221;literature-links&#8221; _builder_version=&#8221;4.9.4&#8243; _module_preset=&#8221;default&#8221; custom_margin=&#8221;0px||0px||false|false&#8221; custom_padding=&#8221;0px||0px||false|false&#8221;]<\/p>\n<h3 style=\"padding-bottom: 30px;\">Literatura<\/h3>\n<table>\n<tr>\n<td class=\"thumbnail-column\"><img decoding=\"async\" class=\"literature-thumbnail\" src=\"\/documents\/literature-pt\/NSK-Literature-Large-Split-Spherical-Roller-Bearings-PT-1.jpg\"><\/td>\n<td class=\"link-column\">\n<div class=\"t-din t-uppercase t-500\">ROLAMENTOS AUTOCOMPENSADORES DE ROLOS BIPARTIDOS ULTRAGRANDES<\/div>\n<div><a href=\"\/documents\/literature-pt\/NSK-Literature-Large-Split-Spherical-Roller-Bearings-PT.pdf\" target=\"_blank\" rel=\"noopener noreferrer\"><img decoding=\"async\" src=\"\/images\/gui\/nsk-arrow-red.png\" style=\"width: 12px;\">&nbsp;Download de PDF<\/a><\/div>\n<\/td>\n<\/tr>\n<\/table>\n<p>[\/et_pb_text][\/et_pb_column][et_pb_column type=&#8221;1_3&#8243; _builder_version=&#8221;4.7.4&#8243; _module_preset=&#8221;default&#8221;][\/et_pb_column][et_pb_column type=&#8221;1_3&#8243; _builder_version=&#8221;4.7.4&#8243; _module_preset=&#8221;default&#8221;][\/et_pb_column][\/et_pb_row][\/et_pb_section][et_pb_section fb_built=&#8221;1&#8243; admin_label=&#8221;Services | Products | Resoures&#8221; module_id=&#8221;nsk-services-band&#8221; module_class=&#8221;full-width&#8221; _builder_version=&#8221;4.7.4&#8243; _module_preset=&#8221;default&#8221; background_color=&#8221;rgba(0,0,0,0)&#8221; background_image=&#8221;\/images\/99-gui\/services-band-background.jpg&#8221; width=&#8221;100%&#8221; max_width=&#8221;100%&#8221; module_alignment=&#8221;center&#8221; custom_margin=&#8221;0px|0px|0px|0px|false|false&#8221; custom_padding=&#8221;0px|0px|0px|0px|false|false&#8221; global_module=&#8221;574&#8243; saved_tabs=&#8221;all&#8221;][et_pb_row column_structure=&#8221;1_3,1_3,1_3&#8243; make_equal=&#8221;on&#8221; _builder_version=&#8221;4.7.4&#8243; _module_preset=&#8221;default&#8221; custom_margin=&#8221;0px||0px||false|false&#8221; custom_padding=&#8221;70px||70px||false|false&#8221;][et_pb_column type=&#8221;1_3&#8243; _builder_version=&#8221;4.7.4&#8243; _module_preset=&#8221;default&#8221; background_color=&#8221;rgba(0,0,0,0.7)&#8221;][et_pb_text admin_label=&#8221;Technical Support&#8221; _builder_version=&#8221;4.9.4&#8243; _module_preset=&#8221;default&#8221; min_height=&#8221;365px&#8221; custom_padding=&#8221;25px|20px|20px|20px|false|false&#8221;]<\/p>\n<h3 class=\"c-red\" style=\"padding: 0px 0px 20px 0px;\"><span class=\"display-large\">Suporte T\u00e9cnico<\/span><\/h3>\n<table class=\"nsk-site-links-bottom\">\n<tr>\n<td style=\"width: 18px;\"><a href=\"https:\/\/nskmetals.com\/pt-br\/suporte-tecnico\/aip-programa-de-valor-agregado\/\"><img decoding=\"async\" src=\"\/images\/gui\/nsk-arrow-white.png\" width=\"12px\"><\/a><\/td>\n<td><a href=\"https:\/\/nskmetals.com\/pt-br\/suporte-tecnico\/aip-programa-de-valor-agregado\/\">AIP \u2014 Programa de Valor Agregado<\/a><\/td>\n<\/tr>\n<tr>\n<td style=\"width: 18px;\"><a href=\"\/apoio t\u00e9cnico\/especialistas do setor\"><img decoding=\"async\" src=\"\/images\/gui\/nsk-arrow-white.png\" width=\"12px\"><\/a><\/td>\n<td><a href=\"\/apoio t\u00e9cnico\/especialistas do setor\">Especialistas do Setor<\/a><\/td>\n<\/tr>\n<tr>\n<td style=\"width: 18px;\"><a href=\"\/technical-support\/application-engineering (suporte t\u00e9cnico\/engenharia de aplicativos)\"><img decoding=\"async\" src=\"\/images\/gui\/nsk-arrow-white.png\" width=\"12px\"><\/a><\/td>\n<td><a href=\"\/technical-support\/application-engineering (suporte t\u00e9cnico\/engenharia de aplicativos)\">Engenharia de Aplica\u00e7\u00e3o<\/a><\/td>\n<\/tr>\n<tr>\n<td style=\"width: 18px;\"><a href=\"\/apoio-t\u00e9cnico\/recondicionamento\"><img decoding=\"async\" src=\"\/images\/gui\/nsk-arrow-white.png\" width=\"12px\"><\/a><\/td>\n<td><a href=\"\/apoio-t\u00e9cnico\/recondicionamento\">Repotencializa\u00e7\u00e3o<\/a><\/td>\n<\/tr>\n<tr>\n<td style=\"width: 18px;\"><a href=\"\/technical-support\/maintenance-tools (suporte t\u00e9cnico\/ferramentas de manuten\u00e7\u00e3o)\"><img decoding=\"async\" src=\"\/images\/gui\/nsk-arrow-white.png\" width=\"12px\"><\/a><\/td>\n<td><a href=\"\/technical-support\/maintenance-tools (suporte t\u00e9cnico\/ferramentas de manuten\u00e7\u00e3o)\">Ferramentas de Manuten\u00e7\u00e3o<\/a><\/td>\n<\/tr>\n<\/table>\n<p>[\/et_pb_text][\/et_pb_column][et_pb_column type=&#8221;1_3&#8243; _builder_version=&#8221;4.7.4&#8243; _module_preset=&#8221;default&#8221; background_color=&#8221;rgba(0,0,0,0.7)&#8221;][et_pb_text admin_label=&#8221;Products&#8221; _builder_version=&#8221;4.9.4&#8243; _module_preset=&#8221;default&#8221; min_height=&#8221;365px&#8221; custom_padding=&#8221;25px|20px|20px|20px|false|false&#8221;]<\/p>\n<h3 class=\"c-red\" style=\"padding: 0px 0px 20px 0px;\">Produtos<\/h3>\n<table class=\"nsk-site-links-bottom\">\n<tr>\n<td style=\"width: 18px;\"><a href=\"\/produtos\/rolamentos\"><img decoding=\"async\" src=\"\/images\/gui\/nsk-arrow-white.png\" width=\"12px\"><\/a><\/td>\n<td><a href=\"\/produtos\/rolamentos\">Rolamentos de rolos<\/a><\/td>\n<\/tr>\n<tr>\n<td style=\"width: 18px;\"><a href=\"\/produtos\/rolamentos de bola\"><img decoding=\"async\" src=\"\/images\/gui\/nsk-arrow-white.png\" width=\"12px\"><\/a><\/td>\n<td><a href=\"\/produtos\/rolamentos de bola\">Rolamentos de esferas<\/a><\/td>\n<\/tr>\n<tr>\n<td style=\"width: 18px;\"><a href=\"https:\/\/nskmetals.com\/pt-br\/produtos\/unidades-de-rolamento\/\"><img decoding=\"async\" src=\"\/images\/gui\/nsk-arrow-white.png\" width=\"12px\"><\/a><\/td>\n<td><a href=\"https:\/\/nskmetals.com\/pt-br\/produtos\/unidades-de-rolamento\/\">Unidades de rolamento<\/a><\/td>\n<\/tr>\n<\/table>\n<p>[\/et_pb_text][\/et_pb_column][et_pb_column type=&#8221;1_3&#8243; _builder_version=&#8221;4.7.4&#8243; _module_preset=&#8221;default&#8221; background_color=&#8221;rgba(0,0,0,0.7)&#8221;][et_pb_text admin_label=&#8221;Resources&#8221; _builder_version=&#8221;4.9.4&#8243; _module_preset=&#8221;default&#8221; min_height=&#8221;365px&#8221; custom_padding=&#8221;25px|20px|20px|20px|false|false&#8221;]<\/p>\n<h3 class=\"c-red\" style=\"padding: 0px 0px 20px 0px;\">Recursos<\/h3>\n<table class=\"nsk-site-links-bottom\">\n<tr>\n<td style=\"width: 18px;\"><a href=\"https:\/\/nskmetals.com\/pt-br\/recursos\/literatura\/\"><img decoding=\"async\" src=\"\/images\/gui\/nsk-arrow-white.png\" width=\"12px\"><\/a><\/td>\n<td><a href=\"https:\/\/nskmetals.com\/pt-br\/recursos\/literatura\/\">Literatura<\/a><\/td>\n<\/tr>\n<tr>\n<td style=\"width: 18px;\"><a href=\"\/resources\/case-studies (recursos\/estudos de caso)\"><img decoding=\"async\" src=\"\/images\/gui\/nsk-arrow-white.png\" width=\"12px\"><\/a><\/td>\n<td><a href=\"\/resources\/case-studies (recursos\/estudos de caso)\">Estudos de Caso<\/a><\/td>\n<\/tr>\n<\/table>\n<p>[\/et_pb_text][\/et_pb_column][\/et_pb_row][\/et_pb_section]<\/p>\n","protected":false},"excerpt":{"rendered":"<p>Desde o in\u00edcio do processo de fabrica\u00e7\u00e3o do a\u00e7o, o sequenciamento, o tempoe e o movimento confi\u00e1vel s\u00e3o essenciais. Em fornos e conversores, em temperaturas superiores a 1400 \u00b0C, milhares de toneladas de a\u00e7o fundido se movem lenta e precisamente em est\u00e1gios de rota\u00e7\u00e3o limitada e imp\u00f5em for\u00e7as mec\u00e2nicas severas aos rolamentos de suporte. Qualquer problema de desempenho aqui tem o potencial de parar todo o laminador.<\/p>\n","protected":false},"author":1,"featured_media":0,"parent":6477,"menu_order":1,"comment_status":"closed","ping_status":"closed","template":"","meta":{"_et_pb_use_builder":"on","_et_pb_old_content":"","_et_gb_content_width":"","footnotes":""},"class_list":["post-6478","page","type-page","status-publish","hentry"],"_links":{"self":[{"href":"https:\/\/nskmetals.com\/pt-br\/wp-json\/wp\/v2\/pages\/6478","targetHints":{"allow":["GET"]}}],"collection":[{"href":"https:\/\/nskmetals.com\/pt-br\/wp-json\/wp\/v2\/pages"}],"about":[{"href":"https:\/\/nskmetals.com\/pt-br\/wp-json\/wp\/v2\/types\/page"}],"author":[{"embeddable":true,"href":"https:\/\/nskmetals.com\/pt-br\/wp-json\/wp\/v2\/users\/1"}],"replies":[{"embeddable":true,"href":"https:\/\/nskmetals.com\/pt-br\/wp-json\/wp\/v2\/comments?post=6478"}],"version-history":[{"count":40,"href":"https:\/\/nskmetals.com\/pt-br\/wp-json\/wp\/v2\/pages\/6478\/revisions"}],"predecessor-version":[{"id":7597,"href":"https:\/\/nskmetals.com\/pt-br\/wp-json\/wp\/v2\/pages\/6478\/revisions\/7597"}],"up":[{"embeddable":true,"href":"https:\/\/nskmetals.com\/pt-br\/wp-json\/wp\/v2\/pages\/6477"}],"wp:attachment":[{"href":"https:\/\/nskmetals.com\/pt-br\/wp-json\/wp\/v2\/media?parent=6478"}],"curies":[{"name":"wp","href":"https:\/\/api.w.org\/{rel}","templated":true}]}}