{"id":6501,"date":"2020-12-07T15:03:14","date_gmt":"2020-12-07T15:03:14","guid":{"rendered":"https:\/\/staging.nskmetals.com\/fundicao-continua\/pivos-para-panelas-de-fundicao\/"},"modified":"2025-08-14T15:01:09","modified_gmt":"2025-08-14T15:01:09","slug":"pivos-para-panelas-de-fundicao","status":"publish","type":"page","link":"https:\/\/nskmetals.com\/pt-br\/fundicao-continua\/pivos-para-panelas-de-fundicao\/","title":{"rendered":"PIV\u00d4S PARA PANELAS DE FUNDI\u00c7\u00c3O"},"content":{"rendered":"<p>[et_pb_section fb_built=&#8221;1&#8243; admin_label=&#8221;Category 01 &#8211; Hero Section&#8221; module_class=&#8221;full-width&#8221; _builder_version=&#8221;4.7.4&#8243; _module_preset=&#8221;default&#8221; background_color=&#8221;#595959&#8243; background_image=&#8221;\/images\/99-page-headers\/4A-ladle-turret-hero.jpg&#8221; width=&#8221;100%&#8221; max_width=&#8221;100%&#8221; module_alignment=&#8221;center&#8221; custom_margin=&#8221;0px|0px|0px|0px|false|false&#8221; custom_padding=&#8221;0px|0px|0px|0px|false|false&#8221;][et_pb_row column_structure=&#8221;1_2,1_2&#8243; make_equal=&#8221;on&#8221; _builder_version=&#8221;4.7.4&#8243; _module_preset=&#8221;default&#8221; module_alignment=&#8221;center&#8221; custom_padding=&#8221;0px||0px||false|false&#8221;][et_pb_column type=&#8221;1_2&#8243; _builder_version=&#8221;4.7.4&#8243; _module_preset=&#8221;default&#8221;][et_pb_text _builder_version=&#8221;4.7.4&#8243; _module_preset=&#8221;default&#8221; custom_margin=&#8221;80px||200px||false|false&#8221;]<\/p>\n<h4 class=\"c-white\">LINGOTAMENTO CONT\u00cdNUO<\/h4>\n<h1 class=\"h-category c-white\">PIV\u00d4S PARA PANELAS DE FUNDI\u00c7\u00c3O<\/h1>\n<p>[\/et_pb_text][et_pb_text _builder_version=&#8221;4.9.4&#8243; _module_preset=&#8221;default&#8221; background_color=&#8221;rgba(236,27,59,0.9)&#8221; custom_margin=&#8221;0px||0px||false|false&#8221; custom_padding=&#8221;25px|25px|25px|25px|false|false&#8221;]<\/p>\n<h2 class=\"h-category-subhead\">LENTA E REPETIDAMENTE <br \/>CONFI\u00c1VEL<\/h2>\n<p>[\/et_pb_text][\/et_pb_column][et_pb_column type=&#8221;1_2&#8243; _builder_version=&#8221;4.7.4&#8243; _module_preset=&#8221;default&#8221;][\/et_pb_column][\/et_pb_row][\/et_pb_section][et_pb_section fb_built=&#8221;1&#8243; admin_label=&#8221;Category 02 &#8211; Lead Copy &#8211; Wide Column&#8221; module_class=&#8221;full-width&#8221; _builder_version=&#8221;4.9.4&#8243; _module_preset=&#8221;default&#8221; background_color=&#8221;#ffffff&#8221; width=&#8221;100%&#8221; max_width=&#8221;100%&#8221; module_alignment=&#8221;center&#8221; custom_margin=&#8221;0px|0px|0px|0px|false|false&#8221; custom_padding=&#8221;0px|0px|0px|0px|false|false&#8221;][et_pb_row make_equal=&#8221;on&#8221; _builder_version=&#8221;4.9.4&#8243; _module_preset=&#8221;default&#8221; module_alignment=&#8221;center&#8221; custom_margin=&#8221;0px||0px||false|false&#8221; custom_padding=&#8221;0px||0px||false|false&#8221;][et_pb_column type=&#8221;4_4&#8243; _builder_version=&#8221;4.7.4&#8243; _module_preset=&#8221;default&#8221;][et_pb_text _builder_version=&#8221;4.9.4&#8243; _module_preset=&#8221;default&#8221; custom_margin=&#8221;0px||0px||false|false&#8221; custom_padding=&#8221;45px|25px|45px|25px|false|false&#8221; hover_enabled=&#8221;0&#8243; sticky_enabled=&#8221;0&#8243;]<\/p>\n<p style=\"font-size: 17px;\">No in\u00edcio do processo de fundi\u00e7\u00e3o cont\u00ednua, a panela de fundi\u00e7\u00e3o est\u00e1 em opera\u00e7\u00e3o cont\u00ednua, manuseando cargas pesadas de a\u00e7o fundido, girando lenta e repetidamente em ciclos de 180 graus, com contamina\u00e7\u00e3o e vibra\u00e7\u00e3o e impactos que desafiam constantemente o desempenho do rolamento. Com a NSK, a opera\u00e7\u00e3o suave e confi\u00e1vel da panela \u00e9 alcan\u00e7ada com solu\u00e7\u00f5es de rolamentos altamente especializadas, bem como estrat\u00e9gias de manuten\u00e7\u00e3o personalizadas para gerenciar o desempenho do rolamento e a efici\u00eancia de fundi\u00e7\u00e3o.<\/p>\n<p>[\/et_pb_text][\/et_pb_column][\/et_pb_row][\/et_pb_section][et_pb_section fb_built=&#8221;1&#8243; admin_label=&#8221;Category 03 &#8211; Updated B-Section &#8211; Red &#8211; Image &#8211; Right&#8221; _builder_version=&#8221;4.9.4&#8243; _module_preset=&#8221;default&#8221; background_color=&#8221;#f0f0f0&#8243; custom_margin=&#8221;0px||0px||false|false&#8221; custom_padding=&#8221;60px||60px||false|false&#8221;][et_pb_row column_structure=&#8221;1_2,1_2&#8243; _builder_version=&#8221;4.7.4&#8243; _module_preset=&#8221;default&#8221; background_color=&#8221;#666666&#8243; custom_padding=&#8221;0px|0px|0px|0px|false|false&#8221;][et_pb_column type=&#8221;1_2&#8243; _builder_version=&#8221;4.7.4&#8243; _module_preset=&#8221;default&#8221; custom_css_main_element=&#8221;margin-bottom: 0px;&#8221;][et_pb_text module_class=&#8221;b-panel-text-left&#8221; _builder_version=&#8221;4.9.4&#8243; _module_preset=&#8221;default&#8221; background_color=&#8221;rgba(0,0,0,0)&#8221; custom_margin=&#8221;0px|0px|0px|0px|false|false&#8221; custom_padding=&#8221;||||false|false&#8221;]<\/p>\n<h3 class=\"c-white t-400\" style=\"padding-bottom: 15px;\">SOLU\u00c7\u00d5ES OTIMIZADAS PARA APLICA\u00c7\u00d5ES<\/h3>\n<p class=\"c-white\">Compreender os desafios de nossos clientes e identificar solu\u00e7\u00f5es e melhorias \u00e9 a tarefa primordial. Os especialistas da NSK trabalham com nossos clientes para implementar melhorias incrementais, sustent\u00e1veis e quantific\u00e1veis para oferecer benef\u00edcios duradouros.<\/p>\n<h4 class=\"c-white t-400\" style=\"padding-top: 15px;\">ECONOMIA DE CUSTOS: R$ 1,4 MILH\u00d5ES.<\/h4>\n<p>[\/et_pb_text][\/et_pb_column][et_pb_column type=&#8221;1_2&#8243; _builder_version=&#8221;4.7.4&#8243; _module_preset=&#8221;default&#8221;][et_pb_code admin_label=&#8221;Imagem &#8211; Direito&#8221; module_class=&#8221;nsk-b-process-left&#8221; _builder_version=&#8221;4.7.4&#8243; _module_preset=&#8221;default&#8221; background_color=&#8221;rgba(0,0,0,0)&#8221; text_orientation=&#8221;right&#8221; custom_margin=&#8221;0px|0px|0px|0px|false|false&#8221; custom_padding=&#8221;0px|0px|0px|0px|false|false&#8221;]<\/p>\n<div class=\"b-panel-image-right\"><!-- [et_pb_line_break_holder] --><\/div>\n<p><!-- [et_pb_line_break_holder] --><\/p>\n<div class=\"b-panel-image-right-image-holder\"><!-- [et_pb_line_break_holder] -->  <img decoding=\"async\" class=\"b-panel-image-right-image\" src=\"\/images\/20-continuous-casting\/ladle-turrets\/4A3-process-b-ladle-turrents-brochure-image.png\"><!-- [et_pb_line_break_holder] --><\/div>\n<p><!-- [et_pb_line_break_holder] -->[\/et_pb_code][\/et_pb_column][\/et_pb_row][\/et_pb_section][et_pb_section fb_built=&#8221;1&#8243; admin_label=&#8221;Category 04 &#8211; Related Products&#8221; module_class=&#8221;full-width&#8221; _builder_version=&#8221;4.9.4&#8243; _module_preset=&#8221;default&#8221; background_color=&#8221;#ffffff&#8221; width=&#8221;100%&#8221; max_width=&#8221;100%&#8221; module_alignment=&#8221;center&#8221; custom_margin=&#8221;0px|0px|0px|0px|false|false&#8221; custom_padding=&#8221;0px|0px|0px|0px|false|false&#8221;][et_pb_row make_equal=&#8221;on&#8221; _builder_version=&#8221;4.9.4&#8243; _module_preset=&#8221;default&#8221; module_alignment=&#8221;center&#8221; custom_margin=&#8221;0px||0px||false|false&#8221; custom_padding=&#8221;0px||0px||false|false&#8221;][et_pb_column type=&#8221;4_4&#8243; _builder_version=&#8221;4.7.4&#8243; _module_preset=&#8221;default&#8221;][et_pb_text _builder_version=&#8221;4.9.4&#8243; _module_preset=&#8221;default&#8221; custom_margin=&#8221;0px||0px||false|false&#8221; custom_padding=&#8221;60px||30px||false|false&#8221;]<\/p>\n<h3>PRODUTOS DE ROLAMENTO<\/h3>\n<p>[\/et_pb_text][\/et_pb_column][\/et_pb_row][et_pb_row column_structure=&#8221;1_3,1_3,1_3&#8243; admin_label=&#8221;Produtos Relacionados&#8221; _builder_version=&#8221;4.9.4&#8243; _module_preset=&#8221;default&#8221; custom_margin=&#8221;0px||0px||false|false&#8221; custom_padding=&#8221;0px||0px||false|false&#8221;][et_pb_column type=&#8221;1_3&#8243; _builder_version=&#8221;4.7.4&#8243; _module_preset=&#8221;default&#8221;][et_pb_blurb title=&#8221;ROLAMENTOS DE ANEL GIRAT\u00d3RIO&#8221; image=&#8221;\/images\/50-products\/slewing-ring-bearings\/4A3-Square-Inset-Slewing-Ring.png&#8221; admin_label=&#8221;Slewing Ring Bearings&#8221; _builder_version=&#8221;4.9.4&#8243; _module_preset=&#8221;default&#8221; custom_margin=&#8221;0px||0px||false|false&#8221; custom_padding=&#8221;0px||60px||false|false&#8221; link_option_url=&#8221;https:\/\/nskmetals.com\/pt-br\/produtos\/rolamentos-de-anel-giratorio\/?cat=ladle-turrets&#8221;]<\/p>\n<p>Transferindo for\u00e7as muito altas para suportar cargas radiais, axiais e moment\u00e2neas com movimento repetidamente confi\u00e1vel.<\/p>\n<p class=\"more-link\"><a href=\"https:\/\/nskmetals.com\/pt-br\/produtos\/rolamentos-de-anel-giratorio\/?cat=ladle-turrets\"><img decoding=\"async\" src=\"\/images\/gui\/nsk-arrow-red.png\" width=\"12px\">&nbsp;&nbsp;LEIA MAIS<\/a><\/p>\n<p>[\/et_pb_blurb][\/et_pb_column][et_pb_column type=&#8221;1_3&#8243; _builder_version=&#8221;4.7.4&#8243; _module_preset=&#8221;default&#8221;][\/et_pb_column][et_pb_column type=&#8221;1_3&#8243; _builder_version=&#8221;4.7.4&#8243; _module_preset=&#8221;default&#8221;][\/et_pb_column][\/et_pb_row][\/et_pb_section][et_pb_section fb_built=&#8221;1&#8243; admin_label=&#8221;Category 05 &#8211; Literature and Case Studies &#8211; Updated&#8221; module_class=&#8221;full-width&#8221; _builder_version=&#8221;4.9.4&#8243; _module_preset=&#8221;default&#8221; background_color=&#8221;#f0f0f0&#8243; width=&#8221;100%&#8221; max_width=&#8221;100%&#8221; module_alignment=&#8221;center&#8221; custom_margin=&#8221;0px|0px|0px|0px|false|false&#8221; custom_padding=&#8221;0px|0px|0px|0px|false|false&#8221;][et_pb_row column_structure=&#8221;1_3,1_3,1_3&#8243; _builder_version=&#8221;4.9.4&#8243; _module_preset=&#8221;default&#8221; custom_margin=&#8221;0px||0px||false|false&#8221; custom_padding=&#8221;60px||60px||false|false&#8221;][et_pb_column type=&#8221;1_3&#8243; _builder_version=&#8221;4.7.4&#8243; _module_preset=&#8221;default&#8221;][et_pb_text module_class=&#8221;case-study-links&#8221; _builder_version=&#8221;4.9.4&#8243; _module_preset=&#8221;default&#8221; custom_margin=&#8221;0px||0px||false|false&#8221; custom_padding=&#8221;0px||0px||false|false&#8221;]<\/p>\n<h3 style=\"padding-bottom: 30px;\">Casos de Sucesso<\/h3>\n<table>\n<tr>\n<td class=\"thumbnail-column\"><img decoding=\"async\" class=\"case-study-thumbnail\" src=\"\/images\/70-resources\/case-studies\/thumbnails\/nsk-cs-caster-turret.jpg\"><\/td>\n<td class=\"link-column\">\n<div class=\"t-din t-uppercase t-500\">TORRE DE FUNDI\u00c7\u00c3O<\/div>\n<div><a href=\"https:\/\/nskmetals.com\/pt-br\/recursos\/estudos-de-caso\/torre-de-fundicao\/\"><img decoding=\"async\" src=\"\/images\/gui\/nsk-arrow-red.png\" style=\"width: 12px;\">&nbsp;Acessar a p\u00e1gina<\/a><\/div>\n<div><a href=\"\/documents\/case-studies\/NSK-Case-Study-Caster-Turret.pdf\" target=\"_blank\" rel=\"noopener noreferrer\"><img decoding=\"async\" src=\"\/images\/gui\/nsk-arrow-red.png\" style=\"width: 12px;\">&nbsp;Download de PDF<\/a><\/div>\n<\/td>\n<\/tr>\n<\/table>\n<p>[\/et_pb_text][\/et_pb_column][et_pb_column type=&#8221;1_3&#8243; _builder_version=&#8221;4.7.4&#8243; _module_preset=&#8221;default&#8221;][\/et_pb_column][et_pb_column type=&#8221;1_3&#8243; _builder_version=&#8221;4.7.4&#8243; _module_preset=&#8221;default&#8221;][\/et_pb_column][\/et_pb_row][\/et_pb_section][et_pb_section fb_built=&#8221;1&#8243; admin_label=&#8221;Services | Products | Resoures&#8221; module_id=&#8221;nsk-services-band&#8221; module_class=&#8221;full-width&#8221; _builder_version=&#8221;4.7.4&#8243; _module_preset=&#8221;default&#8221; background_color=&#8221;rgba(0,0,0,0)&#8221; background_image=&#8221;\/images\/99-gui\/services-band-background.jpg&#8221; width=&#8221;100%&#8221; max_width=&#8221;100%&#8221; module_alignment=&#8221;center&#8221; custom_margin=&#8221;0px|0px|0px|0px|false|false&#8221; custom_padding=&#8221;0px|0px|0px|0px|false|false&#8221; global_module=&#8221;574&#8243; saved_tabs=&#8221;all&#8221;][et_pb_row column_structure=&#8221;1_3,1_3,1_3&#8243; make_equal=&#8221;on&#8221; _builder_version=&#8221;4.7.4&#8243; _module_preset=&#8221;default&#8221; custom_margin=&#8221;0px||0px||false|false&#8221; custom_padding=&#8221;70px||70px||false|false&#8221;][et_pb_column type=&#8221;1_3&#8243; _builder_version=&#8221;4.7.4&#8243; _module_preset=&#8221;default&#8221; background_color=&#8221;rgba(0,0,0,0.7)&#8221;][et_pb_text admin_label=&#8221;Technical Support&#8221; _builder_version=&#8221;4.9.4&#8243; _module_preset=&#8221;default&#8221; min_height=&#8221;365px&#8221; custom_padding=&#8221;25px|20px|20px|20px|false|false&#8221;]<\/p>\n<h3 class=\"c-red\" style=\"padding: 0px 0px 20px 0px;\"><span class=\"display-large\">Suporte T\u00e9cnico<\/span><\/h3>\n<table class=\"nsk-site-links-bottom\">\n<tr>\n<td style=\"width: 18px;\"><a href=\"https:\/\/nskmetals.com\/pt-br\/suporte-tecnico\/aip-programa-de-valor-agregado\/\"><img decoding=\"async\" src=\"\/images\/gui\/nsk-arrow-white.png\" width=\"12px\"><\/a><\/td>\n<td><a href=\"https:\/\/nskmetals.com\/pt-br\/suporte-tecnico\/aip-programa-de-valor-agregado\/\">AIP \u2014 Programa de Valor Agregado<\/a><\/td>\n<\/tr>\n<tr>\n<td style=\"width: 18px;\"><a href=\"https:\/\/nskmetals.com\/pt-br\/suporte-tecnico\/especialistas-do-setor\/\"><img decoding=\"async\" src=\"\/images\/gui\/nsk-arrow-white.png\" width=\"12px\"><\/a><\/td>\n<td><a href=\"https:\/\/nskmetals.com\/pt-br\/suporte-tecnico\/especialistas-do-setor\/\">Especialistas do Setor<\/a><\/td>\n<\/tr>\n<tr>\n<td style=\"width: 18px;\"><a href=\"https:\/\/nskmetals.com\/pt-br\/suporte-tecnico\/engenharia-de-aplicacao\/\"><img decoding=\"async\" src=\"\/images\/gui\/nsk-arrow-white.png\" width=\"12px\"><\/a><\/td>\n<td><a href=\"https:\/\/nskmetals.com\/pt-br\/suporte-tecnico\/engenharia-de-aplicacao\/\">Engenharia de Aplica\u00e7\u00e3o<\/a><\/td>\n<\/tr>\n<tr>\n<td style=\"width: 18px;\"><a href=\"https:\/\/nskmetals.com\/pt-br\/suporte-tecnico\/repotencializacao\/\"><img decoding=\"async\" src=\"\/images\/gui\/nsk-arrow-white.png\" width=\"12px\"><\/a><\/td>\n<td><a href=\"https:\/\/nskmetals.com\/pt-br\/suporte-tecnico\/repotencializacao\/\">Repotencializa\u00e7\u00e3o<\/a><\/td>\n<\/tr>\n<tr>\n<td style=\"width: 18px;\"><a href=\"https:\/\/nskmetals.com\/pt-br\/suporte-tecnico\/ferramentas-de-manutencao\/\"><img decoding=\"async\" src=\"\/images\/gui\/nsk-arrow-white.png\" width=\"12px\"><\/a><\/td>\n<td><a href=\"https:\/\/nskmetals.com\/pt-br\/suporte-tecnico\/ferramentas-de-manutencao\/\">Ferramentas de Manuten\u00e7\u00e3o<\/a><\/td>\n<\/tr>\n<\/table>\n<p>[\/et_pb_text][\/et_pb_column][et_pb_column type=&#8221;1_3&#8243; _builder_version=&#8221;4.7.4&#8243; _module_preset=&#8221;default&#8221; background_color=&#8221;rgba(0,0,0,0.7)&#8221;][et_pb_text admin_label=&#8221;Products&#8221; _builder_version=&#8221;4.9.4&#8243; _module_preset=&#8221;default&#8221; min_height=&#8221;365px&#8221; custom_padding=&#8221;25px|20px|20px|20px|false|false&#8221;]<\/p>\n<h3 class=\"c-red\" style=\"padding: 0px 0px 20px 0px;\">Produtos<\/h3>\n<table class=\"nsk-site-links-bottom\">\n<tr>\n<td style=\"width: 18px;\"><a href=\"https:\/\/nskmetals.com\/pt-br\/produtos\/rolamentos-de-rolos\/\"><img decoding=\"async\" src=\"\/images\/gui\/nsk-arrow-white.png\" width=\"12px\"><\/a><\/td>\n<td><a href=\"https:\/\/nskmetals.com\/pt-br\/produtos\/rolamentos-de-rolos\/\">Rolamentos de rolos<\/a><\/td>\n<\/tr>\n<tr>\n<td style=\"width: 18px;\"><a href=\"https:\/\/nskmetals.com\/pt-br\/produtos\/rolamentos-de-esferas\/\"><img decoding=\"async\" src=\"\/images\/gui\/nsk-arrow-white.png\" width=\"12px\"><\/a><\/td>\n<td><a href=\"https:\/\/nskmetals.com\/pt-br\/produtos\/rolamentos-de-esferas\/\">Rolamentos de esferas<\/a><\/td>\n<\/tr>\n<tr>\n<td style=\"width: 18px;\"><a href=\"https:\/\/nskmetals.com\/pt-br\/produtos\/unidades-de-rolamento\/\"><img decoding=\"async\" src=\"\/images\/gui\/nsk-arrow-white.png\" width=\"12px\"><\/a><\/td>\n<td><a href=\"https:\/\/nskmetals.com\/pt-br\/produtos\/unidades-de-rolamento\/\">Unidades de rolamento<\/a><\/td>\n<\/tr>\n<\/table>\n<p>[\/et_pb_text][\/et_pb_column][et_pb_column type=&#8221;1_3&#8243; _builder_version=&#8221;4.7.4&#8243; _module_preset=&#8221;default&#8221; background_color=&#8221;rgba(0,0,0,0.7)&#8221;][et_pb_text admin_label=&#8221;Resources&#8221; _builder_version=&#8221;4.9.4&#8243; _module_preset=&#8221;default&#8221; min_height=&#8221;365px&#8221; custom_padding=&#8221;25px|20px|20px|20px|false|false&#8221;]<\/p>\n<h3 class=\"c-red\" style=\"padding: 0px 0px 20px 0px;\">Recursos<\/h3>\n<table class=\"nsk-site-links-bottom\">\n<tr>\n<td style=\"width: 18px;\"><a href=\"https:\/\/nskmetals.com\/pt-br\/recursos\/literatura\/\"><img decoding=\"async\" src=\"\/images\/gui\/nsk-arrow-white.png\" width=\"12px\"><\/a><\/td>\n<td><a href=\"https:\/\/nskmetals.com\/pt-br\/recursos\/literatura\/\">Literatura<\/a><\/td>\n<\/tr>\n<tr>\n<td style=\"width: 18px;\"><a href=\"https:\/\/nskmetals.com\/pt-br\/recursos\/estudos-de-caso\/\"><img decoding=\"async\" src=\"\/images\/gui\/nsk-arrow-white.png\" width=\"12px\"><\/a><\/td>\n<td><a href=\"https:\/\/nskmetals.com\/pt-br\/recursos\/estudos-de-caso\/\">Estudos de Caso<\/a><\/td>\n<\/tr>\n<\/table>\n<p>[\/et_pb_text][\/et_pb_column][\/et_pb_row][\/et_pb_section]<\/p>\n","protected":false},"excerpt":{"rendered":"<p>No in\u00edcio do processo de lingotamento cont\u00ednuo , a panela de fundi\u00e7\u00e3o est\u00e1 em opera\u00e7\u00e3o constante, manuseando cargas pesadas de a\u00e7o fundido, girando lenta e repetidamente em ciclos de 180 graus, com contamina\u00e7\u00e3o, vibra\u00e7\u00e3o e impactos que desafiam constantemente o desempenho do rolamento. Com a NSK, a opera\u00e7\u00e3o suave e confi\u00e1vel da panela \u00e9 alcan\u00e7ada com solu\u00e7\u00f5es de rolamentos altamente especializadas, bem como estrat\u00e9gias de manuten\u00e7\u00e3o personalizadas para gerenciar o desempenho do rolamento e a efici\u00eancia de fundi\u00e7\u00e3o.<\/p>\n","protected":false},"author":1,"featured_media":0,"parent":6500,"menu_order":1,"comment_status":"closed","ping_status":"closed","template":"","meta":{"_et_pb_use_builder":"on","_et_pb_old_content":"","_et_gb_content_width":"","footnotes":""},"class_list":["post-6501","page","type-page","status-publish","hentry"],"_links":{"self":[{"href":"https:\/\/nskmetals.com\/pt-br\/wp-json\/wp\/v2\/pages\/6501","targetHints":{"allow":["GET"]}}],"collection":[{"href":"https:\/\/nskmetals.com\/pt-br\/wp-json\/wp\/v2\/pages"}],"about":[{"href":"https:\/\/nskmetals.com\/pt-br\/wp-json\/wp\/v2\/types\/page"}],"author":[{"embeddable":true,"href":"https:\/\/nskmetals.com\/pt-br\/wp-json\/wp\/v2\/users\/1"}],"replies":[{"embeddable":true,"href":"https:\/\/nskmetals.com\/pt-br\/wp-json\/wp\/v2\/comments?post=6501"}],"version-history":[{"count":9,"href":"https:\/\/nskmetals.com\/pt-br\/wp-json\/wp\/v2\/pages\/6501\/revisions"}],"predecessor-version":[{"id":7600,"href":"https:\/\/nskmetals.com\/pt-br\/wp-json\/wp\/v2\/pages\/6501\/revisions\/7600"}],"up":[{"embeddable":true,"href":"https:\/\/nskmetals.com\/pt-br\/wp-json\/wp\/v2\/pages\/6500"}],"wp:attachment":[{"href":"https:\/\/nskmetals.com\/pt-br\/wp-json\/wp\/v2\/media?parent=6501"}],"curies":[{"name":"wp","href":"https:\/\/api.w.org\/{rel}","templated":true}]}}