{"id":6525,"date":"2020-12-07T15:07:04","date_gmt":"2020-12-07T15:07:04","guid":{"rendered":"https:\/\/staging.nskmetals.com\/equipamentos-de-processo\/guindastes\/"},"modified":"2025-08-14T15:21:28","modified_gmt":"2025-08-14T15:21:28","slug":"guindastes","status":"publish","type":"page","link":"https:\/\/nskmetals.com\/pt-br\/equipamentos-de-processo\/guindastes\/","title":{"rendered":"PONTES ROLANTES"},"content":{"rendered":"<p>[et_pb_section fb_built=&#8221;1&#8243; admin_label=&#8221;Category 01 &#8211; Hero Section&#8221; module_class=&#8221;full-width&#8221; _builder_version=&#8221;4.7.4&#8243; _module_preset=&#8221;default&#8221; background_color=&#8221;#595959&#8243; background_image=&#8221;\/images\/99-page-headers\/6A-overhead-cranes-hero.jpg&#8221; width=&#8221;100%&#8221; max_width=&#8221;100%&#8221; module_alignment=&#8221;center&#8221; custom_margin=&#8221;0px|0px|0px|0px|false|false&#8221; custom_padding=&#8221;0px|0px|0px|0px|false|false&#8221;][et_pb_row column_structure=&#8221;1_2,1_2&#8243; make_equal=&#8221;on&#8221; _builder_version=&#8221;4.7.4&#8243; _module_preset=&#8221;default&#8221; module_alignment=&#8221;center&#8221; custom_padding=&#8221;0px||0px||false|false&#8221;][et_pb_column type=&#8221;1_2&#8243; _builder_version=&#8221;4.7.4&#8243; _module_preset=&#8221;default&#8221;][et_pb_text _builder_version=&#8221;4.7.4&#8243; _module_preset=&#8221;default&#8221; custom_margin=&#8221;80px||200px||false|false&#8221;]<\/p>\n<h4 class=\"c-white\">EQUIPAMENTOS DE PROCESSO<\/h4>\n<h1 class=\"h-category c-white\">PONTES ROLANTES<\/h1>\n<p>[\/et_pb_text][et_pb_text _builder_version=&#8221;4.7.4&#8243; _module_preset=&#8221;default&#8221; background_color=&#8221;rgba(236,27,59,0.9)&#8221; custom_margin=&#8221;0px||0px||false|false&#8221; custom_padding=&#8221;25px|25px|25px|25px|false|false&#8221;]<\/p>\n<h2 class=\"h-category-subhead\">MOVENDO CARGAS ENORMES <br \/>COM CONFIAN\u00c7A<\/h2>\n<p>[\/et_pb_text][\/et_pb_column][et_pb_column type=&#8221;1_2&#8243; _builder_version=&#8221;4.7.4&#8243; _module_preset=&#8221;default&#8221;][\/et_pb_column][\/et_pb_row][\/et_pb_section][et_pb_section fb_built=&#8221;1&#8243; admin_label=&#8221;Category 02 &#8211; Lead Copy &#8211; Wide Column&#8221; module_class=&#8221;full-width&#8221; _builder_version=&#8221;4.9.4&#8243; _module_preset=&#8221;default&#8221; background_color=&#8221;#ffffff&#8221; width=&#8221;100%&#8221; max_width=&#8221;100%&#8221; module_alignment=&#8221;center&#8221; custom_margin=&#8221;0px|0px|0px|0px|false|false&#8221; custom_padding=&#8221;0px|0px|0px|0px|false|false&#8221;][et_pb_row make_equal=&#8221;on&#8221; _builder_version=&#8221;4.9.4&#8243; _module_preset=&#8221;default&#8221; module_alignment=&#8221;center&#8221; custom_margin=&#8221;0px||0px||false|false&#8221; custom_padding=&#8221;0px||0px||false|false&#8221;][et_pb_column type=&#8221;4_4&#8243; _builder_version=&#8221;4.7.4&#8243; _module_preset=&#8221;default&#8221;][et_pb_text _builder_version=&#8221;4.9.4&#8243; _module_preset=&#8221;default&#8221; custom_margin=&#8221;0px||0px||false|false&#8221; custom_padding=&#8221;60px|25px|65px|25px|false|false&#8221;]<\/p>\n<p style=\"font-size: 17px;\">Desde a movimenta\u00e7\u00e3o de cargas de v\u00e1rias toneladas de a\u00e7o fundido at\u00e9 cargas de v\u00e1rias toneladas de bobinas, os guindastes s\u00e3o os elevadores que mant\u00eam os processos de lamina\u00e7\u00e3o em movimento. Para os rolamentos usados em roldanas de guindaste, blocos de roldana de servi\u00e7o pesado e cubos de roda, as cargas radiais s\u00e3o imensas, a exposi\u00e7\u00e3o ao estresse por calor e contamina\u00e7\u00e3o \u00e9 constante, e o acesso para fins de manuten\u00e7\u00e3o \u00e9 desafiador. A opera\u00e7\u00e3o confi\u00e1vel do rolamento \u00e9 crucial.<\/p>\n<p style=\"font-size: 17px;\">As solu\u00e7\u00f5es de aplica\u00e7\u00e3o comprovada da NSK para as pontes rolantes s\u00e3o igualmente inflex\u00edveis \u2014 proporcionando desempenho robusto e longa vida \u00fatil em condi\u00e7\u00f5es rigorosas com requisitos de manuten\u00e7\u00e3o previs\u00edveis e gerenci\u00e1veis.<\/p>\n<p>[\/et_pb_text][\/et_pb_column][\/et_pb_row][\/et_pb_section][et_pb_section fb_built=&#8221;1&#8243; admin_label=&#8221;Category 03 &#8211; Updated B-Section &#8211; Red &#8211; Image &#8211; Left&#8221; _builder_version=&#8221;4.9.4&#8243; _module_preset=&#8221;default&#8221; background_color=&#8221;#f0f0f0&#8243; custom_margin=&#8221;0px||0px||false|false&#8221; custom_padding=&#8221;60px||60px||false|false&#8221;][et_pb_row column_structure=&#8221;1_2,1_2&#8243; _builder_version=&#8221;4.9.4&#8243; _module_preset=&#8221;default&#8221; background_color=&#8221;#8f1023&#8243; custom_margin=&#8221;0px||0px||false|false&#8221; custom_padding=&#8221;0px|0px|0px|0px|false|false&#8221;][et_pb_column type=&#8221;1_2&#8243; _builder_version=&#8221;4.7.4&#8243; _module_preset=&#8221;default&#8221;][et_pb_code admin_label=&#8221;Imagem &#8211; Esquerda&#8221; module_class=&#8221;nsk-b-process-left&#8221; _builder_version=&#8221;4.7.4&#8243; _module_preset=&#8221;default&#8221; background_color=&#8221;#ec1b3b&#8221; custom_margin=&#8221;0px|0px|0px|0px|false|false&#8221; custom_padding=&#8221;0px|0px|0px|0px|false|false&#8221;]<\/p>\n<div class=\"b-panel-image-left\"><!-- [et_pb_line_break_holder] --><\/div>\n<p><!-- [et_pb_line_break_holder] --><\/p>\n<div class=\"b-panel-image-left-image-holder\"><!-- [et_pb_line_break_holder] -->  <img decoding=\"async\" class=\"b-panel-image-left-image\" src=\"\/images\/40-process-equipment\/overhead-cranes\/6A-process-b-cranes-image.png\"><!-- [et_pb_line_break_holder] --><\/div>\n<p><!-- [et_pb_line_break_holder] -->[\/et_pb_code][\/et_pb_column][et_pb_column type=&#8221;1_2&#8243; _builder_version=&#8221;4.7.4&#8243; _module_preset=&#8221;default&#8221;][et_pb_text admin_label=&#8221;Text &#8211; Right&#8221; module_class=&#8221;b-panel-text-right&#8221; _builder_version=&#8221;4.9.4&#8243; _module_preset=&#8221;default&#8221; background_color=&#8221;rgba(0,0,0,0)&#8221; custom_margin=&#8221;0px|0px|0px|0px|false|false&#8221; custom_padding=&#8221;45px||45px||false|false&#8221;]<\/p>\n<h3 class=\"c-white t-400\" style=\"padding-bottom: 15px;\">SOLU\u00c7\u00d5ES OTIMIZADAS PARA APLICA\u00c7\u00d5ES<\/h3>\n<p class=\"c-white\">Projetados para enfrentar cargas rigorosas em ambientes contaminados e corrosivos, os <span style=\"font-weight: 600;\">rolamentos de rolos cil\u00edndricos de projeto especial da NSK para roldanas de guindaste<\/span> oferecem desempenho e vida operacional otimizados.<\/p>\n<p>[\/et_pb_text][\/et_pb_column][\/et_pb_row][\/et_pb_section][et_pb_section fb_built=&#8221;1&#8243; admin_label=&#8221;Category 04 &#8211; Related Products&#8221; module_class=&#8221;full-width&#8221; _builder_version=&#8221;4.9.4&#8243; _module_preset=&#8221;default&#8221; background_color=&#8221;#ffffff&#8221; width=&#8221;100%&#8221; max_width=&#8221;100%&#8221; module_alignment=&#8221;center&#8221; custom_margin=&#8221;0px|0px|0px|0px|false|false&#8221; custom_padding=&#8221;0px|0px|0px|0px|false|false&#8221;][et_pb_row make_equal=&#8221;on&#8221; _builder_version=&#8221;4.9.4&#8243; _module_preset=&#8221;default&#8221; module_alignment=&#8221;center&#8221; custom_margin=&#8221;0px||0px||false|false&#8221; custom_padding=&#8221;0px||0px||false|false&#8221;][et_pb_column type=&#8221;4_4&#8243; _builder_version=&#8221;4.7.4&#8243; _module_preset=&#8221;default&#8221;][et_pb_text _builder_version=&#8221;4.9.4&#8243; _module_preset=&#8221;default&#8221; custom_margin=&#8221;0px||0px||false|false&#8221; custom_padding=&#8221;60px||30px||false|false&#8221;]<\/p>\n<h3>PRODUTOS DE ROLAMENTO<\/h3>\n<p>[\/et_pb_text][\/et_pb_column][\/et_pb_row][et_pb_row column_structure=&#8221;1_3,1_3,1_3&#8243; admin_label=&#8221;Produtos Relacionados&#8221; _builder_version=&#8221;4.9.4&#8243; _module_preset=&#8221;default&#8221; custom_margin=&#8221;0px||0px||false|false&#8221; custom_padding=&#8221;0px||0px||false|false&#8221;][et_pb_column type=&#8221;1_3&#8243; _builder_version=&#8221;4.7.4&#8243; _module_preset=&#8221;default&#8221;][et_pb_blurb title=&#8221;ROLAMENTOS DE ROLDANAS DE PONTES ROLANTES&#8221; image=&#8221;\/images\/50-products\/roller-bearings\/crane-sheave-bearings\/6A2-Square-Inset-2-Row-Full-Compliment-Cylindrical.png&#8221; admin_label=&#8221;Crane Sheave Bearings&#8221; _builder_version=&#8221;4.9.4&#8243; _module_preset=&#8221;default&#8221; custom_margin=&#8221;0px||0px||false|false&#8221; custom_padding=&#8221;0px||40px||false|false&#8221; link_option_url=&#8221;https:\/\/nskmetals.com\/pt-br\/produtos\/rolamentos-de-rolos\/rolamentos-de-roldanas-de-guindaste\/?cat=overhead-cranes&#8221;]<\/p>\n<p>Projetado para lidar com cargas rigorosas, ambientes contaminados e corrosivos com opera\u00e7\u00e3o confi\u00e1vel.<\/p>\n<p class=\"more-link\"><a href=\"https:\/\/nskmetals.com\/pt-br\/produtos\/rolamentos-de-rolos\/rolamentos-de-roldanas-de-guindaste\/?cat=overhead-cranes\"><img decoding=\"async\" src=\"\/images\/gui\/nsk-arrow-red.png\" width=\"12px\">&nbsp;&nbsp;LEIA MAIS<\/a><\/p>\n<p>[\/et_pb_blurb][\/et_pb_column][et_pb_column type=&#8221;1_3&#8243; _builder_version=&#8221;4.7.4&#8243; _module_preset=&#8221;default&#8221;][et_pb_blurb title=&#8221;ROLAMENTOS AUTOCOMPENSADORES DE ROLOS NSKHPS&#8221; image=&#8221;\/images\/50-products\/roller-bearings\/nskhps-spherical-roller-bearings\/4D2-Square-Inset-NSKHPS-Spherical.png&#8221; admin_label=&#8221;NSKHPS Spherical Roller Bearings&#8221; _builder_version=&#8221;4.9.4&#8243; _module_preset=&#8221;default&#8221; custom_margin=&#8221;0px||0px||false|false&#8221; custom_padding=&#8221;0px||60px||false|false&#8221; link_option_url=&#8221;https:\/\/nskmetals.com\/pt-br\/produtos\/rolamentos-de-rolos\/rolamentos-autocompensadores-de-rolos-nskhps\/?cat=overhead-cranes&#8221;]<\/p>\n<p>Projetados para desempenho superior e longa dura\u00e7\u00e3o, fornecendo maiores capacidades de carga, altas velocidades e longa vida.<\/p>\n<p class=\"more-link\"><a href=\"https:\/\/nskmetals.com\/pt-br\/produtos\/rolamentos-de-rolos\/rolamentos-autocompensadores-de-rolos-nskhps\/?cat=overhead-cranes\"><img decoding=\"async\" src=\"\/images\/gui\/nsk-arrow-red.png\" width=\"12px\">&nbsp;&nbsp;LEIA MAIS<\/a><\/p>\n<p>[\/et_pb_blurb][\/et_pb_column][et_pb_column type=&#8221;1_3&#8243; _builder_version=&#8221;4.7.4&#8243; _module_preset=&#8221;default&#8221;][et_pb_blurb title=&#8221;ROLAMENTOS DE ROLOS CIL\u00cdNDRICOS NSKHPS&#8221; image=&#8221;\/images\/50-products\/roller-bearings\/nskhps-cylindrical-roller-bearings\/4D3-Square-Inset-NSKHPS-Cylindrical.png&#8221; admin_label=&#8221;NSKHPS Cylindrical Roller Bearings&#8221; _builder_version=&#8221;4.9.4&#8243; _module_preset=&#8221;default&#8221; custom_margin=&#8221;0px||0px||false|false&#8221; custom_padding=&#8221;0px||60px||false|false&#8221; link_option_url=&#8221;https:\/\/nskmetals.com\/pt-br\/produtos\/rolamentos-de-rolos\/rolamentos-de-rolos-cilindricos-nskhps\/?cat=overhead-cranes&#8221;]<\/p>\n<p>Alta resist\u00eancia e rigidez para altas cargas e orienta\u00e7\u00e3o superior do rolo para opera\u00e7\u00e3o suave e confi\u00e1vel em alta velocidade.<\/p>\n<p class=\"more-link\"><a href=\"https:\/\/nskmetals.com\/pt-br\/produtos\/rolamentos-de-rolos\/rolamentos-de-rolos-cilindricos-nskhps\/?cat=overhead-cranes\"><img decoding=\"async\" src=\"\/images\/gui\/nsk-arrow-red.png\" width=\"12px\">&nbsp;&nbsp;LEIA MAIS<\/a><\/p>\n<p>[\/et_pb_blurb][\/et_pb_column][\/et_pb_row][et_pb_row column_structure=&#8221;1_3,1_3,1_3&#8243; admin_label=&#8221;Produtos Relacionados&#8221; _builder_version=&#8221;4.9.4&#8243; _module_preset=&#8221;default&#8221; custom_margin=&#8221;0px||0px||false|false&#8221; custom_padding=&#8221;0px||0px||false|false&#8221;][et_pb_column type=&#8221;1_3&#8243; _builder_version=&#8221;4.7.4&#8243; _module_preset=&#8221;default&#8221;][et_pb_blurb title=&#8221;ROLAMENTOS DE ROLOS MOLDED-OIL\u2122&#8221; image=&#8221;\/images\/50-products\/roller-bearings\/molded-oil-bearings\/4D4-Square-Inset-Molded-Oil.png&#8221; admin_label=&#8221;Molded-Oil Roller Bearings&#8221; _builder_version=&#8221;4.9.4&#8243; _module_preset=&#8221;default&#8221; custom_margin=&#8221;0px||0px||false|false&#8221; custom_padding=&#8221;0px||60px||false|false&#8221; link_option_url=&#8221;https:\/\/nskmetals.com\/pt-br\/produtos\/rolamentos-de-rolos\/rolamentos-molded-oil\/?cat=overhead-cranes&#8221;]<\/p>\n<p>Para um fornecimento cont\u00ednuo de lubrificante limpo e opera\u00e7\u00e3o limpa onde o acesso \u00e9 restrito e o tempo de atividade \u00e9 essencial.<\/p>\n<p class=\"more-link\"><a href=\"https:\/\/nskmetals.com\/pt-br\/produtos\/rolamentos-de-rolos\/rolamentos-molded-oil\/?cat=overhead-cranes\"><img decoding=\"async\" src=\"\/images\/gui\/nsk-arrow-red.png\" width=\"12px\">&nbsp;&nbsp;LEIA MAIS<\/a><\/p>\n<p>[\/et_pb_blurb][\/et_pb_column][et_pb_column type=&#8221;1_3&#8243; _builder_version=&#8221;4.7.4&#8243; _module_preset=&#8221;default&#8221;][\/et_pb_column][et_pb_column type=&#8221;1_3&#8243; _builder_version=&#8221;4.7.4&#8243; _module_preset=&#8221;default&#8221;][\/et_pb_column][\/et_pb_row][\/et_pb_section][et_pb_section fb_built=&#8221;1&#8243; admin_label=&#8221;Category 05 &#8211; Literature and Case Studies &#8211; Updated&#8221; module_class=&#8221;full-width&#8221; _builder_version=&#8221;4.9.4&#8243; _module_preset=&#8221;default&#8221; background_color=&#8221;#f0f0f0&#8243; width=&#8221;100%&#8221; max_width=&#8221;100%&#8221; module_alignment=&#8221;center&#8221; custom_margin=&#8221;0px|0px|0px|0px|false|false&#8221; custom_padding=&#8221;0px|0px|0px|0px|false|false&#8221;][et_pb_row column_structure=&#8221;1_3,1_3,1_3&#8243; _builder_version=&#8221;4.9.4&#8243; _module_preset=&#8221;default&#8221; custom_margin=&#8221;0px||0px||false|false&#8221; custom_padding=&#8221;60px||60px||false|false&#8221; hover_enabled=&#8221;0&#8243; sticky_enabled=&#8221;0&#8243;][et_pb_column type=&#8221;1_3&#8243; _builder_version=&#8221;4.7.4&#8243; _module_preset=&#8221;default&#8221;][et_pb_text module_class=&#8221;literature-links&#8221; _builder_version=&#8221;4.9.4&#8243; _module_preset=&#8221;default&#8221; custom_margin=&#8221;0px||0px||false|false&#8221; custom_padding=&#8221;0px||0px||false|false&#8221; hover_enabled=&#8221;0&#8243; sticky_enabled=&#8221;0&#8243;]<\/p>\n<h3 style=\"padding-bottom: 30px;\">Literatura<\/h3>\n<table>\n<tr>\n<td class=\"thumbnail-column\"><img decoding=\"async\" class=\"literature-thumbnail\" src=\"\/documents\/literature-pt\/NSK-Literature-Full-Compliment-Cylindrical-Roller-Bearings-Crane-Sheaves-PT-1.jpg\"><\/td>\n<td class=\"link-column\">\n<div class=\"t-din t-uppercase t-500\">ROLAMENTOS DE ROLOS CIL\u00cdNDRICOS PARA ROLDANAS DE PONTES ROLANTES<\/div>\n<div><a href=\"https:\/\/nskmetals.com\/documents\/literature-pt\/NSK-Literature-Full-Compliment-Cylindrical-Roller-Bearings-Crane-Sheaves-PT.pdf\" target=\"_blank\" rel=\"noopener noreferrer\"><img decoding=\"async\" src=\"\/images\/gui\/nsk-arrow-red.png\" style=\"width: 12px;\">&nbsp;Download de PDF<\/a><\/div>\n<\/td>\n<\/tr>\n<tr>\n<td class=\"thumbnail-column\"><img decoding=\"async\" class=\"literature-thumbnail\" src=\"\/documents\/literature-pt\/NSK-Literature-NSKHPS-Spherical-Roller-Bearings-PT-1.jpg\"><\/td>\n<td class=\"link-column\">\n<div class=\"t-din t-uppercase t-500\">ROLAMENTOS AUTOCOMPENSADORES DE ROLOS NSKHPS<\/div>\n<div><a href=\"\/documents\/literature-pt\/NSK-Literature-NSKHPS-Spherical-Roller-Bearings-PT.pdf\" target=\"_blank\" rel=\"noopener noreferrer\"><img decoding=\"async\" src=\"\/images\/gui\/nsk-arrow-red.png\" style=\"width: 12px;\">&nbsp;Download de PDF<\/a><\/div>\n<\/td>\n<\/tr>\n<\/table>\n<p>[\/et_pb_text][\/et_pb_column][et_pb_column type=&#8221;1_3&#8243; _builder_version=&#8221;4.7.4&#8243; _module_preset=&#8221;default&#8221;][et_pb_text module_class=&#8221;literature-links&#8221; _builder_version=&#8221;4.9.4&#8243; _module_preset=&#8221;default&#8221; custom_margin=&#8221;0px||0px||false|false&#8221; custom_padding=&#8221;0px||0px||false|false&#8221; hover_enabled=&#8221;0&#8243; sticky_enabled=&#8221;0&#8243;]<\/p>\n<h3 style=\"padding-bottom: 30px;\" class=\"display-desktop\">&nbsp;<\/h3>\n<table>\n<tr>\n<td class=\"thumbnail-column\"><img decoding=\"async\" class=\"literature-thumbnail\" src=\"\/documents\/literature-pt\/NSK-Literature-NSKHPS-Cylindrical-Roller-Bearings-PT-1.jpg\"><\/td>\n<td class=\"link-column\">\n<div class=\"t-din t-uppercase t-500\">ROLAMENTOS DE ROLOS CIL\u00cdNDRICOS NSKHPS<\/div>\n<div><a href=\"\/documents\/literature-pt\/NSK-Literature-NSKHPS-Cylindrical-Roller-Bearings-PT.pdf\" target=\"_blank\" rel=\"noopener noreferrer\"><img decoding=\"async\" src=\"\/images\/gui\/nsk-arrow-red.png\" style=\"width: 12px;\">&nbsp;Download de PDF<\/a><\/div>\n<\/td>\n<\/tr>\n<\/table>\n<p>[\/et_pb_text][\/et_pb_column][et_pb_column type=&#8221;1_3&#8243; _builder_version=&#8221;4.7.4&#8243; _module_preset=&#8221;default&#8221;][et_pb_text module_class=&#8221;literature-links&#8221; _builder_version=&#8221;4.9.4&#8243; _module_preset=&#8221;default&#8221; custom_margin=&#8221;0px||0px||false|false&#8221; custom_padding=&#8221;0px||0px||false|false&#8221; hover_enabled=&#8221;0&#8243; sticky_enabled=&#8221;0&#8243;]<\/p>\n<h3 style=\"padding-bottom: 30px;\" class=\"display-desktop\">&nbsp;<\/h3>\n<table>\n<tr>\n<td class=\"thumbnail-column\"><img decoding=\"async\" class=\"literature-thumbnail\" src=\"\/documents\/literature-pt\/NSK-Literature-Molded-Oil-Bearings-PT-1.jpg\"><\/td>\n<td class=\"link-column\">\n<div class=\"t-din t-uppercase t-500\">ROLAMENTOS MOLDED-OIL<\/div>\n<div><a href=\"\/documents\/literature-pt\/NSK-Literature-Molded-Oil-Bearings-PT.pdf\" target=\"_blank\" rel=\"noopener noreferrer\"><img decoding=\"async\" src=\"\/images\/gui\/nsk-arrow-red.png\" style=\"width: 12px;\">&nbsp;Download de PDF<\/a><\/div>\n<\/td>\n<\/tr>\n<\/table>\n<p>[\/et_pb_text][\/et_pb_column][\/et_pb_row][\/et_pb_section][et_pb_section fb_built=&#8221;1&#8243; admin_label=&#8221;Services | Products | Resoures&#8221; module_id=&#8221;nsk-services-band&#8221; module_class=&#8221;full-width&#8221; _builder_version=&#8221;4.7.4&#8243; _module_preset=&#8221;default&#8221; background_color=&#8221;rgba(0,0,0,0)&#8221; background_image=&#8221;\/images\/99-gui\/services-band-background.jpg&#8221; width=&#8221;100%&#8221; max_width=&#8221;100%&#8221; module_alignment=&#8221;center&#8221; custom_margin=&#8221;0px|0px|0px|0px|false|false&#8221; custom_padding=&#8221;0px|0px|0px|0px|false|false&#8221; global_module=&#8221;574&#8243; saved_tabs=&#8221;all&#8221;][et_pb_row column_structure=&#8221;1_3,1_3,1_3&#8243; make_equal=&#8221;on&#8221; _builder_version=&#8221;4.7.4&#8243; _module_preset=&#8221;default&#8221; custom_margin=&#8221;0px||0px||false|false&#8221; custom_padding=&#8221;70px||70px||false|false&#8221;][et_pb_column type=&#8221;1_3&#8243; _builder_version=&#8221;4.7.4&#8243; _module_preset=&#8221;default&#8221; background_color=&#8221;rgba(0,0,0,0.7)&#8221;][et_pb_text admin_label=&#8221;Technical Support&#8221; _builder_version=&#8221;4.7.4&#8243; _module_preset=&#8221;default&#8221; min_height=&#8221;365px&#8221; custom_padding=&#8221;25px|20px|20px|20px|false|false&#8221;]<\/p>\n<h3 class=\"c-red\" style=\"padding: 0px 0px 20px 0px;\"><span class=\"display-large\">Suporte T\u00e9cnico<\/span><\/h3>\n<div style=\"margin: 0px 0px 16px 0px; width: 100%; height: 1px; background: #666666;\"><\/div>\n<p class=\"more-link-white\" style=\"padding: 0px 0px 0px 0px;\"><a href=\"https:\/\/nskmetals.com\/pt-br\/suporte-tecnico\/aip-programa-de-valor-agregado\/\"><span style=\"font-size: 16px; font-weight: 600;\"><img decoding=\"async\" src=\"\/images\/gui\/nsk-arrow-white.png\" width=\"12px\">&nbsp;&nbsp;AIP \u2014 Programa de Valor Agregado<\/span><\/a><\/p>\n<div style=\"margin: 16px 0px 16px 0px; width: 100%; height: 1px; background: #666666;\"><\/div>\n<p class=\"more-link-white\" style=\"padding: 0px 0px 0px 0px;\"><a href=\"\/apoio t\u00e9cnico\/especialistas do setor\"><span style=\"font-size: 16px; font-weight: 600;\"><img decoding=\"async\" src=\"\/images\/gui\/nsk-arrow-white.png\" width=\"12px\">&nbsp;&nbsp;Especialistas do Setor<\/span><\/a><\/p>\n<div style=\"margin: 16px 0px 16px 0px; width: 100%; height: 1px; background: #666666;\"><\/div>\n<p class=\"more-link-white\" style=\"padding: 0px 0px 0px 0px;\"><a href=\"\/technical-support\/application-engineering (suporte t\u00e9cnico\/engenharia de aplicativos)\"><span style=\"font-size: 16px; font-weight: 600;\"><img decoding=\"async\" src=\"\/images\/gui\/nsk-arrow-white.png\" width=\"12px\">&nbsp;&nbsp;Engenharia de Aplica\u00e7\u00e3o<\/span><\/a><\/p>\n<div style=\"margin: 16px 0px 16px 0px; width: 100%; height: 1px; background: #666666;\"><\/div>\n<p class=\"more-link-white\" style=\"padding: 0px 0px 0px 0px;\"><a href=\"\/apoio-t\u00e9cnico\/recondicionamento\"><span style=\"font-size: 16px; font-weight: 600;\"><img decoding=\"async\" src=\"\/images\/gui\/nsk-arrow-white.png\" width=\"12px\">&nbsp;&nbsp;Repotencializa\u00e7\u00e3o<\/span><\/a><\/p>\n<div style=\"margin: 16px 0px 16px 0px; width: 100%; height: 1px; background: #666666;\"><\/div>\n<p class=\"more-link-white\" style=\"padding: 0px 0px 0px 0px;\"><a href=\"\/technical-support\/maintenance-tools (suporte t\u00e9cnico\/ferramentas de manuten\u00e7\u00e3o)\"><span style=\"font-size: 16px; font-weight: 600;\"><img decoding=\"async\" src=\"\/images\/gui\/nsk-arrow-white.png\" width=\"12px\">&nbsp;&nbsp;Ferramentas de Manuten\u00e7\u00e3o<\/span><\/a><\/p>\n<div style=\"margin: 16px 0px 0px 0px; width: 100%; height: 1px; background: #666666;\"><\/div>\n<p>[\/et_pb_text][\/et_pb_column][et_pb_column type=&#8221;1_3&#8243; _builder_version=&#8221;4.7.4&#8243; _module_preset=&#8221;default&#8221; background_color=&#8221;rgba(0,0,0,0.7)&#8221;][et_pb_text admin_label=&#8221;Products&#8221; _builder_version=&#8221;4.7.4&#8243; _module_preset=&#8221;default&#8221; min_height=&#8221;365px&#8221; custom_padding=&#8221;25px|20px|20px|20px|false|false&#8221;]<\/p>\n<h3 class=\"c-red\" style=\"padding: 0px 0px 20px 0px;\">Produtos<\/h3>\n<div style=\"margin: 0px 0px 16px 0px; width: 100%; height: 1px; background: #666666;\"><\/div>\n<p class=\"more-link-white\" style=\"padding: 0px 0px 0px 0px;\"><a href=\"\/produtos\/rolamentos\"><span style=\"font-size: 16px; font-weight: 600;\"><img decoding=\"async\" src=\"\/images\/gui\/nsk-arrow-white.png\" width=\"12px\">&nbsp;&nbsp;Rolamentos de rolos<\/span><\/a><\/p>\n<div style=\"margin: 16px 0px 16px 0px; width: 100%; height: 1px; background: #666666;\"><\/div>\n<p class=\"more-link-white\" style=\"padding: 0px 0px 0px 0px;\"><a href=\"\/produtos\/rolamentos de bola\"><span style=\"font-size: 16px; font-weight: 600;\"><img decoding=\"async\" src=\"\/images\/gui\/nsk-arrow-white.png\" width=\"12px\">&nbsp;&nbsp;Rolamentos de esferas<\/span><\/a><\/p>\n<div style=\"margin: 16px 0px 16px 0px; width: 100%; height: 1px; background: #666666;\"><\/div>\n<p class=\"more-link-white\" style=\"padding: 0px 0px 0px 0px;\"><a href=\"https:\/\/nskmetals.com\/pt-br\/produtos\/unidades-de-rolamento\/\"><span style=\"font-size: 16px; font-weight: 600;\"><img decoding=\"async\" src=\"\/images\/gui\/nsk-arrow-white.png\" width=\"12px\">&nbsp;&nbsp;Unidades de rolamento<\/span><\/a><\/p>\n<div style=\"margin: 16px 0px 16px 0px; width: 100%; height: 1px; background: #666666;\"><\/div>\n<p>[\/et_pb_text][\/et_pb_column][et_pb_column type=&#8221;1_3&#8243; _builder_version=&#8221;4.7.4&#8243; _module_preset=&#8221;default&#8221; background_color=&#8221;rgba(0,0,0,0.7)&#8221;][et_pb_text admin_label=&#8221;Resources&#8221; _builder_version=&#8221;4.7.4&#8243; _module_preset=&#8221;default&#8221; min_height=&#8221;365px&#8221; custom_padding=&#8221;25px|20px|20px|20px|false|false&#8221;]<\/p>\n<h3 class=\"c-red\" style=\"padding: 0px 0px 20px 0px;\">Recursos<\/h3>\n<div style=\"margin: 0px 0px 16px 0px; width: 100%; height: 1px; background: #666666;\"><\/div>\n<p class=\"more-link-white\" style=\"padding: 0px 0px 0px 0px;\"><a href=\"https:\/\/nskmetals.com\/pt-br\/recursos\/literatura\/\"><span style=\"font-size: 16px; font-weight: 600;\"><img decoding=\"async\" src=\"\/images\/gui\/nsk-arrow-white.png\" width=\"12px\">&nbsp;&nbsp;Literatura<\/span><\/a><\/p>\n<div style=\"margin: 16px 0px 16px 0px; width: 100%; height: 1px; background: #666666;\"><\/div>\n<p class=\"more-link-white\" style=\"padding: 0px 0px 0px 0px;\"><a href=\"\/resources\/case-studies (recursos\/estudos de caso)\"><span style=\"font-size: 16px; font-weight: 600;\"><img decoding=\"async\" src=\"\/images\/gui\/nsk-arrow-white.png\" width=\"12px\">&nbsp;&nbsp;Casos de Sucesso<\/span><\/a><\/p>\n<div style=\"margin: 16px 0px 16px 0px; width: 100%; height: 1px; background: #666666;\"><\/div>\n<p>[\/et_pb_text][\/et_pb_column][\/et_pb_row][\/et_pb_section]<\/p>\n","protected":false},"excerpt":{"rendered":"<p>Desde a movimenta\u00e7\u00e3o de cargas de v\u00e1rias toneladas de a\u00e7o fundido at\u00e9 cargas de v\u00e1rias toneladas de bobinas, as pontes rolantes s\u00e3o os elevadores que mant\u00eam os processos de lamina\u00e7\u00e3o em movimento. Para os rolamentos usados em roldanas de guindaste, blocos de roldana de servi\u00e7o pesado e cubos de roda, as cargas radiais s\u00e3o imensas, a exposi\u00e7\u00e3o ao estresse por calor e contamina\u00e7\u00e3o \u00e9 constante, e o acesso para fins de manuten\u00e7\u00e3o \u00e9 desafiador. A opera\u00e7\u00e3o confi\u00e1vel do rolamento \u00e9 crucial.<\/p>\n","protected":false},"author":1,"featured_media":0,"parent":6524,"menu_order":1,"comment_status":"closed","ping_status":"closed","template":"","meta":{"_et_pb_use_builder":"on","_et_pb_old_content":"","_et_gb_content_width":"","footnotes":""},"class_list":["post-6525","page","type-page","status-publish","hentry"],"_links":{"self":[{"href":"https:\/\/nskmetals.com\/pt-br\/wp-json\/wp\/v2\/pages\/6525","targetHints":{"allow":["GET"]}}],"collection":[{"href":"https:\/\/nskmetals.com\/pt-br\/wp-json\/wp\/v2\/pages"}],"about":[{"href":"https:\/\/nskmetals.com\/pt-br\/wp-json\/wp\/v2\/types\/page"}],"author":[{"embeddable":true,"href":"https:\/\/nskmetals.com\/pt-br\/wp-json\/wp\/v2\/users\/1"}],"replies":[{"embeddable":true,"href":"https:\/\/nskmetals.com\/pt-br\/wp-json\/wp\/v2\/comments?post=6525"}],"version-history":[{"count":17,"href":"https:\/\/nskmetals.com\/pt-br\/wp-json\/wp\/v2\/pages\/6525\/revisions"}],"predecessor-version":[{"id":7618,"href":"https:\/\/nskmetals.com\/pt-br\/wp-json\/wp\/v2\/pages\/6525\/revisions\/7618"}],"up":[{"embeddable":true,"href":"https:\/\/nskmetals.com\/pt-br\/wp-json\/wp\/v2\/pages\/6524"}],"wp:attachment":[{"href":"https:\/\/nskmetals.com\/pt-br\/wp-json\/wp\/v2\/media?parent=6525"}],"curies":[{"name":"wp","href":"https:\/\/api.w.org\/{rel}","templated":true}]}}