{"id":6535,"date":"2020-12-07T15:09:01","date_gmt":"2020-12-07T15:09:01","guid":{"rendered":"https:\/\/staging.nskmetals.com\/produtos\/rolamentos-de-esferas\/"},"modified":"2025-08-14T17:17:17","modified_gmt":"2025-08-14T17:17:17","slug":"rolamentos-de-esferas","status":"publish","type":"page","link":"https:\/\/nskmetals.com\/pt-br\/produtos\/rolamentos-de-esferas\/","title":{"rendered":"Rolamentos de esferas"},"content":{"rendered":"<p>[et_pb_section fb_built=&#8221;1&#8243; admin_label=&#8221;Category 01 &#8211; Hero Section&#8221; module_class=&#8221;full-width&#8221; _builder_version=&#8221;4.16&#8243; _module_preset=&#8221;default&#8221; background_color=&#8221;#595959&#8243; background_image=&#8221;\/images\/99-page-headers\/00-home-hero-bof-converter.jpg&#8221; width=&#8221;100%&#8221; max_width=&#8221;100%&#8221; module_alignment=&#8221;center&#8221; custom_margin=&#8221;0px|0px|0px|0px|false|false&#8221; custom_padding=&#8221;0px|0px|0px|0px|false|false&#8221; global_colors_info=&#8221;{}&#8221;][et_pb_row column_structure=&#8221;1_2,1_2&#8243; make_equal=&#8221;on&#8221; _builder_version=&#8221;4.16&#8243; _module_preset=&#8221;default&#8221; module_alignment=&#8221;center&#8221; custom_padding=&#8221;0px||0px||false|false&#8221; global_colors_info=&#8221;{}&#8221;][et_pb_column type=&#8221;1_2&#8243; _builder_version=&#8221;4.16&#8243; _module_preset=&#8221;default&#8221; global_colors_info=&#8221;{}&#8221;][et_pb_text _builder_version=&#8221;4.16&#8243; _module_preset=&#8221;default&#8221; custom_margin=&#8221;80px||200px||false|false&#8221; global_colors_info=&#8221;{}&#8221;]<\/p>\n<h4 class=\"c-white\">Produtos<\/h4>\n<h1 class=\"h-category c-white\">Rolamentos de esferas<\/h1>\n<p>[\/et_pb_text][et_pb_text _builder_version=&#8221;4.16&#8243; _module_preset=&#8221;default&#8221; background_color=&#8221;rgba(236,27,59,0.9)&#8221; custom_margin=&#8221;0px||0px||false|false&#8221; custom_padding=&#8221;25px|25px|25px|25px|false|false&#8221; global_colors_info=&#8221;{}&#8221;]<\/p>\n<h2 class=\"h-category-subhead\">SUAVES, SILENCIOSOS, <br \/>PRECISOS E CONFI\u00c1VEIS<\/h2>\n<p>[\/et_pb_text][\/et_pb_column][et_pb_column type=&#8221;1_2&#8243; _builder_version=&#8221;4.16&#8243; _module_preset=&#8221;default&#8221; global_colors_info=&#8221;{}&#8221;][\/et_pb_column][\/et_pb_row][\/et_pb_section][et_pb_section fb_built=&#8221;1&#8243; admin_label=&#8221;Category 04 &#8211; Related Products&#8221; module_class=&#8221;full-width&#8221; _builder_version=&#8221;4.16&#8243; _module_preset=&#8221;default&#8221; width=&#8221;100%&#8221; max_width=&#8221;100%&#8221; module_alignment=&#8221;center&#8221; custom_margin=&#8221;0px|0px|0px|0px|false|false&#8221; custom_padding=&#8221;0px|0px|0px|0px|false|false&#8221; global_colors_info=&#8221;{}&#8221;][et_pb_row column_structure=&#8221;1_3,1_3,1_3&#8243; admin_label=&#8221;Produtos de rolamentos de esferas&#8221; _builder_version=&#8221;4.16&#8243; _module_preset=&#8221;default&#8221; custom_margin=&#8221;0px||0px||false|false&#8221; custom_padding=&#8221;60px||0px||false|false&#8221; global_colors_info=&#8221;{}&#8221;][et_pb_column type=&#8221;1_3&#8243; _builder_version=&#8221;4.16&#8243; _module_preset=&#8221;default&#8221; global_colors_info=&#8221;{}&#8221;][et_pb_blurb title=&#8221;ROLAMENTOS FIXOS DE ESFERAS&#8221; image=&#8221;\/images\/50-products\/ball-bearings\/deep-groove-ball-bearings\/6C1-Square-Inset-Deep-Groove-Ball-Bearings.png&#8221; admin_label=&#8221;Deep Groove Ball Bearings&#8221; _builder_version=&#8221;4.16&#8243; _module_preset=&#8221;default&#8221; custom_margin=&#8221;0px||0px||false|false&#8221; custom_padding=&#8221;0px||60px||false|false&#8221; link_option_url=&#8221;https:\/\/nskmetals.com\/pt-br\/produtos\/rolamentos-de-esferas\/rolamentos-fixos-de-esferas\/&#8221; hover_enabled=&#8221;0&#8243; global_colors_info=&#8221;{}&#8221; sticky_enabled=&#8221;0&#8243;]<\/p>\n<p>Para desempenho em alta velocidade, com baixo ru\u00eddo e resist\u00eancia ao desgaste em motores, bombas, ventiladores e aplica\u00e7\u00f5es ilimitadas.<\/p>\n<p class=\"more-link\"><a href=\"https:\/\/nskmetals.com\/pt-br\/produtos\/rolamentos-de-esferas\/rolamentos-fixos-de-esferas\/\"><img decoding=\"async\" src=\"\/images\/gui\/nsk-arrow-red.png\" width=\"12px\">&nbsp;&nbsp;LEIA MAIS<\/a><\/p>\n<p>[\/et_pb_blurb][\/et_pb_column][et_pb_column type=&#8221;1_3&#8243; _builder_version=&#8221;4.16&#8243; _module_preset=&#8221;default&#8221; global_colors_info=&#8221;{}&#8221;][et_pb_blurb title=&#8221;ROLAMENTOS DE ESFERAS DE CONTATO ANGULAR DE ALTA CAPACIDADE&#8221; image=&#8221;\/images\/50-products\/ball-bearings\/high-capacity-angular-contact-ball-bearings\/6C4-Square-Inset-HI-CAP-SRAC.png&#8221; admin_label=&#8221;High Capacity Angular Contact Ball Bearings&#8221; _builder_version=&#8221;4.16&#8243; _module_preset=&#8221;default&#8221; custom_margin=&#8221;0px||0px||false|false&#8221; custom_padding=&#8221;0px||60px||false|false&#8221; link_option_url=&#8221;https:\/\/nskmetals.com\/pt-br\/produtos\/rolamentos-de-esferas\/rolamentos-de-esferas-de-contato-angular-de-alta-capacidade\/&#8221; global_colors_info=&#8221;{}&#8221;]<\/p>\n<p>Acomodando tens\u00f5es operacionais em bombas e compressores com altas cargas, altas velocidades e alta precis\u00e3o.<\/p>\n<p class=\"more-link\"><a href=\"https:\/\/nskmetals.com\/pt-br\/produtos\/rolamentos-de-esferas\/rolamentos-de-esferas-de-contato-angular-de-alta-capacidade\/\"><img decoding=\"async\" src=\"\/images\/gui\/nsk-arrow-red.png\" width=\"12px\">&nbsp;&nbsp;LEIA MAIS<\/a><\/p>\n<p>[\/et_pb_blurb][\/et_pb_column][et_pb_column type=&#8221;1_3&#8243; _builder_version=&#8221;4.16&#8243; _module_preset=&#8221;default&#8221; global_colors_info=&#8221;{}&#8221;][et_pb_blurb title=&#8221;ROLAMENTOS MOLDED-OIL\u2122&#8221; image=&#8221;\/images\/50-products\/ball-bearings\/molded-oil-bearings\/6C1-Square-Inset-Molded-Oil-Ball-Bearings.png&#8221; admin_label=&#8221;Molded-Oil Bearings&#8221; _builder_version=&#8221;4.16&#8243; _module_preset=&#8221;default&#8221; custom_margin=&#8221;0px||40px||false|false&#8221; custom_padding=&#8221;0px||0px||false|false&#8221; link_option_url=&#8221;https:\/\/nskmetals.com\/pt-br\/produtos\/rolamentos-de-rolos\/rolamentos-molded-oil\/&#8221; global_colors_info=&#8221;{}&#8221;]<\/p>\n<p>Para um fornecimento cont\u00ednuo de lubrificante limpo e opera\u00e7\u00e3o limpa onde o acesso \u00e9 restrito e o tempo de atividade \u00e9 essencial.<\/p>\n<p class=\"more-link\"><a href=\"https:\/\/nskmetals.com\/pt-br\/produtos\/rolamentos-de-rolos\/rolamentos-molded-oil\/\"><img decoding=\"async\" src=\"\/images\/gui\/nsk-arrow-red.png\" width=\"12px\">&nbsp;&nbsp;LEIA MAIS<\/a><\/p>\n<p>[\/et_pb_blurb][\/et_pb_column][\/et_pb_row][\/et_pb_section][et_pb_section fb_built=&#8221;1&#8243; admin_label=&#8221;Category 05 &#8211; Literature and Case Studies&#8221; module_class=&#8221;full-width&#8221; _builder_version=&#8221;4.16&#8243; _module_preset=&#8221;default&#8221; background_color=&#8221;#f0f0f0&#8243; width=&#8221;100%&#8221; max_width=&#8221;100%&#8221; module_alignment=&#8221;center&#8221; custom_margin=&#8221;0px|0px|0px|0px|false|false&#8221; custom_padding=&#8221;0px|0px|0px|0px|false|false&#8221; global_colors_info=&#8221;{}&#8221;][et_pb_row column_structure=&#8221;1_3,1_3,1_3&#8243; _builder_version=&#8221;4.16&#8243; _module_preset=&#8221;default&#8221; custom_margin=&#8221;0px||0px||false|false&#8221; custom_padding=&#8221;60px||60px||false|false&#8221; global_colors_info=&#8221;{}&#8221;][et_pb_column type=&#8221;1_3&#8243; _builder_version=&#8221;4.16&#8243; _module_preset=&#8221;default&#8221; global_colors_info=&#8221;{}&#8221;][et_pb_text module_class=&#8221;literature-links&#8221; _builder_version=&#8221;4.27.4&#8243; _module_preset=&#8221;default&#8221; custom_margin=&#8221;0px||0px||false|false&#8221; custom_padding=&#8221;0px||0px||false|false&#8221; global_colors_info=&#8221;{}&#8221;]<\/p>\n<h3 style=\"padding-bottom: 30px;\">Literatura<\/h3>\n<table>\n<tbody>\n<tr>\n<td class=\"thumbnail-column\"><img decoding=\"async\" class=\"literature-thumbnail\" src=\"\/documents\/literature\/NSK-Literature-Deep-Groove-Ball-Bearings-1.jpg\" alt=\"NSK-Literature-Deep-Groove-Ball-Bearings\" \/><\/td>\n<td class=\"link-column\">\n<div class=\"t-din t-uppercase t-500\">Deep Groove Ball Bearings<\/div>\n<div><a href=\"\/documents\/literature\/NSK-Literature-Deep-Groove-Ball-Bearings.pdf\" target=\"_blank\" rel=\"noopener noreferrer\"><img decoding=\"async\" src=\"\/images\/gui\/nsk-arrow-red.png\" alt=\"arrow-right-red\" style=\"width: 12px;\" \/>\u00a0PDF Download<\/a><\/div>\n<\/td>\n<\/tr>\n<\/tbody>\n<\/table>\n<p>[\/et_pb_text][\/et_pb_column][et_pb_column type=&#8221;1_3&#8243; _builder_version=&#8221;4.16&#8243; _module_preset=&#8221;default&#8221; global_colors_info=&#8221;{}&#8221;][et_pb_text module_class=&#8221;literature-links&#8221; _builder_version=&#8221;4.16&#8243; _module_preset=&#8221;default&#8221; custom_margin=&#8221;0px||0px||false|false&#8221; custom_padding=&#8221;0px||0px||false|false&#8221; global_colors_info=&#8221;{}&#8221;]<\/p>\n<h3 style=\"padding-bottom: 30px;\">&nbsp;<\/h3>\n<table>\n<tr>\n<td class=\"thumbnail-column\"><img decoding=\"async\" class=\"literature-thumbnail\" src=\"\/documents\/literature-pt\/NSK-Literature-High-Capacity-Angular-Contact-Ball-Bearings-PT-1.jpg\"><\/td>\n<td class=\"link-column\">\n<div class=\"t-din t-uppercase t-500\">ROLAMENTOS DE ESFERAS DE CONTATO ANGULAR DE ALTA CAPACIDADE<\/div>\n<div><a href=\"\/documents\/literature-pt\/NSK-Literature-High-Capacity-Angular-Contact-Ball-Bearings-PT.pdf\" target=\"_blank\" rel=\"noopener noreferrer\"><img decoding=\"async\" src=\"\/images\/gui\/nsk-arrow-red.png\" style=\"width: 12px;\">&nbsp;Download de PDF<\/a><\/div>\n<\/td>\n<\/tr>\n<\/table>\n<p>[\/et_pb_text][\/et_pb_column][et_pb_column type=&#8221;1_3&#8243; _builder_version=&#8221;4.16&#8243; _module_preset=&#8221;default&#8221; global_colors_info=&#8221;{}&#8221;][et_pb_text module_class=&#8221;literature-links&#8221; _builder_version=&#8221;4.16&#8243; _module_preset=&#8221;default&#8221; custom_margin=&#8221;0px||0px||false|false&#8221; custom_padding=&#8221;0px||0px||false|false&#8221; global_colors_info=&#8221;{}&#8221;]<\/p>\n<h3 style=\"padding-bottom: 30px;\" class=\"display-desktop\">&nbsp;<\/h3>\n<table>\n<tr>\n<td class=\"thumbnail-column\"><img decoding=\"async\" class=\"literature-thumbnail\" src=\"\/documents\/literature-pt\/NSK-Literature-Molded-Oil-Bearings-PT-1.jpg\"><\/td>\n<td class=\"link-column\">\n<div class=\"t-din t-uppercase t-500\">ROLAMENTOS MOLDED-OIL<\/div>\n<div><a href=\"\/documents\/literature-pt\/NSK-Literature-Molded-Oil-Bearings-PT.pdf\" target=\"_blank\" rel=\"noopener noreferrer\"><img decoding=\"async\" src=\"\/images\/gui\/nsk-arrow-red.png\" style=\"width: 12px;\">&nbsp;Download de PDF<\/a><\/div>\n<\/td>\n<\/tr>\n<\/table>\n<p>[\/et_pb_text][\/et_pb_column][\/et_pb_row][\/et_pb_section][et_pb_section fb_built=&#8221;1&#8243; admin_label=&#8221;Services | Products | Resoures&#8221; module_id=&#8221;nsk-services-band&#8221; module_class=&#8221;full-width&#8221; _builder_version=&#8221;4.7.4&#8243; _module_preset=&#8221;default&#8221; background_color=&#8221;rgba(0,0,0,0)&#8221; background_image=&#8221;\/images\/99-gui\/services-band-background.jpg&#8221; width=&#8221;100%&#8221; max_width=&#8221;100%&#8221; module_alignment=&#8221;center&#8221; custom_margin=&#8221;0px|0px|0px|0px|false|false&#8221; custom_padding=&#8221;0px|0px|0px|0px|false|false&#8221; global_module=&#8221;574&#8243; saved_tabs=&#8221;all&#8221; global_colors_info=&#8221;{}&#8221;][et_pb_row column_structure=&#8221;1_3,1_3,1_3&#8243; make_equal=&#8221;on&#8221; _builder_version=&#8221;4.16&#8243; _module_preset=&#8221;default&#8221; custom_margin=&#8221;0px||0px||false|false&#8221; custom_padding=&#8221;70px||70px||false|false&#8221; global_colors_info=&#8221;{}&#8221;][et_pb_column type=&#8221;1_3&#8243; _builder_version=&#8221;4.16&#8243; _module_preset=&#8221;default&#8221; background_color=&#8221;rgba(0,0,0,0.7)&#8221; global_colors_info=&#8221;{}&#8221;][et_pb_text admin_label=&#8221;Technical Support&#8221; _builder_version=&#8221;4.16&#8243; _module_preset=&#8221;default&#8221; min_height=&#8221;365px&#8221; custom_padding=&#8221;25px|20px|20px|20px|false|false&#8221; global_colors_info=&#8221;{}&#8221;]<\/p>\n<h3 class=\"c-red\" style=\"padding: 0px 0px 20px 0px;\"><span class=\"display-large\">Suporte T\u00e9cnico<\/span><\/h3>\n<table class=\"nsk-site-links-bottom\">\n<tr>\n<td style=\"width: 18px;\"><a href=\"https:\/\/nskmetals.com\/pt-br\/suporte-tecnico\/aip-programa-de-valor-agregado\/\"><img decoding=\"async\" src=\"\/images\/gui\/nsk-arrow-white.png\" width=\"12px\"><\/a><\/td>\n<td><a href=\"https:\/\/nskmetals.com\/pt-br\/suporte-tecnico\/aip-programa-de-valor-agregado\/\">AIP \u2014 Programa de Valor Agregado<\/a><\/td>\n<\/tr>\n<tr>\n<td style=\"width: 18px;\"><a href=\"\/apoio t\u00e9cnico\/especialistas do setor\"><img decoding=\"async\" src=\"\/images\/gui\/nsk-arrow-white.png\" width=\"12px\"><\/a><\/td>\n<td><a href=\"\/apoio t\u00e9cnico\/especialistas do setor\">Especialistas do Setor<\/a><\/td>\n<\/tr>\n<tr>\n<td style=\"width: 18px;\"><a href=\"\/technical-support\/application-engineering (suporte t\u00e9cnico\/engenharia de aplicativos)\"><img decoding=\"async\" src=\"\/images\/gui\/nsk-arrow-white.png\" width=\"12px\"><\/a><\/td>\n<td><a href=\"\/technical-support\/application-engineering (suporte t\u00e9cnico\/engenharia de aplicativos)\">Engenharia de Aplica\u00e7\u00e3o<\/a><\/td>\n<\/tr>\n<tr>\n<td style=\"width: 18px;\"><a href=\"\/apoio-t\u00e9cnico\/recondicionamento\"><img decoding=\"async\" src=\"\/images\/gui\/nsk-arrow-white.png\" width=\"12px\"><\/a><\/td>\n<td><a href=\"\/apoio-t\u00e9cnico\/recondicionamento\">Repotencializa\u00e7\u00e3o<\/a><\/td>\n<\/tr>\n<tr>\n<td style=\"width: 18px;\"><a href=\"\/technical-support\/maintenance-tools (suporte t\u00e9cnico\/ferramentas de manuten\u00e7\u00e3o)\"><img decoding=\"async\" src=\"\/images\/gui\/nsk-arrow-white.png\" width=\"12px\"><\/a><\/td>\n<td><a href=\"\/technical-support\/maintenance-tools (suporte t\u00e9cnico\/ferramentas de manuten\u00e7\u00e3o)\">Ferramentas de Manuten\u00e7\u00e3o<\/a><\/td>\n<\/tr>\n<\/table>\n<p>[\/et_pb_text][\/et_pb_column][et_pb_column type=&#8221;1_3&#8243; _builder_version=&#8221;4.16&#8243; _module_preset=&#8221;default&#8221; background_color=&#8221;rgba(0,0,0,0.7)&#8221; global_colors_info=&#8221;{}&#8221;][et_pb_text admin_label=&#8221;Products&#8221; _builder_version=&#8221;4.16&#8243; _module_preset=&#8221;default&#8221; min_height=&#8221;365px&#8221; custom_padding=&#8221;25px|20px|20px|20px|false|false&#8221; global_colors_info=&#8221;{}&#8221;]<\/p>\n<h3 class=\"c-red\" style=\"padding: 0px 0px 20px 0px;\">Produtos<\/h3>\n<table class=\"nsk-site-links-bottom\">\n<tr>\n<td style=\"width: 18px;\"><a href=\"\/produtos\/rolamentos\"><img decoding=\"async\" src=\"\/images\/gui\/nsk-arrow-white.png\" width=\"12px\"><\/a><\/td>\n<td><a href=\"\/produtos\/rolamentos\">Rolamentos de rolos<\/a><\/td>\n<\/tr>\n<tr>\n<td style=\"width: 18px;\"><a href=\"\/produtos\/rolamentos de bola\"><img decoding=\"async\" src=\"\/images\/gui\/nsk-arrow-white.png\" width=\"12px\"><\/a><\/td>\n<td><a href=\"\/produtos\/rolamentos de bola\">Rolamentos de esferas<\/a><\/td>\n<\/tr>\n<tr>\n<td style=\"width: 18px;\"><a href=\"https:\/\/nskmetals.com\/pt-br\/produtos\/unidades-de-rolamento\/\"><img decoding=\"async\" src=\"\/images\/gui\/nsk-arrow-white.png\" width=\"12px\"><\/a><\/td>\n<td><a href=\"https:\/\/nskmetals.com\/pt-br\/produtos\/unidades-de-rolamento\/\">Unidades de rolamento<\/a><\/td>\n<\/tr>\n<\/table>\n<p>[\/et_pb_text][\/et_pb_column][et_pb_column type=&#8221;1_3&#8243; _builder_version=&#8221;4.16&#8243; _module_preset=&#8221;default&#8221; background_color=&#8221;rgba(0,0,0,0.7)&#8221; global_colors_info=&#8221;{}&#8221;][et_pb_text admin_label=&#8221;Resources&#8221; _builder_version=&#8221;4.16&#8243; _module_preset=&#8221;default&#8221; min_height=&#8221;365px&#8221; custom_padding=&#8221;25px|20px|20px|20px|false|false&#8221; global_colors_info=&#8221;{}&#8221;]<\/p>\n<h3 class=\"c-red\" style=\"padding: 0px 0px 20px 0px;\">Recursos<\/h3>\n<table class=\"nsk-site-links-bottom\">\n<tr>\n<td style=\"width: 18px;\"><a href=\"https:\/\/nskmetals.com\/pt-br\/recursos\/literatura\/\"><img decoding=\"async\" src=\"\/images\/gui\/nsk-arrow-white.png\" width=\"12px\"><\/a><\/td>\n<td><a href=\"https:\/\/nskmetals.com\/pt-br\/recursos\/literatura\/\">Literatura<\/a><\/td>\n<\/tr>\n<tr>\n<td style=\"width: 18px;\"><a href=\"\/resources\/case-studies (recursos\/estudos de caso)\"><img decoding=\"async\" src=\"\/images\/gui\/nsk-arrow-white.png\" width=\"12px\"><\/a><\/td>\n<td><a href=\"\/resources\/case-studies (recursos\/estudos de caso)\">Casos de Sucesso<\/a><\/td>\n<\/tr>\n<\/table>\n<p>[\/et_pb_text][\/et_pb_column][\/et_pb_row][\/et_pb_section]<\/p>\n","protected":false},"excerpt":{"rendered":"<p>Produtos Rolamentos de esferasSUAVES, SILENCIOSOS, PRECISOS E CONFI\u00c1VEISPara desempenho em alta velocidade, com baixo ru\u00eddo e resist\u00eancia ao desgaste em motores, bombas, ventiladores e aplica\u00e7\u00f5es ilimitadas. &nbsp;&nbsp;LEIA MAISAcomodando tens\u00f5es operacionais em bombas e compressores com altas cargas, altas velocidades e alta precis\u00e3o. &nbsp;&nbsp;LEIA MAISPara um fornecimento cont\u00ednuo de lubrificante limpo e opera\u00e7\u00e3o limpa onde o [&hellip;]<\/p>\n","protected":false},"author":1,"featured_media":0,"parent":6534,"menu_order":2,"comment_status":"closed","ping_status":"closed","template":"","meta":{"_et_pb_use_builder":"on","_et_pb_old_content":"","_et_gb_content_width":"","footnotes":""},"class_list":["post-6535","page","type-page","status-publish","hentry"],"_links":{"self":[{"href":"https:\/\/nskmetals.com\/pt-br\/wp-json\/wp\/v2\/pages\/6535","targetHints":{"allow":["GET"]}}],"collection":[{"href":"https:\/\/nskmetals.com\/pt-br\/wp-json\/wp\/v2\/pages"}],"about":[{"href":"https:\/\/nskmetals.com\/pt-br\/wp-json\/wp\/v2\/types\/page"}],"author":[{"embeddable":true,"href":"https:\/\/nskmetals.com\/pt-br\/wp-json\/wp\/v2\/users\/1"}],"replies":[{"embeddable":true,"href":"https:\/\/nskmetals.com\/pt-br\/wp-json\/wp\/v2\/comments?post=6535"}],"version-history":[{"count":30,"href":"https:\/\/nskmetals.com\/pt-br\/wp-json\/wp\/v2\/pages\/6535\/revisions"}],"predecessor-version":[{"id":7662,"href":"https:\/\/nskmetals.com\/pt-br\/wp-json\/wp\/v2\/pages\/6535\/revisions\/7662"}],"up":[{"embeddable":true,"href":"https:\/\/nskmetals.com\/pt-br\/wp-json\/wp\/v2\/pages\/6534"}],"wp:attachment":[{"href":"https:\/\/nskmetals.com\/pt-br\/wp-json\/wp\/v2\/media?parent=6535"}],"curies":[{"name":"wp","href":"https:\/\/api.w.org\/{rel}","templated":true}]}}