{"id":6538,"date":"2020-12-15T18:50:48","date_gmt":"2020-12-15T18:50:48","guid":{"rendered":"https:\/\/staging.nskmetals.com\/produtos\/rolamentos-de-esferas\/rolamentos-fixos-de-esferas\/"},"modified":"2025-08-14T16:41:24","modified_gmt":"2025-08-14T16:41:24","slug":"rolamentos-fixos-de-esferas","status":"publish","type":"page","link":"https:\/\/nskmetals.com\/pt-br\/produtos\/rolamentos-de-esferas\/rolamentos-fixos-de-esferas\/","title":{"rendered":"ROLAMENTOS FIXOS DE ESFERAS"},"content":{"rendered":"<p>[et_pb_section fb_built=&#8221;1&#8243; admin_label=&#8221;Product 01 &#8211; Hero Section&#8221; module_id=&#8221;product-hero-background&#8221; module_class=&#8221;full-width&#8221; _builder_version=&#8221;4.7.4&#8243; _module_preset=&#8221;default&#8221; background_color=&#8221;#595959&#8243; background_image=&#8221;\/images\/99-page-headers\/00-home-hero-bof-converter-product.jpg&#8221; width=&#8221;100%&#8221; max_width=&#8221;100%&#8221; module_alignment=&#8221;center&#8221; custom_margin=&#8221;0px|0px|0px|0px|false|false&#8221; custom_padding=&#8221;0px|0px|0px|0px|false|false&#8221;][et_pb_row column_structure=&#8221;1_2,1_2&#8243; make_equal=&#8221;on&#8221; _builder_version=&#8221;4.7.4&#8243; _module_preset=&#8221;default&#8221; module_alignment=&#8221;center&#8221;][et_pb_column type=&#8221;1_2&#8243; _builder_version=&#8221;4.7.4&#8243; _module_preset=&#8221;default&#8221;][et_pb_text _builder_version=&#8221;4.7.4&#8243; _module_preset=&#8221;default&#8221; custom_margin=&#8221;55px||270px||false|false&#8221;]<\/p>\n<h6 class=\"c-white \">SOLU\u00c7\u00d5ES AVAN\u00c7ADAS DE PRODUTOS<\/h6>\n<h3 class=\"c-white h-product-subhead\">ROLAMENTOS FIXOS DE ESFERAS<\/h2>\n<p>[\/et_pb_text][\/et_pb_column][et_pb_column type=&#8221;1_2&#8243; _builder_version=&#8221;4.7.4&#8243; _module_preset=&#8221;default&#8221;][\/et_pb_column][\/et_pb_row][\/et_pb_section][et_pb_section fb_built=&#8221;1&#8243; admin_label=&#8221;Product 02 &#8211; Lead Copy with Image&#8221; module_class=&#8221;full-width&#8221; _builder_version=&#8221;4.9.4&#8243; _module_preset=&#8221;default&#8221; background_color=&#8221;#ffffff&#8221; width=&#8221;100%&#8221; max_width=&#8221;100%&#8221; module_alignment=&#8221;center&#8221; custom_margin=&#8221;0px|0px|0px|0px|false|false&#8221; custom_padding=&#8221;0px|0px|0px|0px|false|false&#8221;][et_pb_row column_structure=&#8221;1_2,1_2&#8243; make_equal=&#8221;on&#8221; _builder_version=&#8221;4.9.4&#8243; _module_preset=&#8221;default&#8221; module_alignment=&#8221;center&#8221; custom_margin=&#8221;0px||0px||false|false&#8221; custom_padding=&#8221;0px||0px||false|false&#8221;][et_pb_column type=&#8221;1_2&#8243; _builder_version=&#8221;4.7.4&#8243; _module_preset=&#8221;default&#8221;][et_pb_text _builder_version=&#8221;4.9.4&#8243; _module_preset=&#8221;default&#8221; custom_margin=&#8221;0px||0px||false|false&#8221; custom_padding=&#8221;60px|25px|60px||false|false&#8221;]<\/p>\n<p style=\"font-size: 17px !important;\">Os rolamentos fixos de esferas da NSK s\u00e3o projetados para oferecer desempenho insuper\u00e1vel em motores, bombas e uma variedade ilimitada de aplica\u00e7\u00f5es. Esferas de alta precis\u00e3o e superf\u00edcies da pista super acabadas proporcionam uma opera\u00e7\u00e3o suave, silenciosa e resistente ao desgaste. Uma ampla gama de op\u00e7\u00f5es de lubrificantes garante uma opera\u00e7\u00e3o eficiente com baixo ru\u00eddo e baixo torque em altas velocidades, com longa vida em altas temperaturas e com resist\u00eancia superior \u00e0 \u00e1gua. Para ambientes desafiadores, os projetos de veda\u00e7\u00e3o da NSK garantem prote\u00e7\u00e3o contra contaminantes externos para manter o desempenho ideal.<\/p>\n<p style=\"font-size: 17px !important;\">Os rolamentos fixos de esferas da NSK est\u00e3o dispon\u00edveis com uma variedade de materiais especiais, revestimentos, lubrificantes s\u00f3lidos e solu\u00e7\u00f5es de projeto personalizadas para ambientes especiais e aplica\u00e7\u00f5es espec\u00edficas.<\/p>\n<p>[\/et_pb_text][\/et_pb_column][et_pb_column type=&#8221;1_2&#8243; _builder_version=&#8221;4.7.4&#8243; _module_preset=&#8221;default&#8221; custom_css_main_element=&#8221;float: right;&#8221;][et_pb_code module_class=&#8221;product-image-1&#8243; _builder_version=&#8221;4.7.4&#8243; _module_preset=&#8221;default&#8221;]<\/p>\n<div><!-- [et_pb_line_break_holder] -->  <img decoding=\"async\" src=\"\/images\/50-products\/ball-bearings\/deep-groove-ball-bearings\/6C1-Deep-Groove-Ball-Bearings-Pose-1.png\"><!-- [et_pb_line_break_holder] --><\/div>\n<p>[\/et_pb_code][\/et_pb_column][\/et_pb_row][\/et_pb_section][et_pb_section fb_built=&#8221;1&#8243; admin_label=&#8221;Product 04 &#8211; Design Features&#8221; module_class=&#8221;full-width&#8221; _builder_version=&#8221;4.7.4&#8243; _module_preset=&#8221;default&#8221; background_color=&#8221;#f0f0f0&#8243; width=&#8221;100%&#8221; max_width=&#8221;100%&#8221; module_alignment=&#8221;center&#8221; custom_margin=&#8221;0px|0px|0px|0px|false|false&#8221; custom_padding=&#8221;0px|0px|0px|0px|false|false&#8221;][et_pb_row admin_label=&#8221;Subt\u00edtulo&#8221; _builder_version=&#8221;4.9.4&#8243; _module_preset=&#8221;default&#8221; custom_margin=&#8221;0px||0px||false|false&#8221; custom_padding=&#8221;0px||0px||false|false&#8221;][et_pb_column type=&#8221;4_4&#8243; _builder_version=&#8221;4.9.4&#8243; _module_preset=&#8221;default&#8221;][et_pb_text _builder_version=&#8221;4.9.4&#8243; _module_preset=&#8221;default&#8221; custom_margin=&#8221;0px||0px||false|false&#8221; custom_padding=&#8221;60px||2px||false|false&#8221;]<\/p>\n<h3 class=\"c-red\">CARACTER\u00cdSTICAS DO PROJETO<\/h3>\n<p>[\/et_pb_text][\/et_pb_column][\/et_pb_row][et_pb_row column_structure=&#8221;1_2,1_2&#8243; make_equal=&#8221;on&#8221; _builder_version=&#8221;4.9.4&#8243; _module_preset=&#8221;default&#8221; module_alignment=&#8221;center&#8221; custom_margin=&#8221;0px||0px||false|false&#8221; custom_padding=&#8221;0px||60px||false|false&#8221;][et_pb_column type=&#8221;1_2&#8243; _builder_version=&#8221;4.7.4&#8243; _module_preset=&#8221;default&#8221;][et_pb_text _builder_version=&#8221;4.9.4&#8243; _module_preset=&#8221;default&#8221; text_text_color=&#8221;#666666&#8243; background_color=&#8221;rgba(0,0,0,0)&#8221; custom_margin=&#8221;0px||0px||false|false&#8221; custom_padding=&#8221;0px||0px||false|false&#8221;]<\/p>\n<table class=\"nsk-bullet-list-table\">\n<tr>\n<td><img decoding=\"async\" src=\"\/images\/gui\/nsk-bullet-arrow-red.png\"><\/td>\n<td>Fabricado em a\u00e7o ultra limpo para maior resist\u00eancia \u00e0 fadiga<\/td>\n<\/tr>\n<tr>\n<td><img decoding=\"async\" src=\"\/images\/gui\/nsk-bullet-arrow-red.png\"><\/td>\n<td>Esferas de alta qualidade para opera\u00e7\u00e3o silenciosa e suave<\/td>\n<\/tr>\n<tr>\n<td><img decoding=\"async\" src=\"\/images\/gui\/nsk-bullet-arrow-red.png\"><\/td>\n<td>Pistas super acabadas \u2014 minimizam o ru\u00eddo e melhoram a distribui\u00e7\u00e3o e a vida \u00fatil do lubrificante<\/td>\n<\/tr>\n<\/table>\n<p>[\/et_pb_text][\/et_pb_column][et_pb_column type=&#8221;1_2&#8243; _builder_version=&#8221;4.7.4&#8243; _module_preset=&#8221;default&#8221;][et_pb_text _builder_version=&#8221;4.9.4&#8243; _module_preset=&#8221;default&#8221; text_text_color=&#8221;#666666&#8243; background_color=&#8221;rgba(0,0,0,0)&#8221; custom_margin=&#8221;0px||0px||false|false&#8221; custom_padding=&#8221;0px||0px||false|false&#8221;]<\/p>\n<table class=\"nsk-bullet-list-table\">\n<tr>\n<td><img decoding=\"async\" src=\"\/images\/gui\/nsk-bullet-arrow-red.png\"><\/td>\n<td>Com gaiolas de a\u00e7o prensado (padr\u00e3o), poliamida e lat\u00e3o<\/td>\n<\/tr>\n<tr>\n<td><img decoding=\"async\" src=\"\/images\/gui\/nsk-bullet-arrow-red.png\"><\/td>\n<td>Op\u00e7\u00f5es de graxa de alto desempenho para altas velocidades, temperaturas extremas e resist\u00eancia \u00e0 \u00e1gua<\/td>\n<\/tr>\n<tr>\n<td><img decoding=\"async\" src=\"\/images\/gui\/nsk-bullet-arrow-red.png\"><\/td>\n<td>Com veda\u00e7\u00f5es de contato, veda\u00e7\u00f5es de contato leve, veda\u00e7\u00f5es sem contato e prote\u00e7\u00f5es sem contato<\/td>\n<\/tr>\n<\/table>\n<p>[\/et_pb_text][\/et_pb_column][\/et_pb_row][\/et_pb_section][et_pb_section fb_built=&#8221;1&#8243; admin_label=&#8221;Product 04 &#8211; For Industrial Motors&#8221; module_class=&#8221;full-width&#8221; _builder_version=&#8221;4.9.4&#8243; _module_preset=&#8221;default&#8221; background_color=&#8221;#ffffff&#8221; width=&#8221;100%&#8221; max_width=&#8221;100%&#8221; module_alignment=&#8221;center&#8221; custom_margin=&#8221;0px|0px|0px|0px|false|false&#8221; custom_padding=&#8221;0px|0px|0px|0px|false|false&#8221;][et_pb_row column_structure=&#8221;1_2,1_2&#8243; make_equal=&#8221;on&#8221; _builder_version=&#8221;4.9.4&#8243; _module_preset=&#8221;default&#8221; module_alignment=&#8221;center&#8221; custom_margin=&#8221;0px||0px||false|false&#8221; custom_padding=&#8221;0px||0px||false|false&#8221;][et_pb_column type=&#8221;1_2&#8243; _builder_version=&#8221;4.7.4&#8243; _module_preset=&#8221;default&#8221;][et_pb_image src=&#8221;\/images\/50-products\/ball-bearings\/deep-groove-ball-bearings\/6C1-Deep-Groove-Ball-Bearings-Pose-2B.png&#8221; title_text=&#8221;wf-produto-caracter\u00edsticas&#8221; _builder_version=&#8221;4.9.4&#8243; _module_preset=&#8221;default&#8221; width=&#8221;95%&#8221; module_alignment=&#8221;center&#8221; custom_margin=&#8221;0px||0px||false|false&#8221; custom_padding=&#8221;60px||5px||false|false&#8221;][\/et_pb_image][\/et_pb_column][et_pb_column type=&#8221;1_2&#8243; _builder_version=&#8221;4.7.4&#8243; _module_preset=&#8221;default&#8221;][et_pb_text _builder_version=&#8221;4.9.4&#8243; _module_preset=&#8221;default&#8221; text_text_color=&#8221;#666666&#8243; background_color=&#8221;rgba(0,0,0,0)&#8221; custom_margin=&#8221;0px||0px||false|false&#8221; custom_padding=&#8221;60px||60px||false|false&#8221;]<\/p>\n<h3 class=\"c-red\">PARA MOTORES INDUSTRIAIS<\/h3>\n<p style=\"padding-bottom: 8px;\">A NSK oferece uma variedade de solu\u00e7\u00f5es de design perfeitamente combinadas para atender \u00e0s necessidades de baixo atrito, baixo ru\u00eddo, baixa gera\u00e7\u00e3o de calor, baixo consumo de energia, efici\u00eancia e confiabilidade extremamente altas em aplica\u00e7\u00f5es de motores industriais.<\/p>\n<table class=\"nsk-bullet-list-table\">\n<tr>\n<td><img decoding=\"async\" src=\"\/images\/gui\/nsk-bullet-arrow-red.png\"><\/td>\n<td>Tipos de gaiola para alta velocidade, alta efici\u00eancia e desempenho de servi\u00e7o pesado<\/td>\n<\/tr>\n<tr>\n<td><img decoding=\"async\" src=\"\/images\/gui\/nsk-bullet-arrow-red.png\"><\/td>\n<td>Formula\u00e7\u00f5es de graxa para velocidades mais altas e maior resist\u00eancia ao emperramento<\/td>\n<\/tr>\n<tr>\n<td><img decoding=\"async\" src=\"\/images\/gui\/nsk-bullet-arrow-red.png\"><\/td>\n<td>Revestimento de cer\u00e2mica e esferas de cer\u00e2mica para evitar eros\u00e3o el\u00e9trica <\/td>\n<\/tr>\n<tr>\n<td><img decoding=\"async\" src=\"\/images\/gui\/nsk-bullet-arrow-red.png\"><\/td>\n<td>Esferas com tratamento t\u00e9rmico especial para melhorar a resist\u00eancia ao emperramento<\/td>\n<\/tr>\n<tr>\n<td><img decoding=\"async\" src=\"\/images\/gui\/nsk-bullet-arrow-red.png\"><\/td>\n<td>Projetos especiais para reduzir danos causados por deslizamento e corros\u00e3o por contato do rolamento.<\/td>\n<\/tr>\n<\/table>\n<p>[\/et_pb_text][\/et_pb_column][\/et_pb_row][\/et_pb_section][et_pb_section fb_built=&#8221;1&#8243; admin_label=&#8221;Services | Products | Resoures&#8221; module_id=&#8221;nsk-services-band&#8221; module_class=&#8221;full-width&#8221; _builder_version=&#8221;4.7.4&#8243; _module_preset=&#8221;default&#8221; background_color=&#8221;rgba(0,0,0,0)&#8221; background_image=&#8221;\/images\/99-gui\/services-band-background.jpg&#8221; width=&#8221;100%&#8221; max_width=&#8221;100%&#8221; module_alignment=&#8221;center&#8221; custom_margin=&#8221;0px|0px|0px|0px|false|false&#8221; custom_padding=&#8221;0px|0px|0px|0px|false|false&#8221; global_module=&#8221;574&#8243; saved_tabs=&#8221;all&#8221;][et_pb_row column_structure=&#8221;1_3,1_3,1_3&#8243; make_equal=&#8221;on&#8221; _builder_version=&#8221;4.7.4&#8243; _module_preset=&#8221;default&#8221; custom_margin=&#8221;0px||0px||false|false&#8221; custom_padding=&#8221;70px||70px||false|false&#8221;][et_pb_column type=&#8221;1_3&#8243; _builder_version=&#8221;4.7.4&#8243; _module_preset=&#8221;default&#8221; background_color=&#8221;rgba(0,0,0,0.7)&#8221;][et_pb_text admin_label=&#8221;Technical Support&#8221; _builder_version=&#8221;4.7.4&#8243; _module_preset=&#8221;default&#8221; min_height=&#8221;365px&#8221; custom_padding=&#8221;25px|20px|20px|20px|false|false&#8221;]<\/p>\n<h3 class=\"c-red\" style=\"padding: 0px 0px 20px 0px;\">Suporte <span class=\"display-large\">T\u00e9cnico<\/span><\/h3>\n<div style=\"margin: 0px 0px 16px 0px; width: 100%; height: 1px; background: #666666;\"><\/div>\n<p class=\"more-link-white\" style=\"padding: 0px 0px 0px 0px;\"><a href=\"https:\/\/nskmetals.com\/pt-br\/suporte-tecnico\/aip-programa-de-valor-agregado\/\"><span style=\"font-size: 16px; font-weight: 600;\"><img decoding=\"async\" src=\"\/images\/gui\/nsk-arrow-white.png\" width=\"12px\">&nbsp;&nbsp;AIP \u2014 Programa de Valor Agregado<\/span><\/a><\/p>\n<div style=\"margin: 16px 0px 16px 0px; width: 100%; height: 1px; background: #666666;\"><\/div>\n<p class=\"more-link-white\" style=\"padding: 0px 0px 0px 0px;\"><a href=\"https:\/\/nskmetals.com\/pt-br\/suporte-tecnico\/especialistas-do-setor\/\"><span style=\"font-size: 16px; font-weight: 600;\"><img decoding=\"async\" src=\"\/images\/gui\/nsk-arrow-white.png\" width=\"12px\">&nbsp;&nbsp;Especialistas do Setor<\/span><\/a><\/p>\n<div style=\"margin: 16px 0px 16px 0px; width: 100%; height: 1px; background: #666666;\"><\/div>\n<p class=\"more-link-white\" style=\"padding: 0px 0px 0px 0px;\"><a href=\"https:\/\/nskmetals.com\/pt-br\/suporte-tecnico\/engenharia-de-aplicacao\/\"><span style=\"font-size: 16px; font-weight: 600;\"><img decoding=\"async\" src=\"\/images\/gui\/nsk-arrow-white.png\" width=\"12px\">&nbsp;&nbsp;Engenharia de Aplica\u00e7\u00e3o<\/span><\/a><\/p>\n<div style=\"margin: 16px 0px 16px 0px; width: 100%; height: 1px; background: #666666;\"><\/div>\n<p class=\"more-link-white\" style=\"padding: 0px 0px 0px 0px;\"><a href=\"https:\/\/nskmetals.com\/pt-br\/suporte-tecnico\/repotencializacao\/\"><span style=\"font-size: 16px; font-weight: 600;\"><img decoding=\"async\" src=\"\/images\/gui\/nsk-arrow-white.png\" width=\"12px\">&nbsp;&nbsp;Repotencializa\u00e7\u00e3o<\/span><\/a><\/p>\n<div style=\"margin: 16px 0px 16px 0px; width: 100%; height: 1px; background: #666666;\"><\/div>\n<p class=\"more-link-white\" style=\"padding: 0px 0px 0px 0px;\"><a href=\"https:\/\/nskmetals.com\/pt-br\/suporte-tecnico\/ferramentas-de-manutencao\/\"><span style=\"font-size: 16px; font-weight: 600;\"><img decoding=\"async\" src=\"\/images\/gui\/nsk-arrow-white.png\" width=\"12px\">&nbsp;&nbsp;Ferramentas de Manuten\u00e7\u00e3o<\/span><\/a><\/p>\n<div style=\"margin: 16px 0px 0px 0px; width: 100%; height: 1px; background: #666666;\"><\/div>\n<p>[\/et_pb_text][\/et_pb_column][et_pb_column type=&#8221;1_3&#8243; _builder_version=&#8221;4.7.4&#8243; _module_preset=&#8221;default&#8221; background_color=&#8221;rgba(0,0,0,0.7)&#8221;][et_pb_text admin_label=&#8221;Products&#8221; _builder_version=&#8221;4.7.4&#8243; _module_preset=&#8221;default&#8221; min_height=&#8221;365px&#8221; custom_padding=&#8221;25px|20px|20px|20px|false|false&#8221;]<\/p>\n<h3 class=\"c-red\" style=\"padding: 0px 0px 20px 0px;\">Produtos<\/h3>\n<div style=\"margin: 0px 0px 16px 0px; width: 100%; height: 1px; background: #666666;\"><\/div>\n<p class=\"more-link-white\" style=\"padding: 0px 0px 0px 0px;\"><a href=\"https:\/\/nskmetals.com\/pt-br\/produtos\/rolamentos-de-rolos\/\"><span style=\"font-size: 16px; font-weight: 600;\"><img decoding=\"async\" src=\"\/images\/gui\/nsk-arrow-white.png\" width=\"12px\">&nbsp;&nbsp;Rolamentos de rolos<\/span><\/a><\/p>\n<div style=\"margin: 16px 0px 16px 0px; width: 100%; height: 1px; background: #666666;\"><\/div>\n<p class=\"more-link-white\" style=\"padding: 0px 0px 0px 0px;\"><a href=\"https:\/\/nskmetals.com\/pt-br\/produtos\/rolamentos-de-esferas\/\"><span style=\"font-size: 16px; font-weight: 600;\"><img decoding=\"async\" src=\"\/images\/gui\/nsk-arrow-white.png\" width=\"12px\">&nbsp;&nbsp;Rolamentos de esferas<\/span><\/a><\/p>\n<div style=\"margin: 16px 0px 16px 0px; width: 100%; height: 1px; background: #666666;\"><\/div>\n<p class=\"more-link-white\" style=\"padding: 0px 0px 0px 0px;\"><a href=\"https:\/\/nskmetals.com\/pt-br\/produtos\/unidades-de-rolamento\/\"><span style=\"font-size: 16px; font-weight: 600;\"><img decoding=\"async\" src=\"\/images\/gui\/nsk-arrow-white.png\" width=\"12px\">&nbsp;&nbsp;Unidades de rolamento<\/span><\/a><\/p>\n<div style=\"margin: 16px 0px 16px 0px; width: 100%; height: 1px; background: #666666;\"><\/div>\n<p>[\/et_pb_text][\/et_pb_column][et_pb_column type=&#8221;1_3&#8243; _builder_version=&#8221;4.7.4&#8243; _module_preset=&#8221;default&#8221; background_color=&#8221;rgba(0,0,0,0.7)&#8221;][et_pb_text admin_label=&#8221;Resources&#8221; _builder_version=&#8221;4.7.4&#8243; _module_preset=&#8221;default&#8221; min_height=&#8221;365px&#8221; custom_padding=&#8221;25px|20px|20px|20px|false|false&#8221;]<\/p>\n<h3 class=\"c-red\" style=\"padding: 0px 0px 20px 0px;\">Recursos<\/h3>\n<div style=\"margin: 0px 0px 16px 0px; width: 100%; height: 1px; background: #666666;\"><\/div>\n<p class=\"more-link-white\" style=\"padding: 0px 0px 0px 0px;\"><a href=\"https:\/\/nskmetals.com\/pt-br\/recursos\/literatura\/\"><span style=\"font-size: 16px; font-weight: 600;\"><img decoding=\"async\" src=\"\/images\/gui\/nsk-arrow-white.png\" width=\"12px\">&nbsp;&nbsp;Literatura<\/span><\/a><\/p>\n<div style=\"margin: 16px 0px 16px 0px; width: 100%; height: 1px; background: #666666;\"><\/div>\n<p class=\"more-link-white\" style=\"padding: 0px 0px 0px 0px;\"><a href=\"https:\/\/nskmetals.com\/pt-br\/recursos\/estudos-de-caso\/\"><span style=\"font-size: 16px; font-weight: 600;\"><img decoding=\"async\" src=\"\/images\/gui\/nsk-arrow-white.png\" width=\"12px\">&nbsp;&nbsp;Estudos de Caso<\/span><\/a><\/p>\n<div style=\"margin: 16px 0px 16px 0px; width: 100%; height: 1px; background: #666666;\"><\/div>\n<p>[\/et_pb_text][\/et_pb_column][\/et_pb_row][\/et_pb_section]<\/p>\n","protected":false},"excerpt":{"rendered":"<p>Os rolamentos fixos de esferas da NSK s\u00e3o projetados para oferecer desempenho insuper\u00e1vel em motores, bombas e uma variedade ilimitada de aplica\u00e7\u00f5es. Esferas de alta precis\u00e3o e superf\u00edcies da pista super acabadas proporcionam uma opera\u00e7\u00e3o suave, silenciosa e resistente ao desgaste. Uma ampla gama de op\u00e7\u00f5es de lubrificantes garante uma opera\u00e7\u00e3o eficiente com baixo ru\u00eddo e baixo torque em altas velocidades, com longa vida em altas temperaturas e com resist\u00eancia superior \u00e0 \u00e1gua. Para ambientes desafiadores, os projetos de veda\u00e7\u00e3o da NSK garantem prote\u00e7\u00e3o contra contaminantes externos para manter o desempenho ideal.<\/p>\n","protected":false},"author":1,"featured_media":0,"parent":6535,"menu_order":1,"comment_status":"closed","ping_status":"closed","template":"","meta":{"_et_pb_use_builder":"on","_et_pb_old_content":"","_et_gb_content_width":"","footnotes":""},"class_list":["post-6538","page","type-page","status-publish","hentry"],"_links":{"self":[{"href":"https:\/\/nskmetals.com\/pt-br\/wp-json\/wp\/v2\/pages\/6538","targetHints":{"allow":["GET"]}}],"collection":[{"href":"https:\/\/nskmetals.com\/pt-br\/wp-json\/wp\/v2\/pages"}],"about":[{"href":"https:\/\/nskmetals.com\/pt-br\/wp-json\/wp\/v2\/types\/page"}],"author":[{"embeddable":true,"href":"https:\/\/nskmetals.com\/pt-br\/wp-json\/wp\/v2\/users\/1"}],"replies":[{"embeddable":true,"href":"https:\/\/nskmetals.com\/pt-br\/wp-json\/wp\/v2\/comments?post=6538"}],"version-history":[{"count":14,"href":"https:\/\/nskmetals.com\/pt-br\/wp-json\/wp\/v2\/pages\/6538\/revisions"}],"predecessor-version":[{"id":7652,"href":"https:\/\/nskmetals.com\/pt-br\/wp-json\/wp\/v2\/pages\/6538\/revisions\/7652"}],"up":[{"embeddable":true,"href":"https:\/\/nskmetals.com\/pt-br\/wp-json\/wp\/v2\/pages\/6535"}],"wp:attachment":[{"href":"https:\/\/nskmetals.com\/pt-br\/wp-json\/wp\/v2\/media?parent=6538"}],"curies":[{"name":"wp","href":"https:\/\/api.w.org\/{rel}","templated":true}]}}