{"id":6585,"date":"2020-12-15T19:13:14","date_gmt":"2020-12-15T19:13:14","guid":{"rendered":"https:\/\/staging.nskmetals.com\/produtos\/rolamentos-de-rolos\/rolamentos-autocompensadores-de-rolos-vedados\/"},"modified":"2025-08-15T18:25:56","modified_gmt":"2025-08-15T18:25:56","slug":"rolamentos-autocompensadores-de-rolos-vedados","status":"publish","type":"page","link":"https:\/\/nskmetals.com\/pt-br\/produtos\/rolamentos-de-rolos\/rolamentos-autocompensadores-de-rolos-vedados\/","title":{"rendered":"ROLAMENTOS AUTOCOMPENSADORES DE ROLOS VEDADOS"},"content":{"rendered":"<p>[et_pb_section fb_built=&#8221;1&#8243; admin_label=&#8221;Product 01 &#8211; Hero Section&#8221; module_id=&#8221;product-hero-background&#8221; module_class=&#8221;full-width&#8221; _builder_version=&#8221;4.16&#8243; _module_preset=&#8221;default&#8221; background_color=&#8221;#595959&#8243; background_enable_image=&#8221;off&#8221; width=&#8221;100%&#8221; max_width=&#8221;100%&#8221; module_alignment=&#8221;center&#8221; custom_margin=&#8221;0px|0px|0px|0px|false|false&#8221; custom_padding=&#8221;0px|0px|0px|0px|false|false&#8221; global_colors_info=&#8221;{}&#8221;][et_pb_row column_structure=&#8221;1_2,1_2&#8243; make_equal=&#8221;on&#8221; _builder_version=&#8221;4.16&#8243; _module_preset=&#8221;default&#8221; module_alignment=&#8221;center&#8221; global_colors_info=&#8221;{}&#8221;][et_pb_column type=&#8221;1_2&#8243; _builder_version=&#8221;4.16&#8243; _module_preset=&#8221;default&#8221; global_colors_info=&#8221;{}&#8221;][et_pb_text _builder_version=&#8221;4.27.4&#8243; _module_preset=&#8221;default&#8221; custom_margin=&#8221;55px||270px||false|false&#8221; hover_enabled=&#8221;0&#8243; global_colors_info=&#8221;{}&#8221; sticky_enabled=&#8221;0&#8243;]<\/p>\n<h6 class=\"c-white \">SOLU\u00c7\u00d5ES AVAN\u00c7ADAS DE PRODUTOS<\/h6>\n<h3 class=\"c-white h-product-subhead\">ROLAMENTOS AUTOCOMPENSADORES DE ROLOS VEDADOS<\/h2>\n<p>[\/et_pb_text][\/et_pb_column][et_pb_column type=&#8221;1_2&#8243; _builder_version=&#8221;4.16&#8243; _module_preset=&#8221;default&#8221; global_colors_info=&#8221;{}&#8221;][\/et_pb_column][\/et_pb_row][\/et_pb_section][et_pb_section fb_built=&#8221;1&#8243; admin_label=&#8221;Product 02 &#8211; Lead Copy with Image&#8221; module_class=&#8221;full-width&#8221; _builder_version=&#8221;4.16&#8243; _module_preset=&#8221;default&#8221; background_color=&#8221;#ffffff&#8221; width=&#8221;100%&#8221; max_width=&#8221;100%&#8221; module_alignment=&#8221;center&#8221; custom_margin=&#8221;0px|0px|0px|0px|false|false&#8221; custom_padding=&#8221;0px|0px|0px|0px|false|false&#8221; global_colors_info=&#8221;{}&#8221;][et_pb_row column_structure=&#8221;1_2,1_2&#8243; make_equal=&#8221;on&#8221; _builder_version=&#8221;4.16&#8243; _module_preset=&#8221;default&#8221; module_alignment=&#8221;center&#8221; custom_margin=&#8221;0px||0px||false|false&#8221; custom_padding=&#8221;0px||0px||false|false&#8221; global_colors_info=&#8221;{}&#8221;][et_pb_column type=&#8221;1_2&#8243; _builder_version=&#8221;4.16&#8243; _module_preset=&#8221;default&#8221; global_colors_info=&#8221;{}&#8221;][et_pb_text _builder_version=&#8221;4.16&#8243; _module_preset=&#8221;default&#8221; custom_margin=&#8221;0px||0px||false|false&#8221; custom_padding=&#8221;60px|25px|60px||false|false&#8221; global_colors_info=&#8221;{}&#8221;]<\/p>\n<p style=\"font-size: 17px !important;\">Os fabricantes de ferro e a\u00e7o exigem equipamentos altamente confi\u00e1veis que possam suportar as condi\u00e7\u00f5es mais adversas, uma quantidade implac\u00e1vel de part\u00edculas, intrus\u00e3o de \u00e1gua e calor extremo. Para essas condi\u00e7\u00f5es operacionais de alta carga e alta contamina\u00e7\u00e3o, a NSK projetou nosso rolamento autocompensador de rolos vedado. Com uma veda\u00e7\u00e3o de contato altamente eficaz e pr\u00e9-lubrificada com graxa de longa dura\u00e7\u00e3o, nosso projeto vedado tamb\u00e9m oferece desempenho de alta capacidade inflex\u00edvel para uma vida operacional longa e confi\u00e1vel.<\/p>\n<p>[\/et_pb_text][\/et_pb_column][et_pb_column type=&#8221;1_2&#8243; _builder_version=&#8221;4.16&#8243; _module_preset=&#8221;default&#8221; custom_css_main_element=&#8221;float: right;&#8221; global_colors_info=&#8221;{}&#8221;][et_pb_code module_class=&#8221;product-image-1&#8243; _builder_version=&#8221;4.16&#8243; _module_preset=&#8221;default&#8221; global_colors_info=&#8221;{}&#8221;]<\/p>\n<div><!-- [et_pb_line_break_holder] -->  <img decoding=\"async\" src=\"\/images\/50-products\/roller-bearings\/sealed-spherical-roller-bearings\/4D1-Combined-Sealed-Spherical.png\"><!-- [et_pb_line_break_holder] --><\/div>\n<p>[\/et_pb_code][\/et_pb_column][\/et_pb_row][\/et_pb_section][et_pb_section fb_built=&#8221;1&#8243; admin_label=&#8221;Product 04 &#8211; Design Features&#8221; module_class=&#8221;full-width&#8221; _builder_version=&#8221;4.16&#8243; _module_preset=&#8221;default&#8221; background_color=&#8221;#f0f0f0&#8243; width=&#8221;100%&#8221; max_width=&#8221;100%&#8221; module_alignment=&#8221;center&#8221; custom_margin=&#8221;0px|0px|0px|0px|false|false&#8221; custom_padding=&#8221;0px|0px|0px|0px|false|false&#8221; global_colors_info=&#8221;{}&#8221;][et_pb_row column_structure=&#8221;1_2,1_2&#8243; make_equal=&#8221;on&#8221; _builder_version=&#8221;4.16&#8243; _module_preset=&#8221;default&#8221; module_alignment=&#8221;center&#8221; custom_margin=&#8221;0px||0px||false|false&#8221; custom_padding=&#8221;0px||0px||false|false&#8221; global_colors_info=&#8221;{}&#8221;][et_pb_column type=&#8221;1_2&#8243; _builder_version=&#8221;4.16&#8243; _module_preset=&#8221;default&#8221; global_colors_info=&#8221;{}&#8221;][et_pb_text _builder_version=&#8221;4.16&#8243; _module_preset=&#8221;default&#8221; background_color=&#8221;rgba(0,0,0,0)&#8221; custom_margin=&#8221;0px||0px||false|false&#8221; custom_padding=&#8221;60px||60px||false|false&#8221; global_colors_info=&#8221;{}&#8221;]<\/p>\n<h3 class=\"c-red\">CARACTER\u00cdSTICAS DO PROJETO<\/h3>\n<table class=\"nsk-bullet-list-table\">\n<td><img decoding=\"async\" src=\"\/images\/gui\/nsk-bullet-arrow-red.png\"><\/td>\n<td>Fabricado com a\u00e7o de alta pureza para resist\u00eancia superior \u00e0 fadiga<\/td>\n<\/tr>\n<tr>\n<td><img decoding=\"async\" src=\"\/images\/gui\/nsk-bullet-arrow-red.png\"><\/td>\n<td>Design interno otimizado de alta capacidade<\/td>\n<\/tr>\n<tr>\n<td><img decoding=\"async\" src=\"\/images\/gui\/nsk-bullet-arrow-red.png\"><\/td>\n<td>Veda\u00e7\u00e3o de contato altamente eficaz<\/td>\n<\/tr>\n<tr>\n<td><img decoding=\"async\" src=\"\/images\/gui\/nsk-bullet-arrow-red.png\"><\/td>\n<td>Pr\u00e9-lubrificado com graxa de longa dura\u00e7\u00e3o especialmente formulada<\/td>\n<\/tr>\n<tr>\n<td><img decoding=\"async\" src=\"\/images\/gui\/nsk-bullet-arrow-red.png\"><\/td>\n<td>Com gaiolas de lat\u00e3o estampado endurecido com superf\u00edcie resistente ao desgaste<\/td>\n<\/tr>\n<tr>\n<td><img decoding=\"async\" src=\"\/images\/gui\/nsk-bullet-arrow-red.png\"><\/td>\n<td>Acabamento avan\u00e7ado da superf\u00edcie da pista para durabilidade e resist\u00eancia ao desgaste<\/td>\n<\/tr>\n<\/table>\n<p>[\/et_pb_text][\/et_pb_column][et_pb_column type=&#8221;1_2&#8243; _builder_version=&#8221;4.16&#8243; _module_preset=&#8221;default&#8221; global_colors_info=&#8221;{}&#8221;][et_pb_text admin_label=&#8221;Proven Advantages&#8221; _builder_version=&#8221;4.16&#8243; _module_preset=&#8221;default&#8221; background_color=&#8221;rgba(0,0,0,0)&#8221; custom_margin=&#8221;0px||0px||false|false&#8221; custom_padding=&#8221;60px||60px||false|false&#8221; global_colors_info=&#8221;{}&#8221;]<\/p>\n<h3 class=\"c-red\">VANTAGENS COMPROVADAS<\/h3>\n<table class=\"nsk-bullet-list-table\">\n<tr>\n<td><img decoding=\"async\" src=\"\/images\/gui\/nsk-bullet-arrow-red.png\"><\/td>\n<td>Vida operacional mais longa do rolamento alcan\u00e7ada em ambientes contaminados com \u00e1gua e part\u00edculas<\/td>\n<\/tr>\n<tr>\n<td><img decoding=\"async\" src=\"\/images\/gui\/nsk-bullet-arrow-red.png\"><\/td>\n<td>Reduz os custos de manuten\u00e7\u00e3o e o consumo de graxa<\/td>\n<\/tr>\n<tr>\n<td><img decoding=\"async\" src=\"\/images\/gui\/nsk-bullet-arrow-red.png\"><\/td>\n<td>Promove um ambiente de trabalho mais limpo<\/td>\n<\/tr>\n<\/table>\n<p>[\/et_pb_text][\/et_pb_column][\/et_pb_row][\/et_pb_section][et_pb_section fb_built=&#8221;1&#8243; admin_label=&#8221;Services | Products | Resoures&#8221; module_id=&#8221;nsk-services-band&#8221; module_class=&#8221;full-width&#8221; _builder_version=&#8221;4.9.4&#8243; _module_preset=&#8221;default&#8221; background_color=&#8221;RGBA(0,0,0,0)&#8221; background_image=&#8221;\/images\/99-gui\/services-band-background.jpg&#8221; width=&#8221;100%&#8221; max_width=&#8221;100%&#8221; module_alignment=&#8221;center&#8221; custom_margin=&#8221;0px|0px|0px|0px|false|false&#8221; custom_padding=&#8221;0px|0px|0px|0px|false|false&#8221; global_module=&#8221;574&#8243; saved_tabs=&#8221;all&#8221; global_colors_info=&#8221;{}&#8221;][et_pb_row column_structure=&#8221;1_3,1_3,1_3&#8243; make_equal=&#8221;on&#8221; _builder_version=&#8221;4.16&#8243; _module_preset=&#8221;default&#8221; custom_margin=&#8221;0px||0px||false|false&#8221; custom_padding=&#8221;70px||70px||false|false&#8221; global_colors_info=&#8221;{}&#8221;][et_pb_column type=&#8221;1_3&#8243; _builder_version=&#8221;4.16&#8243; _module_preset=&#8221;default&#8221; background_color=&#8221;rgba(0,0,0,0.7)&#8221; global_colors_info=&#8221;{}&#8221;][et_pb_text admin_label=&#8221;Technical Support&#8221; _builder_version=&#8221;4.16&#8243; _module_preset=&#8221;default&#8221; min_height=&#8221;365px&#8221; custom_padding=&#8221;25px|20px|20px|20px|false|false&#8221; global_colors_info=&#8221;{}&#8221;]<\/p>\n<h3 class=\"c-red\" style=\"padding: 0px 0px 20px 0px;\">Suporte <span class=\"display-large\">T\u00e9cnico<\/span><\/h3>\n<table class=\"nsk-site-links-bottom\">\n<tr>\n<td style=\"width: 18px;\"><a href=\"https:\/\/nskmetals.com\/pt-br\/suporte-tecnico\/aip-programa-de-valor-agregado\/\"><img decoding=\"async\" src=\"\/images\/gui\/nsk-arrow-white.png\" width=\"12px\"><\/a><\/td>\n<td><a href=\"https:\/\/nskmetals.com\/pt-br\/suporte-tecnico\/aip-programa-de-valor-agregado\/\">AIP \u2014 Programa de Valor Agregado<\/a><\/td>\n<\/tr>\n<tr>\n<td style=\"width: 18px;\"><a href=\"https:\/\/nskmetals.com\/pt-br\/suporte-tecnico\/especialistas-do-setor\/\"><img decoding=\"async\" src=\"\/images\/gui\/nsk-arrow-white.png\" width=\"12px\"><\/a><\/td>\n<td><a href=\"https:\/\/nskmetals.com\/pt-br\/suporte-tecnico\/especialistas-do-setor\/\">Especialistas do Setor<\/a><\/td>\n<\/tr>\n<tr>\n<td style=\"width: 18px;\"><a href=\"https:\/\/nskmetals.com\/pt-br\/suporte-tecnico\/engenharia-de-aplicacao\/\"><img decoding=\"async\" src=\"\/images\/gui\/nsk-arrow-white.png\" width=\"12px\"><\/a><\/td>\n<td><a href=\"https:\/\/nskmetals.com\/pt-br\/suporte-tecnico\/engenharia-de-aplicacao\/\">Engenharia de Aplica\u00e7\u00e3o<\/a><\/td>\n<\/tr>\n<tr>\n<td style=\"width: 18px;\"><a href=\"https:\/\/nskmetals.com\/pt-br\/suporte-tecnico\/repotencializacao\/\"><img decoding=\"async\" src=\"\/images\/gui\/nsk-arrow-white.png\" width=\"12px\"><\/a><\/td>\n<td><a href=\"https:\/\/nskmetals.com\/pt-br\/suporte-tecnico\/repotencializacao\/\">Repotencializa\u00e7\u00e3o<\/a><\/td>\n<\/tr>\n<tr>\n<td style=\"width: 18px;\"><a href=\"https:\/\/nskmetals.com\/pt-br\/suporte-tecnico\/ferramentas-de-manutencao\/\"><img decoding=\"async\" src=\"\/images\/gui\/nsk-arrow-white.png\" width=\"12px\"><\/a><\/td>\n<td><a href=\"https:\/\/nskmetals.com\/pt-br\/suporte-tecnico\/ferramentas-de-manutencao\/\">Ferramentas de Manuten\u00e7\u00e3o<\/a><\/td>\n<\/tr>\n<\/table>\n<p>[\/et_pb_text][\/et_pb_column][et_pb_column type=&#8221;1_3&#8243; _builder_version=&#8221;4.16&#8243; _module_preset=&#8221;default&#8221; background_color=&#8221;rgba(0,0,0,0.7)&#8221; global_colors_info=&#8221;{}&#8221;][et_pb_text admin_label=&#8221;Products&#8221; _builder_version=&#8221;4.16&#8243; _module_preset=&#8221;default&#8221; min_height=&#8221;365px&#8221; custom_padding=&#8221;25px|20px|20px|20px|false|false&#8221; global_colors_info=&#8221;{}&#8221;]<\/p>\n<h3 class=\"c-red\" style=\"padding: 0px 0px 20px 0px;\">Produtos<\/h3>\n<table class=\"nsk-site-links-bottom\">\n<tr>\n<td style=\"width: 18px;\"><a href=\"https:\/\/nskmetals.com\/pt-br\/produtos\/rolamentos-de-rolos\/\"><img decoding=\"async\" src=\"\/images\/gui\/nsk-arrow-white.png\" width=\"12px\"><\/a><\/td>\n<td><a href=\"https:\/\/nskmetals.com\/pt-br\/produtos\/rolamentos-de-rolos\/\">vedados de projeto especial<\/a><\/td>\n<\/tr>\n<tr>\n<td style=\"width: 18px;\"><a href=\"https:\/\/nskmetals.com\/pt-br\/produtos\/rolamentos-de-esferas\/\"><img decoding=\"async\" src=\"\/images\/gui\/nsk-arrow-white.png\" width=\"12px\"><\/a><\/td>\n<td><a href=\"https:\/\/nskmetals.com\/pt-br\/produtos\/rolamentos-de-esferas\/\">Rolamentos de esferas<\/a><\/td>\n<\/tr>\n<tr>\n<td style=\"width: 18px;\"><a href=\"https:\/\/nskmetals.com\/pt-br\/produtos\/unidades-de-rolamento\/\"><img decoding=\"async\" src=\"\/images\/gui\/nsk-arrow-white.png\" width=\"12px\"><\/a><\/td>\n<td><a href=\"https:\/\/nskmetals.com\/pt-br\/produtos\/unidades-de-rolamento\/\">Unidades de rolamento<\/a><\/td>\n<\/tr>\n<\/table>\n<p>[\/et_pb_text][\/et_pb_column][et_pb_column type=&#8221;1_3&#8243; _builder_version=&#8221;4.16&#8243; _module_preset=&#8221;default&#8221; background_color=&#8221;rgba(0,0,0,0.7)&#8221; global_colors_info=&#8221;{}&#8221;][et_pb_text admin_label=&#8221;Resources&#8221; _builder_version=&#8221;4.16&#8243; _module_preset=&#8221;default&#8221; min_height=&#8221;365px&#8221; custom_padding=&#8221;25px|20px|20px|20px|false|false&#8221; global_colors_info=&#8221;{}&#8221;]<\/p>\n<h3 class=\"c-red\" style=\"padding: 0px 0px 20px 0px;\">Recursos<\/h3>\n<table class=\"nsk-site-links-bottom\">\n<tr>\n<td style=\"width: 18px;\"><a href=\"https:\/\/nskmetals.com\/pt-br\/recursos\/literatura\/\"><img decoding=\"async\" src=\"\/images\/gui\/nsk-arrow-white.png\" width=\"12px\"><\/a><\/td>\n<td><a href=\"https:\/\/nskmetals.com\/pt-br\/recursos\/literatura\/\">Literatura<\/a><\/td>\n<\/tr>\n<tr>\n<td style=\"width: 18px;\"><a href=\"https:\/\/nskmetals.com\/pt-br\/recursos\/estudos-de-caso\/\"><img decoding=\"async\" src=\"\/images\/gui\/nsk-arrow-white.png\" width=\"12px\"><\/a><\/td>\n<td><a href=\"https:\/\/nskmetals.com\/pt-br\/recursos\/estudos-de-caso\/\">Estudos de Caso<\/a><\/td>\n<\/tr>\n<\/table>\n<p>[\/et_pb_text][\/et_pb_column][\/et_pb_row][\/et_pb_section]<\/p>\n","protected":false},"excerpt":{"rendered":"<p>Os fabricantes de ferro e a\u00e7o exigem equipamentos altamente confi\u00e1veis que possam suportar as condi\u00e7\u00f5es mais adversas, uma quantidade implac\u00e1vel de part\u00edculas, intrus\u00e3o de \u00e1gua e calor extremo. Para essas condi\u00e7\u00f5es operacionais de alta carga e alta contamina\u00e7\u00e3o, a NSK projetou nosso rolamento autocompensador de rolos vedado. Com uma veda\u00e7\u00e3o de contato altamente eficaz e pr\u00e9-lubrificada com graxa de longa dura\u00e7\u00e3o, nosso projeto vedado tamb\u00e9m oferece desempenho de alta capacidade inflex\u00edvel para uma vida operacional longa e confi\u00e1vel.<\/p>\n","protected":false},"author":1,"featured_media":0,"parent":6553,"menu_order":13,"comment_status":"closed","ping_status":"closed","template":"","meta":{"_et_pb_use_builder":"on","_et_pb_old_content":"","_et_gb_content_width":"","footnotes":""},"class_list":["post-6585","page","type-page","status-publish","hentry"],"_links":{"self":[{"href":"https:\/\/nskmetals.com\/pt-br\/wp-json\/wp\/v2\/pages\/6585","targetHints":{"allow":["GET"]}}],"collection":[{"href":"https:\/\/nskmetals.com\/pt-br\/wp-json\/wp\/v2\/pages"}],"about":[{"href":"https:\/\/nskmetals.com\/pt-br\/wp-json\/wp\/v2\/types\/page"}],"author":[{"embeddable":true,"href":"https:\/\/nskmetals.com\/pt-br\/wp-json\/wp\/v2\/users\/1"}],"replies":[{"embeddable":true,"href":"https:\/\/nskmetals.com\/pt-br\/wp-json\/wp\/v2\/comments?post=6585"}],"version-history":[{"count":7,"href":"https:\/\/nskmetals.com\/pt-br\/wp-json\/wp\/v2\/pages\/6585\/revisions"}],"predecessor-version":[{"id":7697,"href":"https:\/\/nskmetals.com\/pt-br\/wp-json\/wp\/v2\/pages\/6585\/revisions\/7697"}],"up":[{"embeddable":true,"href":"https:\/\/nskmetals.com\/pt-br\/wp-json\/wp\/v2\/pages\/6553"}],"wp:attachment":[{"href":"https:\/\/nskmetals.com\/pt-br\/wp-json\/wp\/v2\/media?parent=6585"}],"curies":[{"name":"wp","href":"https:\/\/api.w.org\/{rel}","templated":true}]}}