{"id":6635,"date":"2020-12-15T19:13:56","date_gmt":"2020-12-15T19:13:56","guid":{"rendered":"https:\/\/staging.nskmetals.com\/produtos\/rolamentos-de-rolos\/rolamentos-molded-oil\/"},"modified":"2025-08-21T18:56:36","modified_gmt":"2025-08-21T18:56:36","slug":"rolamentos-molded-oil","status":"publish","type":"page","link":"https:\/\/nskmetals.com\/pt-br\/produtos\/rolamentos-de-rolos\/rolamentos-molded-oil\/","title":{"rendered":"ROLAMENTOS MOLDED-OIL"},"content":{"rendered":"<p>[et_pb_section fb_built=&#8221;1&#8243; admin_label=&#8221;Product 01 &#8211; Hero Section&#8221; module_id=&#8221;product-hero-background&#8221; module_class=&#8221;full-width&#8221; _builder_version=&#8221;4.16&#8243; _module_preset=&#8221;default&#8221; background_color=&#8221;#595959&#8243; background_enable_image=&#8221;off&#8221; width=&#8221;100%&#8221; max_width=&#8221;100%&#8221; module_alignment=&#8221;center&#8221; custom_margin=&#8221;0px|0px|0px|0px|false|false&#8221; custom_padding=&#8221;0px|0px|0px|0px|false|false&#8221; global_colors_info=&#8221;{}&#8221;][et_pb_row column_structure=&#8221;1_2,1_2&#8243; make_equal=&#8221;on&#8221; _builder_version=&#8221;4.16&#8243; _module_preset=&#8221;default&#8221; module_alignment=&#8221;center&#8221; global_colors_info=&#8221;{}&#8221;][et_pb_column type=&#8221;1_2&#8243; _builder_version=&#8221;4.16&#8243; _module_preset=&#8221;default&#8221; global_colors_info=&#8221;{}&#8221;][et_pb_text _builder_version=&#8221;4.16&#8243; _module_preset=&#8221;default&#8221; custom_margin=&#8221;55px||270px||false|false&#8221; global_colors_info=&#8221;{}&#8221;]<\/p>\n<h6 class=\"c-white \">SOLU\u00c7\u00d5ES AVAN\u00c7ADAS DE PRODUTOS<\/h6>\n<h3 class=\"c-white h-product-subhead\">ROLAMENTOS <br \/>DE ANEL GIRAT\u00d3RIO<\/h2>\n<p>[\/et_pb_text][\/et_pb_column][et_pb_column type=&#8221;1_2&#8243; _builder_version=&#8221;4.16&#8243; _module_preset=&#8221;default&#8221; global_colors_info=&#8221;{}&#8221;][\/et_pb_column][\/et_pb_row][\/et_pb_section][et_pb_section fb_built=&#8221;1&#8243; admin_label=&#8221;Product 02 &#8211; Lead Copy with Image&#8221; module_class=&#8221;full-width&#8221; _builder_version=&#8221;4.16&#8243; _module_preset=&#8221;default&#8221; background_color=&#8221;#ffffff&#8221; width=&#8221;100%&#8221; max_width=&#8221;100%&#8221; module_alignment=&#8221;center&#8221; custom_margin=&#8221;0px|0px|0px|0px|false|false&#8221; custom_padding=&#8221;0px|0px|0px|0px|false|false&#8221; global_colors_info=&#8221;{}&#8221;][et_pb_row column_structure=&#8221;1_2,1_2&#8243; make_equal=&#8221;on&#8221; _builder_version=&#8221;4.16&#8243; _module_preset=&#8221;default&#8221; module_alignment=&#8221;center&#8221; custom_margin=&#8221;0px||0px||false|false&#8221; custom_padding=&#8221;0px||0px||false|false&#8221; global_colors_info=&#8221;{}&#8221;][et_pb_column type=&#8221;1_2&#8243; _builder_version=&#8221;4.16&#8243; _module_preset=&#8221;default&#8221; global_colors_info=&#8221;{}&#8221;][et_pb_text _builder_version=&#8221;4.16&#8243; _module_preset=&#8221;default&#8221; custom_margin=&#8221;0px||0px||false|false&#8221; custom_padding=&#8221;60px|25px|60px||false|false&#8221; global_colors_info=&#8221;{}&#8221;]<\/p>\n<p style=\"font-size: 17px !important;\">Os rolamentos Molded-Oil NSK s\u00e3o projetados exclusivamente para evitar que a entrada de contamina\u00e7\u00e3o cause um impacto negativo no desempenho do rolamento, al\u00e9m de fornecer uma fonte de lubrifica\u00e7\u00e3o cont\u00ednua e limpa para o rolamento. A resina de poliolefina impregnada de \u00f3leo serve como uma barreira para a \u00e1gua e o p\u00f3 e libera lentamente uma ampla lubrifica\u00e7\u00e3o para o rolamento, com risco m\u00ednimo de vazamento de \u00f3leo, para uma vida \u00fatil prolongada sem manuten\u00e7\u00e3o e custos operacionais reduzidos.<\/p>\n<p>[\/et_pb_text][\/et_pb_column][et_pb_column type=&#8221;1_2&#8243; _builder_version=&#8221;4.16&#8243; _module_preset=&#8221;default&#8221; custom_css_main_element=&#8221;float: right;&#8221; global_colors_info=&#8221;{}&#8221;][et_pb_code module_class=&#8221;product-image-1&#8243; _builder_version=&#8221;4.16&#8243; _module_preset=&#8221;default&#8221; global_colors_info=&#8221;{}&#8221;]<\/p>\n<div><!-- [et_pb_line_break_holder] -->  <img decoding=\"async\" src=\"\/images\/50-products\/roller-bearings\/molded-oil-bearings\/4D4-Combined-Molded-Oil.png\"><!-- [et_pb_line_break_holder] --><\/div>\n<p>[\/et_pb_code][\/et_pb_column][\/et_pb_row][\/et_pb_section][et_pb_section fb_built=&#8221;1&#8243; admin_label=&#8221;Product 03 &#8211; Band &#8211; Proven Advantages Literature&#8221; module_class=&#8221;full-width&#8221; _builder_version=&#8221;4.16&#8243; _module_preset=&#8221;default&#8221; background_color=&#8221;#f0f0f0&#8243; width=&#8221;100%&#8221; max_width=&#8221;100%&#8221; module_alignment=&#8221;center&#8221; custom_margin=&#8221;0px|0px|0px|0px|false|false&#8221; custom_padding=&#8221;0px|0px|0px|0px|false|false&#8221; global_colors_info=&#8221;{}&#8221;][et_pb_row column_structure=&#8221;1_2,1_2&#8243; _builder_version=&#8221;4.16&#8243; _module_preset=&#8221;default&#8221; module_alignment=&#8221;center&#8221; custom_margin=&#8221;0px||0px||false|false&#8221; custom_padding=&#8221;0px||0px||false|false&#8221; global_colors_info=&#8221;{}&#8221;][et_pb_column type=&#8221;1_2&#8243; _builder_version=&#8221;4.16&#8243; _module_preset=&#8221;default&#8221; global_colors_info=&#8221;{}&#8221;][et_pb_text module_class=&#8221;product-b-text&#8221; _builder_version=&#8221;4.16&#8243; _module_preset=&#8221;default&#8221; text_font_size=&#8221;28px&#8221; background_color=&#8221;rgba(0,0,0,0)&#8221; custom_margin=&#8221;0px||0px||false|false&#8221; custom_padding=&#8221;60px||60px||false|false&#8221; global_colors_info=&#8221;{}&#8221;]<\/p>\n<h3 class=\"c-red\">VANTAGENS COMPROVADAS<\/h3>\n<table class=\"nsk-bullet-list-table\">\n<tr>\n<td><img decoding=\"async\" src=\"\/images\/gui\/nsk-bullet-arrow-red.png\"><\/td>\n<td>Desempenho estendido sem manuten\u00e7\u00e3o com fornecimento cont\u00ednuo de lubrificante limpo<\/td>\n<\/tr>\n<tr>\n<td><img decoding=\"async\" src=\"\/images\/gui\/nsk-bullet-arrow-red.png\"><\/td>\n<td>Elimina a necessidade de relubrifica\u00e7\u00e3o, reduzindo os custos de manuten\u00e7\u00e3o<\/td>\n<\/tr>\n<tr>\n<td><img decoding=\"async\" src=\"\/images\/gui\/nsk-bullet-arrow-red.png\"><\/td>\n<td>Elimina o risco de vazamento de graxa, promovendo ambientes operacionais limpos<\/td>\n<\/tr>\n<tr>\n<td><img decoding=\"async\" src=\"\/images\/gui\/nsk-bullet-arrow-red.png\"><\/td>\n<td>Mais que o dobro da vida operacional de rolamentos lubrificados com graxa em ambientes contaminados com \u00e1gua ou p\u00f3<\/td>\n<\/tr>\n<tr>\n<td><img decoding=\"async\" src=\"\/images\/gui\/nsk-bullet-arrow-red.png\"><\/td>\n<td>Solu\u00e7\u00e3o ideal para \u00e1reas de acesso remoto ou restrito<\/td>\n<\/tr>\n<\/table>\n<p>[\/et_pb_text][\/et_pb_column][et_pb_column type=&#8221;1_2&#8243; module_class=&#8221;product-b-image-column&#8221; _builder_version=&#8221;4.16&#8243; _module_preset=&#8221;default&#8221; background_enable_image=&#8221;off&#8221; custom_css_main_element=&#8221;float: right;&#8221; global_colors_info=&#8221;{}&#8221;][et_pb_code module_class=&#8221;product-b-image&#8221; _builder_version=&#8221;4.27.4&#8243; _module_preset=&#8221;default&#8221; background_image=&#8221;\/images\/70-resources\/literature\/product-b-background-2.jpg&#8221; custom_margin=&#8221;0px||0px||false|false&#8221; custom_padding=&#8221;0px||0px||false|false&#8221; link_option_url=&#8221;\/documents\/literature-pt\/NSK-Literature-Molded-Oil-Bearings-PT.pdf&#8221; link_option_url_new_window=&#8221;on&#8221; hover_enabled=&#8221;0&#8243; custom_css_main_element=&#8221;position: relative;&#8221; global_colors_info=&#8221;{}&#8221; sticky_enabled=&#8221;0&#8243;]<\/p>\n<div class=\"image-b-wrapper\"><!-- [et_pb_line_break_holder] --> <img decoding=\"async\" class=\"literature-cover\" src=\"\/images-pt\/70-resources\/literature\/4D4-product-b-molded-oil-PT.png\"><!-- [et_pb_line_break_holder] --> <img decoding=\"async\" class=\"literature-link\" src=\"\/images-pt\/70-resources\/literature\/literature-download-icon-text-PT.png\"><!-- [et_pb_line_break_holder] --><\/div>\n<p><!-- [et_pb_line_break_holder] -->[\/et_pb_code][\/et_pb_column][\/et_pb_row][\/et_pb_section][et_pb_section fb_built=&#8221;1&#8243; admin_label=&#8221;Product 04 &#8211; Design Features&#8221; module_class=&#8221;full-width&#8221; _builder_version=&#8221;4.16&#8243; _module_preset=&#8221;default&#8221; background_color=&#8221;#ffffff&#8221; width=&#8221;100%&#8221; max_width=&#8221;100%&#8221; module_alignment=&#8221;center&#8221; custom_margin=&#8221;0px|0px|0px|0px|false|false&#8221; custom_padding=&#8221;0px|0px|0px|0px|false|false&#8221; global_colors_info=&#8221;{}&#8221;][et_pb_row column_structure=&#8221;1_2,1_2&#8243; make_equal=&#8221;on&#8221; _builder_version=&#8221;4.16&#8243; _module_preset=&#8221;default&#8221; module_alignment=&#8221;center&#8221; custom_margin=&#8221;0px||0px||false|false&#8221; custom_padding=&#8221;0px||0px||false|false&#8221; global_colors_info=&#8221;{}&#8221;][et_pb_column type=&#8221;1_2&#8243; _builder_version=&#8221;4.16&#8243; _module_preset=&#8221;default&#8221; global_colors_info=&#8221;{}&#8221;][et_pb_code _builder_version=&#8221;4.16&#8243; _module_preset=&#8221;default&#8221; custom_margin=&#8221;0px||0px||false|false&#8221; custom_padding=&#8221;65px||60px||false|false&#8221; global_colors_info=&#8221;{}&#8221;]<\/p>\n<table style=\"width: 100%; padding: 0px 0px 0px 0px; margin: 0px 0px 0px 0px; border-collapse: collapse;\"><!-- [et_pb_line_break_holder] -->  <\/p>\n<tr><!-- [et_pb_line_break_holder] -->    <\/p>\n<td style=\"padding: 0px 30px 20px 0px; margin: 0px 0px 0px 0px; text-align: left; vertical-align: top;\"><!-- [et_pb_line_break_holder] -->      <img decoding=\"async\" src=\"\/images\/50-products\/roller-bearings\/molded-oil-bearings\/Square-Inset-Molded-Oil-Ball-Bearings-Grid-Spherical-Blue.jpg\"><!-- [et_pb_line_break_holder] -->      <pee class=\"t-14px\" style=\"line-height: 1.4;\"><em>Rolamentos autocompensadores de rolos para opera\u00e7\u00e3o geral e de alta velocidade<\/em><\/pee><!-- [et_pb_line_break_holder] -->    <\/td>\n<p><!-- [et_pb_line_break_holder] -->    <\/p>\n<td style=\"padding: 0px 30px 20px 0px; margin: 0px 0px 0px 0px; text-align: left; vertical-align: top;\"><!-- [et_pb_line_break_holder] -->      <img decoding=\"async\" src=\"\/images\/50-products\/roller-bearings\/molded-oil-bearings\/Square-Inset-Molded-Oil-Ball-Bearings-Grid-Tapered-Pink.jpg\"><!-- [et_pb_line_break_holder] -->      <pee class=\"t-14px\" style=\"line-height: 1.4;\"><em>Rolamentos de rolos c\u00f4nicos para opera\u00e7\u00e3o geral<\/em><\/pee><!-- [et_pb_line_break_holder] -->    <\/td>\n<p><!-- [et_pb_line_break_holder] -->  <\/tr>\n<p><!-- [et_pb_line_break_holder] -->  <\/p>\n<tr><!-- [et_pb_line_break_holder] -->    <\/p>\n<td style=\"padding: 0px 30px 20px 0px; margin: 0px 0px 0px 0px; text-align: left; vertical-align: top;\"> <\/td>\n<p><!-- [et_pb_line_break_holder] -->    <\/p>\n<td style=\"padding: 0px 30px 20px 0px; margin: 0px 0px 0px 0px; text-align: left; vertical-align: top;\"><!-- [et_pb_line_break_holder] -->      <img decoding=\"async\" src=\"\/images\/50-products\/roller-bearings\/molded-oil-bearings\/Square-Inset-Molded-Oil-Ball-Bearings-Grid-Ball-Bearing-Blue.jpg\"><!-- [et_pb_line_break_holder] -->      <pee class=\"t-14px\" style=\"line-height: 1.4;\"><em>Rolamentos fixos de esferas para opera\u00e7\u00e3o geral e de alta velocidade<\/em><\/pee><!-- [et_pb_line_break_holder] -->    <\/td>\n<p><!-- [et_pb_line_break_holder] -->  <\/tr>\n<p><!-- [et_pb_line_break_holder] --><\/table>\n<p>[\/et_pb_code][\/et_pb_column][et_pb_column type=&#8221;1_2&#8243; _builder_version=&#8221;4.16&#8243; _module_preset=&#8221;default&#8221; global_colors_info=&#8221;{}&#8221;][et_pb_text _builder_version=&#8221;4.16&#8243; _module_preset=&#8221;default&#8221; background_color=&#8221;rgba(0,0,0,0)&#8221; custom_margin=&#8221;0px||0px||false|false&#8221; custom_padding=&#8221;60px||30px||false|false&#8221; global_colors_info=&#8221;{}&#8221;]<\/p>\n<h3 class=\"c-red\">CARACTER\u00cdSTICAS DO DESIGN<\/h3>\n<table class=\"nsk-bullet-list-table\">\n<tr>\n<td><img decoding=\"async\" src=\"\/images\/gui\/nsk-bullet-arrow-red.png\"><\/td>\n<td>Lubrificado com material impregnado de \u00f3leo (lubrificante s\u00f3lido) que consiste em \u00f3leo lubrificante e resina de poliolefina<\/td>\n<\/tr>\n<tr>\n<td><img decoding=\"async\" src=\"\/images\/gui\/nsk-bullet-arrow-red.png\"><\/td>\n<td>O \u00f3leo liberado lentamente desse material fornece ampla lubrifica\u00e7\u00e3o para o rolamento por longos per\u00edodos<\/td>\n<\/tr>\n<tr>\n<td><img decoding=\"async\" src=\"\/images\/gui\/nsk-bullet-arrow-red.png\"><\/td>\n<td>Atua como uma barreira \u00e0 entrada de \u00e1gua e p\u00f3<\/td>\n<\/tr>\n<tr>\n<td><img decoding=\"async\" src=\"\/images\/gui\/nsk-bullet-arrow-red.png\"><\/td>\n<td>Baixo torque para rota\u00e7\u00e3o suave de elementos rolantes<\/td>\n<\/tr>\n<tr>\n<td><img decoding=\"async\" src=\"\/images\/gui\/nsk-bullet-arrow-red.png\"><\/td>\n<td>Composi\u00e7\u00f5es para uso geral e de alta velocidade<\/td>\n<\/tr>\n<tr>\n<td><img decoding=\"async\" src=\"\/images\/gui\/nsk-bullet-arrow-red.png\"><\/td>\n<td>Dispon\u00edvel para rolamentos autocompensadores de rolos, de rolos c\u00f4nicos e fixos de esferas<\/td>\n<\/tr>\n<\/table>\n<p>[\/et_pb_text][et_pb_text _builder_version=&#8221;4.16&#8243; _module_preset=&#8221;default&#8221; background_color=&#8221;rgba(0,0,0,0)&#8221; custom_margin=&#8221;0px||||false|false&#8221; custom_padding=&#8221;0px||60px||false|false&#8221; global_colors_info=&#8221;{}&#8221;]<\/p>\n<h3 class=\"c-red\">OP\u00c7\u00d5ES ADICIONAIS DE LUBRIFICANTE S\u00d3LIDO<\/h3>\n<table class=\"nsk-bullet-list-table\">\n<tr>\n<td><img decoding=\"async\" src=\"\/images\/gui\/nsk-bullet-arrow-red.png\"><\/td>\n<td>Temperaturas extremas, com solu\u00e7\u00f5es para temperaturas que variam de -50 \u00b0F at\u00e9 350 \u00b0F<\/td>\n<\/tr>\n<tr>\n<td><img decoding=\"async\" src=\"\/images\/gui\/nsk-bullet-arrow-red.png\"><\/td>\n<td>Cargas pesadas em baixas velocidades, com \u00f3leo de alta viscosidade para acomodar rolamentos de rolos altamente carregados<\/td>\n<\/tr>\n<tr>\n<td><img decoding=\"async\" src=\"\/images\/gui\/nsk-bullet-arrow-red.png\"><\/td>\n<td>Solu\u00e7\u00f5es de grau aliment\u00edcio, incluindo adequa\u00e7\u00e3o para contato acidental com alimentos e processamento de alimentos<\/td>\n<\/tr>\n<tr>\n<td><img decoding=\"async\" src=\"\/images\/gui\/nsk-bullet-arrow-red.png\"><\/td>\n<td>Aplica\u00e7\u00f5es de lavagem de alta temperatura<\/td>\n<\/tr>\n<\/table>\n<p>[\/et_pb_text][\/et_pb_column][\/et_pb_row][\/et_pb_section][et_pb_section fb_built=&#8221;1&#8243; admin_label=&#8221;Services | Products | Resoures&#8221; module_id=&#8221;nsk-services-band&#8221; module_class=&#8221;full-width&#8221; _builder_version=&#8221;4.7.4&#8243; _module_preset=&#8221;default&#8221; background_color=&#8221;rgba(0,0,0,0)&#8221; background_image=&#8221;\/images\/99-gui\/services-band-background.jpg&#8221; width=&#8221;100%&#8221; max_width=&#8221;100%&#8221; module_alignment=&#8221;center&#8221; custom_margin=&#8221;0px|0px|0px|0px|false|false&#8221; custom_padding=&#8221;0px|0px|0px|0px|false|false&#8221; global_module=&#8221;574&#8243; saved_tabs=&#8221;all&#8221; global_colors_info=&#8221;{}&#8221;][et_pb_row column_structure=&#8221;1_3,1_3,1_3&#8243; make_equal=&#8221;on&#8221; _builder_version=&#8221;4.16&#8243; _module_preset=&#8221;default&#8221; custom_margin=&#8221;0px||0px||false|false&#8221; custom_padding=&#8221;70px||70px||false|false&#8221; global_colors_info=&#8221;{}&#8221;][et_pb_column type=&#8221;1_3&#8243; _builder_version=&#8221;4.16&#8243; _module_preset=&#8221;default&#8221; background_color=&#8221;rgba(0,0,0,0.7)&#8221; global_colors_info=&#8221;{}&#8221;][et_pb_text admin_label=&#8221;Technical Support&#8221; _builder_version=&#8221;4.16&#8243; _module_preset=&#8221;default&#8221; min_height=&#8221;365px&#8221; custom_padding=&#8221;25px|20px|20px|20px|false|false&#8221; global_colors_info=&#8221;{}&#8221;]<\/p>\n<h3 class=\"c-red\" style=\"padding: 0px 0px 20px 0px;\"><span class=\"display-large\">Technical<\/span> Support<\/h3>\n<table class=\"nsk-site-links-bottom\">\n<tr>\n<td style=\"width: 18px;\"><a href=\"\/technical-support\/aip-added-value-program\"><img decoding=\"async\" src=\"\/images\/gui\/nsk-arrow-white.png\" width=\"12px\"><\/a><\/td>\n<td><a href=\"\/technical-support\/aip-added-value-program\">AIP &#8211; Added Value Program<\/a><\/td>\n<\/tr>\n<tr>\n<td style=\"width: 18px;\"><a href=\"\/technical-support\/industry-experts\"><img decoding=\"async\" src=\"\/images\/gui\/nsk-arrow-white.png\" width=\"12px\"><\/a><\/td>\n<td><a href=\"\/technical-support\/industry-experts\">Industry Experts<\/a><\/td>\n<\/tr>\n<tr>\n<td style=\"width: 18px;\"><a href=\"\/technical-support\/application-engineering\"><img decoding=\"async\" src=\"\/images\/gui\/nsk-arrow-white.png\" width=\"12px\"><\/a><\/td>\n<td><a href=\"\/technical-support\/application-engineering\">Application Engineering<\/a><\/td>\n<\/tr>\n<tr>\n<td style=\"width: 18px;\"><a href=\"\/technical-support\/reconditioning\"><img decoding=\"async\" src=\"\/images\/gui\/nsk-arrow-white.png\" width=\"12px\"><\/a><\/td>\n<td><a href=\"\/technical-support\/reconditioning\">Reconditioning<\/a><\/td>\n<\/tr>\n<tr>\n<td style=\"width: 18px;\"><a href=\"\/technical-support\/maintenance-tools\"><img decoding=\"async\" src=\"\/images\/gui\/nsk-arrow-white.png\" width=\"12px\"><\/a><\/td>\n<td><a href=\"\/technical-support\/maintenance-tools\">Maintenance Tools<\/a><\/td>\n<\/tr>\n<\/table>\n<p>[\/et_pb_text][\/et_pb_column][et_pb_column type=&#8221;1_3&#8243; _builder_version=&#8221;4.16&#8243; _module_preset=&#8221;default&#8221; background_color=&#8221;rgba(0,0,0,0.7)&#8221; global_colors_info=&#8221;{}&#8221;][et_pb_text admin_label=&#8221;Products&#8221; _builder_version=&#8221;4.16&#8243; _module_preset=&#8221;default&#8221; min_height=&#8221;365px&#8221; custom_padding=&#8221;25px|20px|20px|20px|false|false&#8221; global_colors_info=&#8221;{}&#8221;]<\/p>\n<h3 class=\"c-red\" style=\"padding: 0px 0px 20px 0px;\">Products<\/h3>\n<table class=\"nsk-site-links-bottom\">\n<tr>\n<td style=\"width: 18px;\"><a href=\"\/products\/roller-bearings\"><img decoding=\"async\" src=\"\/images\/gui\/nsk-arrow-white.png\" width=\"12px\"><\/a><\/td>\n<td><a href=\"\/products\/roller-bearings\">Roller Bearings<\/a><\/td>\n<\/tr>\n<tr>\n<td style=\"width: 18px;\"><a href=\"\/products\/ball-bearings\"><img decoding=\"async\" src=\"\/images\/gui\/nsk-arrow-white.png\" width=\"12px\"><\/a><\/td>\n<td><a href=\"\/products\/ball-bearings\">Ball Bearings<\/a><\/td>\n<\/tr>\n<tr>\n<td style=\"width: 18px;\"><a href=\"\/products\/bearing-units\"><img decoding=\"async\" src=\"\/images\/gui\/nsk-arrow-white.png\" width=\"12px\"><\/a><\/td>\n<td><a href=\"\/products\/bearing-units\">Bearing Units<\/a><\/td>\n<\/tr>\n<\/table>\n<p>[\/et_pb_text][\/et_pb_column][et_pb_column type=&#8221;1_3&#8243; _builder_version=&#8221;4.16&#8243; _module_preset=&#8221;default&#8221; background_color=&#8221;rgba(0,0,0,0.7)&#8221; global_colors_info=&#8221;{}&#8221;][et_pb_text admin_label=&#8221;Resources&#8221; _builder_version=&#8221;4.16&#8243; _module_preset=&#8221;default&#8221; min_height=&#8221;365px&#8221; custom_padding=&#8221;25px|20px|20px|20px|false|false&#8221; global_colors_info=&#8221;{}&#8221;]<\/p>\n<h3 class=\"c-red\" style=\"padding: 0px 0px 20px 0px;\">Resources<\/h3>\n<table class=\"nsk-site-links-bottom\">\n<tr>\n<td style=\"width: 18px;\"><a href=\"\/resources\/literature\"><img decoding=\"async\" src=\"\/images\/gui\/nsk-arrow-white.png\" width=\"12px\"><\/a><\/td>\n<td><a href=\"\/resources\/literature\">Literature<\/a><\/td>\n<\/tr>\n<tr>\n<td style=\"width: 18px;\"><a href=\"\/resources\/case-studies\"><img decoding=\"async\" src=\"\/images\/gui\/nsk-arrow-white.png\" width=\"12px\"><\/a><\/td>\n<td><a href=\"\/resources\/case-studies\">Case Studies<\/a><\/td>\n<\/tr>\n<\/table>\n<p>[\/et_pb_text][\/et_pb_column][\/et_pb_row][\/et_pb_section]<\/p>\n","protected":false},"excerpt":{"rendered":"<p>Os rolamentos Molded-Oil NSK s\u00e3o projetados exclusivamente para evitar que a entrada de contamina\u00e7\u00e3o cause um impacto negativo no desempenho do rolamento, al\u00e9m de fornecer uma fonte de lubrifica\u00e7\u00e3o cont\u00ednua e limpa para o rolamento. A resina de poliolefina impregnada de \u00f3leo serve como uma barreira para a \u00e1gua e o p\u00f3 e libera lentamente uma ampla lubrifica\u00e7\u00e3o para o rolamento, com risco m\u00ednimo de vazamento de \u00f3leo, para uma vida \u00fatil prolongada sem manuten\u00e7\u00e3o e custos operacionais reduzidos.<\/p>\n","protected":false},"author":1,"featured_media":0,"parent":6553,"menu_order":39,"comment_status":"closed","ping_status":"closed","template":"","meta":{"_et_pb_use_builder":"on","_et_pb_old_content":"","_et_gb_content_width":"","footnotes":""},"class_list":["post-6635","page","type-page","status-publish","hentry"],"_links":{"self":[{"href":"https:\/\/nskmetals.com\/pt-br\/wp-json\/wp\/v2\/pages\/6635","targetHints":{"allow":["GET"]}}],"collection":[{"href":"https:\/\/nskmetals.com\/pt-br\/wp-json\/wp\/v2\/pages"}],"about":[{"href":"https:\/\/nskmetals.com\/pt-br\/wp-json\/wp\/v2\/types\/page"}],"author":[{"embeddable":true,"href":"https:\/\/nskmetals.com\/pt-br\/wp-json\/wp\/v2\/users\/1"}],"replies":[{"embeddable":true,"href":"https:\/\/nskmetals.com\/pt-br\/wp-json\/wp\/v2\/comments?post=6635"}],"version-history":[{"count":11,"href":"https:\/\/nskmetals.com\/pt-br\/wp-json\/wp\/v2\/pages\/6635\/revisions"}],"predecessor-version":[{"id":7959,"href":"https:\/\/nskmetals.com\/pt-br\/wp-json\/wp\/v2\/pages\/6635\/revisions\/7959"}],"up":[{"embeddable":true,"href":"https:\/\/nskmetals.com\/pt-br\/wp-json\/wp\/v2\/pages\/6553"}],"wp:attachment":[{"href":"https:\/\/nskmetals.com\/pt-br\/wp-json\/wp\/v2\/media?parent=6635"}],"curies":[{"name":"wp","href":"https:\/\/api.w.org\/{rel}","templated":true}]}}