{"id":6638,"date":"2020-12-07T15:09:32","date_gmt":"2020-12-07T15:09:32","guid":{"rendered":"https:\/\/staging.nskmetals.com\/produtos\/unidades-de-rolamento\/"},"modified":"2024-06-20T13:50:28","modified_gmt":"2024-06-20T13:50:28","slug":"unidades-de-rolamento","status":"publish","type":"page","link":"https:\/\/nskmetals.com\/pt-br\/produtos\/unidades-de-rolamento\/","title":{"rendered":"Unidades de rolamento"},"content":{"rendered":"<p>[et_pb_section fb_built=&#8221;1&#8243; admin_label=&#8221;Category 01 &#8211; Hero Section&#8221; module_class=&#8221;full-width&#8221; _builder_version=&#8221;4.7.4&#8243; _module_preset=&#8221;default&#8221; background_color=&#8221;#595959&#8243; background_image=&#8221;\/images\/99-page-headers\/00-home-hero-bof-converter.jpg&#8221; width=&#8221;100%&#8221; max_width=&#8221;100%&#8221; module_alignment=&#8221;center&#8221; custom_margin=&#8221;0px|0px|0px|0px|false|false&#8221; custom_padding=&#8221;0px|0px|0px|0px|false|false&#8221;][et_pb_row column_structure=&#8221;1_2,1_2&#8243; make_equal=&#8221;on&#8221; _builder_version=&#8221;4.7.4&#8243; _module_preset=&#8221;default&#8221; module_alignment=&#8221;center&#8221; custom_padding=&#8221;0px||0px||false|false&#8221;][et_pb_column type=&#8221;1_2&#8243; _builder_version=&#8221;4.7.4&#8243; _module_preset=&#8221;default&#8221;][et_pb_text _builder_version=&#8221;4.7.4&#8243; _module_preset=&#8221;default&#8221; custom_margin=&#8221;80px||200px||false|false&#8221;]<\/p>\n<h4 class=\"c-white\">Produtos<\/h4>\n<h1 class=\"h-category c-white\">Unidades de rolamento<\/h1>\n<p>[\/et_pb_text][et_pb_text _builder_version=&#8221;4.7.4&#8243; _module_preset=&#8221;default&#8221; background_color=&#8221;rgba(236,27,59,0.9)&#8221; custom_margin=&#8221;0px||0px||false|false&#8221; custom_padding=&#8221;25px|25px|25px|25px|false|false&#8221;]<\/p>\n<h2 class=\"h-category-subhead\">MAXIMIZE A VIDA \u00daTIL <br \/> E O DESEMPENHO DO ROLAMENTO<\/h2>\n<p>[\/et_pb_text][\/et_pb_column][et_pb_column type=&#8221;1_2&#8243; _builder_version=&#8221;4.7.4&#8243; _module_preset=&#8221;default&#8221;][\/et_pb_column][\/et_pb_row][\/et_pb_section][et_pb_section fb_built=&#8221;1&#8243; admin_label=&#8221;Category 04 &#8211; Related Products&#8221; module_class=&#8221;full-width&#8221; _builder_version=&#8221;4.9.4&#8243; _module_preset=&#8221;default&#8221; width=&#8221;100%&#8221; max_width=&#8221;100%&#8221; module_alignment=&#8221;center&#8221; custom_margin=&#8221;0px|0px|0px|0px|false|false&#8221; custom_padding=&#8221;0px|0px|0px|0px|false|false&#8221;][et_pb_row column_structure=&#8221;1_3,1_3,1_3&#8243; admin_label=&#8221;Bearing Unit Products&#8221; _builder_version=&#8221;4.9.4&#8243; _module_preset=&#8221;default&#8221; custom_margin=&#8221;0px||0px||false|false&#8221; custom_padding=&#8221;60px||0px||false|false&#8221;][et_pb_column type=&#8221;1_3&#8243; _builder_version=&#8221;4.7.4&#8243; _module_preset=&#8221;default&#8221;][et_pb_blurb title=&#8221;BASES DE MANCAIS BIPARTIDOS DA S\u00c9RIE SAF&#8221; image=&#8221;\/images\/50-products\/bearing-units\/split-pillow-blocks\/Square-Inset-SAF-Bearing-Housings.png&#8221; admin_label=&#8221;SAF Series Split Pillow Blocks&#8221; _builder_version=&#8221;4.9.4&#8243; _module_preset=&#8221;default&#8221; custom_margin=&#8221;0px||0px||false|false&#8221; custom_padding=&#8221;0px||60px||false|false&#8221; link_option_url=&#8221;https:\/\/nskmetals.com\/pt-br\/produtos\/unidades-de-rolamento\/bases-de-mancais-bipartidos\/#saf-series&#8221;]<\/p>\n<p>Mancais de servi\u00e7o geral a pesado em ferro fundido, ferro d\u00factil e material de a\u00e7o fundido com eixos de at\u00e9 10 \u00bd (226,7 mm).<\/p>\n<p class=\"more-link\"><a href=\"https:\/\/nskmetals.com\/pt-br\/produtos\/unidades-de-rolamento\/bases-de-mancais-bipartidos\/#saf-series\"><img decoding=\"async\" src=\"\/images\/gui\/nsk-arrow-red.png\" width=\"12px\">&nbsp;&nbsp;LEIA MAIS<\/a><\/p>\n<p>[\/et_pb_blurb][\/et_pb_column][et_pb_column type=&#8221;1_3&#8243; _builder_version=&#8221;4.7.4&#8243; _module_preset=&#8221;default&#8221;][et_pb_blurb title=&#8221;MANCAIS BIPARTIDOS DA S\u00c9RIE SDAF&#8221; image=&#8221;https:\/\/nskmetals.com\/images\/50-products\/bearing-units\/split-pillow-blocks\/Square-Inset-Split-Pillow-Blocks.png&#8221; admin_label=&#8221;SDAF Series Split Pillow Blocks&#8221; _builder_version=&#8221;4.9.4&#8243; _module_preset=&#8221;default&#8221; custom_margin=&#8221;0px||0px||false|false&#8221; custom_padding=&#8221;0px||60px||false|false&#8221; link_option_url=&#8221;https:\/\/nskmetals.com\/pt-br\/produtos\/unidades-de-rolamento\/bases-de-mancais-bipartidos\/#sdaf-series&#8221;]<\/p>\n<p>Blocos de mancais de servi\u00e7o pesado em ferro fundido, ferro d\u00factil e material de a\u00e7o fundido com eixos de at\u00e9 24\u201d.<\/p>\n<p class=\"more-link\"><a href=\"https:\/\/nskmetals.com\/pt-br\/produtos\/unidades-de-rolamento\/bases-de-mancais-bipartidos\/#saf-series\"><img decoding=\"async\" src=\"\/images\/gui\/nsk-arrow-red.png\" width=\"12px\">&nbsp;&nbsp;LEIA MAIS<\/a><\/p>\n<p>[\/et_pb_blurb][\/et_pb_column][et_pb_column type=&#8221;1_3&#8243; _builder_version=&#8221;4.7.4&#8243; _module_preset=&#8221;default&#8221;][et_pb_blurb title=&#8221;MANCAIS BIPARTIDOS DA S\u00c9RIE SNN&#8221; image=&#8221;\/images\/50-products\/bearing-units\/split-pillow-blocks\/Square-Inset-SNN-Bearing-Housings.png&#8221; admin_label=&#8221;SNN Series Split Pillow Blocks&#8221; _builder_version=&#8221;4.9.4&#8243; _module_preset=&#8221;default&#8221; custom_margin=&#8221;0px||0px||false|false&#8221; custom_padding=&#8221;0px||60px||false|false&#8221; link_option_url=&#8221;https:\/\/nskmetals.com\/pt-br\/produtos\/unidades-de-rolamento\/bases-de-mancais-bipartidos\/#snn-series&#8221;]<\/p>\n<p>Mancais para servi\u00e7o leve a m\u00e9dio em material de ferro fundido com eixos de at\u00e9 5 \u00bd (140 mm).<\/p>\n<p class=\"more-link\"><a href=\"https:\/\/nskmetals.com\/pt-br\/produtos\/unidades-de-rolamento\/bases-de-mancais-bipartidos\/#snn-series\"><img decoding=\"async\" src=\"\/images\/gui\/nsk-arrow-red.png\" width=\"12px\">&nbsp;&nbsp;LEIA MAIS<\/a><\/p>\n<p>[\/et_pb_blurb][\/et_pb_column][\/et_pb_row][\/et_pb_section][et_pb_section fb_built=&#8221;1&#8243; admin_label=&#8221;Category 05 &#8211; Literature and Case Studies&#8221; module_class=&#8221;full-width&#8221; _builder_version=&#8221;4.9.4&#8243; _module_preset=&#8221;default&#8221; background_color=&#8221;#f0f0f0&#8243; width=&#8221;100%&#8221; max_width=&#8221;100%&#8221; module_alignment=&#8221;center&#8221; custom_margin=&#8221;0px|0px|0px|0px|false|false&#8221; custom_padding=&#8221;0px|0px|0px|0px|false|false&#8221;][et_pb_row column_structure=&#8221;1_3,1_3,1_3&#8243; _builder_version=&#8221;4.9.4&#8243; _module_preset=&#8221;default&#8221; custom_margin=&#8221;0px||0px||false|false&#8221; custom_padding=&#8221;60px||60px||false|false&#8221;][et_pb_column type=&#8221;1_3&#8243; _builder_version=&#8221;4.7.4&#8243; _module_preset=&#8221;default&#8221;][et_pb_text module_class=&#8221;literature-links&#8221; _builder_version=&#8221;4.9.4&#8243; _module_preset=&#8221;default&#8221; custom_margin=&#8221;0px||0px||false|false&#8221; custom_padding=&#8221;0px||0px||false|false&#8221; hover_enabled=&#8221;0&#8243; sticky_enabled=&#8221;0&#8243;]<\/p>\n<h3 style=\"padding-bottom: 30px;\">Literatura<\/h3>\n<table>\n<tr>\n<td class=\"thumbnail-column\"><img decoding=\"async\" class=\"literature-thumbnail\" src=\"\/documents\/literature-pt\/NSK-Literature-SAF-Series-Pillow-Blocks-PT-1.jpg\"><\/td>\n<td class=\"link-column\">\n<div class=\"t-din t-uppercase t-500\">MANCAIS DA S\u00c9RIE SAF<\/div>\n<div><a href=\"\/documents\/literature-pt\/NSK-Literature-SAF-Series-Pillow-Blocks-PT.pdf\" target=\"_blank\" rel=\"noopener noreferrer\"><img decoding=\"async\" src=\"\/images\/gui\/nsk-arrow-red.png\" style=\"width: 12px;\">&nbsp;Download de PDF<\/a><\/div>\n<\/td>\n<\/tr>\n<\/table>\n<p>[\/et_pb_text][\/et_pb_column][et_pb_column type=&#8221;1_3&#8243; _builder_version=&#8221;4.7.4&#8243; _module_preset=&#8221;default&#8221;][et_pb_text module_class=&#8221;literature-links&#8221; _builder_version=&#8221;4.9.4&#8243; _module_preset=&#8221;default&#8221; custom_margin=&#8221;0px||0px||false|false&#8221; custom_padding=&#8221;0px||0px||false|false&#8221;]<\/p>\n<h3 style=\"padding-bottom: 30px;\" class=\"display-desktop\">&nbsp;<\/h3>\n<table>\n<tr>\n<td class=\"thumbnail-column\"><img decoding=\"async\" class=\"literature-thumbnail\" src=\"\/documents\/literature-pt\/NSK-Literature-SNN-Series-Pillow-Blocks-PT-1.jpg\"><\/td>\n<td class=\"link-column\">\n<div class=\"t-din t-uppercase t-500\">MANCAIS DA S\u00c9RIE SNN<\/div>\n<div><a href=\"\/documents\/literature-pt\/NSK-Literature-SNN-Series-Pillow-Blocks-PT.pdf?v=202210\" target=\"_blank\" rel=\"noopener noreferrer\"><img decoding=\"async\" src=\"\/images\/gui\/nsk-arrow-red.png\" style=\"width: 12px;\">&nbsp;Download de PDF<\/a><\/div>\n<\/td>\n<\/tr>\n<\/table>\n<p>[\/et_pb_text][\/et_pb_column][et_pb_column type=&#8221;1_3&#8243; _builder_version=&#8221;4.7.4&#8243; _module_preset=&#8221;default&#8221;][\/et_pb_column][\/et_pb_row][\/et_pb_section][et_pb_section fb_built=&#8221;1&#8243; admin_label=&#8221;Services | Products | Resoures&#8221; module_id=&#8221;nsk-services-band&#8221; module_class=&#8221;full-width&#8221; _builder_version=&#8221;4.9.4&#8243; _module_preset=&#8221;default&#8221; background_color=&#8221;RGBA(0,0,0,0)&#8221; background_image=&#8221;\/images\/99-gui\/services-band-background.jpg&#8221; width=&#8221;100%&#8221; max_width=&#8221;100%&#8221; module_alignment=&#8221;center&#8221; custom_margin=&#8221;0px|0px|0px|0px|false|false&#8221; custom_padding=&#8221;0px|0px|0px|0px|false|false&#8221; global_module=&#8221;574&#8243; saved_tabs=&#8221;all&#8221;][et_pb_row column_structure=&#8221;1_3,1_3,1_3&#8243; make_equal=&#8221;on&#8221; _builder_version=&#8221;4.7.4&#8243; _module_preset=&#8221;default&#8221; custom_margin=&#8221;0px||0px||false|false&#8221; custom_padding=&#8221;70px||70px||false|false&#8221;][et_pb_column type=&#8221;1_3&#8243; _builder_version=&#8221;4.7.4&#8243; _module_preset=&#8221;default&#8221; background_color=&#8221;rgba(0,0,0,0.7)&#8221;][et_pb_text admin_label=&#8221;Technical Support&#8221; _builder_version=&#8221;4.9.4&#8243; _module_preset=&#8221;default&#8221; min_height=&#8221;365px&#8221; custom_padding=&#8221;25px|20px|20px|20px|false|false&#8221;]<\/p>\n<h3 class=\"c-red\" style=\"padding: 0px 0px 20px 0px;\">Suporte <span class=\"display-large\">T\u00e9cnico<\/span><\/h3>\n<table class=\"nsk-site-links-bottom\">\n<tr>\n<td style=\"width: 18px;\"><a href=\"https:\/\/nskmetals.com\/pt-br\/suporte-tecnico\/aip-programa-de-valor-agregado\/\"><img decoding=\"async\" src=\"\/images\/gui\/nsk-arrow-white.png\" width=\"12px\"><\/a><\/td>\n<td><a href=\"https:\/\/nskmetals.com\/pt-br\/suporte-tecnico\/aip-programa-de-valor-agregado\/\">AIP \u2014 Programa de Valor Agregado<\/a><\/td>\n<\/tr>\n<tr>\n<td style=\"width: 18px;\"><a href=\"https:\/\/nskmetals.com\/pt-br\/suporte-tecnico\/especialistas-do-setor\/\"><img decoding=\"async\" src=\"\/images\/gui\/nsk-arrow-white.png\" width=\"12px\"><\/a><\/td>\n<td><a href=\"https:\/\/nskmetals.com\/pt-br\/suporte-tecnico\/especialistas-do-setor\/\">Especialistas do Setor<\/a><\/td>\n<\/tr>\n<tr>\n<td style=\"width: 18px;\"><a href=\"https:\/\/nskmetals.com\/pt-br\/suporte-tecnico\/engenharia-de-aplicacao\/\"><img decoding=\"async\" src=\"\/images\/gui\/nsk-arrow-white.png\" width=\"12px\"><\/a><\/td>\n<td><a href=\"https:\/\/nskmetals.com\/pt-br\/suporte-tecnico\/engenharia-de-aplicacao\/\">Engenharia de Aplica\u00e7\u00e3o<\/a><\/td>\n<\/tr>\n<tr>\n<td style=\"width: 18px;\"><a href=\"https:\/\/nskmetals.com\/pt-br\/suporte-tecnico\/repotencializacao\/\"><img decoding=\"async\" src=\"\/images\/gui\/nsk-arrow-white.png\" width=\"12px\"><\/a><\/td>\n<td><a href=\"https:\/\/nskmetals.com\/pt-br\/suporte-tecnico\/repotencializacao\/\">Repotencializa\u00e7\u00e3o<\/a><\/td>\n<\/tr>\n<tr>\n<td style=\"width: 18px;\"><a href=\"https:\/\/nskmetals.com\/pt-br\/suporte-tecnico\/ferramentas-de-manutencao\/\"><img decoding=\"async\" src=\"\/images\/gui\/nsk-arrow-white.png\" width=\"12px\"><\/a><\/td>\n<td><a href=\"https:\/\/nskmetals.com\/pt-br\/suporte-tecnico\/ferramentas-de-manutencao\/\">Ferramentas de Manuten\u00e7\u00e3o<\/a><\/td>\n<\/tr>\n<\/table>\n<p>[\/et_pb_text][\/et_pb_column][et_pb_column type=&#8221;1_3&#8243; _builder_version=&#8221;4.7.4&#8243; _module_preset=&#8221;default&#8221; background_color=&#8221;rgba(0,0,0,0.7)&#8221;][et_pb_text admin_label=&#8221;Products&#8221; _builder_version=&#8221;4.9.4&#8243; _module_preset=&#8221;default&#8221; min_height=&#8221;365px&#8221; custom_padding=&#8221;25px|20px|20px|20px|false|false&#8221;]<\/p>\n<h3 class=\"c-red\" style=\"padding: 0px 0px 20px 0px;\">Produtos<\/h3>\n<table class=\"nsk-site-links-bottom\">\n<tr>\n<td style=\"width: 18px;\"><a href=\"https:\/\/nskmetals.com\/pt-br\/produtos\/rolamentos-de-rolos\/\"><img decoding=\"async\" src=\"\/images\/gui\/nsk-arrow-white.png\" width=\"12px\"><\/a><\/td>\n<td><a href=\"https:\/\/nskmetals.com\/pt-br\/produtos\/rolamentos-de-rolos\/\">vedados de projeto especial<\/a><\/td>\n<\/tr>\n<tr>\n<td style=\"width: 18px;\"><a href=\"https:\/\/nskmetals.com\/pt-br\/produtos\/rolamentos-de-esferas\/\"><img decoding=\"async\" src=\"\/images\/gui\/nsk-arrow-white.png\" width=\"12px\"><\/a><\/td>\n<td><a href=\"https:\/\/nskmetals.com\/pt-br\/produtos\/rolamentos-de-esferas\/\">Rolamentos de esferas<\/a><\/td>\n<\/tr>\n<tr>\n<td style=\"width: 18px;\"><a href=\"https:\/\/nskmetals.com\/pt-br\/produtos\/unidades-de-rolamento\/\"><img decoding=\"async\" src=\"\/images\/gui\/nsk-arrow-white.png\" width=\"12px\"><\/a><\/td>\n<td><a href=\"https:\/\/nskmetals.com\/pt-br\/produtos\/unidades-de-rolamento\/\">Unidades de rolamento<\/a><\/td>\n<\/tr>\n<\/table>\n<p>[\/et_pb_text][\/et_pb_column][et_pb_column type=&#8221;1_3&#8243; _builder_version=&#8221;4.7.4&#8243; _module_preset=&#8221;default&#8221; background_color=&#8221;rgba(0,0,0,0.7)&#8221;][et_pb_text admin_label=&#8221;Resources&#8221; _builder_version=&#8221;4.9.4&#8243; _module_preset=&#8221;default&#8221; min_height=&#8221;365px&#8221; custom_padding=&#8221;25px|20px|20px|20px|false|false&#8221;]<\/p>\n<h3 class=\"c-red\" style=\"padding: 0px 0px 20px 0px;\">Recursos<\/h3>\n<table class=\"nsk-site-links-bottom\">\n<tr>\n<td style=\"width: 18px;\"><a href=\"https:\/\/nskmetals.com\/pt-br\/recursos\/literatura\/\"><img decoding=\"async\" src=\"\/images\/gui\/nsk-arrow-white.png\" width=\"12px\"><\/a><\/td>\n<td><a href=\"https:\/\/nskmetals.com\/pt-br\/recursos\/literatura\/\">Literatura<\/a><\/td>\n<\/tr>\n<tr>\n<td style=\"width: 18px;\"><a href=\"https:\/\/nskmetals.com\/pt-br\/recursos\/estudos-de-caso\/\"><img decoding=\"async\" src=\"\/images\/gui\/nsk-arrow-white.png\" width=\"12px\"><\/a><\/td>\n<td><a href=\"https:\/\/nskmetals.com\/pt-br\/recursos\/estudos-de-caso\/\">Estudos de Caso<\/a><\/td>\n<\/tr>\n<\/table>\n<p>[\/et_pb_text][\/et_pb_column][\/et_pb_row][\/et_pb_section]<\/p>\n","protected":false},"excerpt":{"rendered":"<p>Produtos Unidades de rolamentoMAXIMIZE A VIDA \u00daTIL E O DESEMPENHO DO ROLAMENTOMancais de servi\u00e7o geral a pesado em ferro fundido, ferro d\u00factil e material de a\u00e7o fundido com eixos de at\u00e9 10 \u00bd (226,7 mm). &nbsp;&nbsp;LEIA MAISBlocos de mancais de servi\u00e7o pesado em ferro fundido, ferro d\u00factil e material de a\u00e7o fundido com eixos de [&hellip;]<\/p>\n","protected":false},"author":1,"featured_media":0,"parent":6534,"menu_order":6,"comment_status":"closed","ping_status":"closed","template":"","meta":{"_et_pb_use_builder":"on","_et_pb_old_content":"","_et_gb_content_width":"","footnotes":""},"class_list":["post-6638","page","type-page","status-publish","hentry"],"_links":{"self":[{"href":"https:\/\/nskmetals.com\/pt-br\/wp-json\/wp\/v2\/pages\/6638","targetHints":{"allow":["GET"]}}],"collection":[{"href":"https:\/\/nskmetals.com\/pt-br\/wp-json\/wp\/v2\/pages"}],"about":[{"href":"https:\/\/nskmetals.com\/pt-br\/wp-json\/wp\/v2\/types\/page"}],"author":[{"embeddable":true,"href":"https:\/\/nskmetals.com\/pt-br\/wp-json\/wp\/v2\/users\/1"}],"replies":[{"embeddable":true,"href":"https:\/\/nskmetals.com\/pt-br\/wp-json\/wp\/v2\/comments?post=6638"}],"version-history":[{"count":12,"href":"https:\/\/nskmetals.com\/pt-br\/wp-json\/wp\/v2\/pages\/6638\/revisions"}],"predecessor-version":[{"id":7417,"href":"https:\/\/nskmetals.com\/pt-br\/wp-json\/wp\/v2\/pages\/6638\/revisions\/7417"}],"up":[{"embeddable":true,"href":"https:\/\/nskmetals.com\/pt-br\/wp-json\/wp\/v2\/pages\/6534"}],"wp:attachment":[{"href":"https:\/\/nskmetals.com\/pt-br\/wp-json\/wp\/v2\/media?parent=6638"}],"curies":[{"name":"wp","href":"https:\/\/api.w.org\/{rel}","templated":true}]}}