{"id":6650,"date":"2021-03-17T19:27:29","date_gmt":"2021-03-17T19:27:29","guid":{"rendered":"https:\/\/staging.nskmetals.com\/produtos\/graxa-resistente-a-agua-de-longa-vida\/"},"modified":"2025-08-21T19:03:07","modified_gmt":"2025-08-21T19:03:07","slug":"graxa-resistente-a-agua-de-longa-vida","status":"publish","type":"page","link":"https:\/\/nskmetals.com\/pt-br\/produtos\/graxa-resistente-a-agua-de-longa-vida\/","title":{"rendered":"GRAXA RESISTENTE \u00c0 \u00c1GUA DE LONGA DURA\u00c7\u00c3O"},"content":{"rendered":"<p>[et_pb_section fb_built=&#8221;1&#8243; admin_label=&#8221;Product 01 &#8211; Hero Section&#8221; module_id=&#8221;product-hero-background&#8221; module_class=&#8221;full-width&#8221; _builder_version=&#8221;4.16&#8243; _module_preset=&#8221;default&#8221; background_color=&#8221;#595959&#8243; background_image=&#8221;\/images\/99-page-headers\/00-home-hero-bof-converter-product.jpg&#8221; width=&#8221;100%&#8221; max_width=&#8221;100%&#8221; module_alignment=&#8221;center&#8221; custom_margin=&#8221;0px|0px|0px|0px|false|false&#8221; custom_padding=&#8221;0px|0px|0px|0px|false|false&#8221; global_colors_info=&#8221;{}&#8221;][et_pb_row column_structure=&#8221;1_2,1_2&#8243; make_equal=&#8221;on&#8221; _builder_version=&#8221;4.16&#8243; _module_preset=&#8221;default&#8221; module_alignment=&#8221;center&#8221; global_colors_info=&#8221;{}&#8221;][et_pb_column type=&#8221;1_2&#8243; _builder_version=&#8221;4.16&#8243; _module_preset=&#8221;default&#8221; global_colors_info=&#8221;{}&#8221;][et_pb_text _builder_version=&#8221;4.16&#8243; _module_preset=&#8221;default&#8221; custom_margin=&#8221;55px||270px||false|false&#8221; global_colors_info=&#8221;{}&#8221;]<\/p>\n<h6 class=\"c-white \">SOLU\u00c7\u00d5ES AVAN\u00c7ADAS DE PRODUTOS<\/h6>\n<h3 class=\"c-white h-product-subhead\">GRAXA RESISTENTE <br \/>\u00c0 \u00c1GUA DE LONGA VIDA<\/h2>\n<p>[\/et_pb_text][\/et_pb_column][et_pb_column type=&#8221;1_2&#8243; _builder_version=&#8221;4.16&#8243; _module_preset=&#8221;default&#8221; global_colors_info=&#8221;{}&#8221;][\/et_pb_column][\/et_pb_row][\/et_pb_section][et_pb_section fb_built=&#8221;1&#8243; admin_label=&#8221;Product 02 &#8211; Lead Copy with Image&#8221; module_class=&#8221;full-width&#8221; _builder_version=&#8221;4.16&#8243; _module_preset=&#8221;default&#8221; background_color=&#8221;#ffffff&#8221; width=&#8221;100%&#8221; max_width=&#8221;100%&#8221; module_alignment=&#8221;center&#8221; custom_margin=&#8221;0px|0px|0px|0px|false|false&#8221; custom_padding=&#8221;0px|0px|0px|0px|false|false&#8221; global_colors_info=&#8221;{}&#8221;][et_pb_row column_structure=&#8221;1_2,1_2&#8243; make_equal=&#8221;on&#8221; _builder_version=&#8221;4.16&#8243; _module_preset=&#8221;default&#8221; module_alignment=&#8221;center&#8221; custom_margin=&#8221;0px||0px||false|false&#8221; custom_padding=&#8221;0px||0px||false|false&#8221; global_colors_info=&#8221;{}&#8221;][et_pb_column type=&#8221;1_2&#8243; _builder_version=&#8221;4.16&#8243; _module_preset=&#8221;default&#8221; global_colors_info=&#8221;{}&#8221;][et_pb_text _builder_version=&#8221;4.16&#8243; _module_preset=&#8221;default&#8221; custom_margin=&#8221;0px||0px||false|false&#8221; custom_padding=&#8221;60px|25px|65px||false|false&#8221; global_colors_info=&#8221;{}&#8221;]<\/p>\n<p style=\"font-size: 17px !important;\">A lubrifica\u00e7\u00e3o eficaz \u00e9 essencial para o desempenho e a vida operacional do rolamento, especialmente em aplica\u00e7\u00f5es de laminadores, onde a entrada de detritos estranhos e \u00e1gua pode levar rapidamente \u00e0 deteriora\u00e7\u00e3o do lubrificante, contato de metal com metal e danos por escama\u00e7\u00e3o.<\/p>\n<p style=\"font-size: 17px !important;\">Para aplica\u00e7\u00f5es de rolamentos de rolos c\u00f4nicos de quatro carreiras vedados e cilindros de trabalho, a NSK desenvolveu uma graxa resistente \u00e0 \u00e1gua de longa vida (AQGRD R1) que \u00e9 aprimorada em termos de viscosidade do \u00f3leo base e aditivos especiais resistentes \u00e0 \u00e1gua.<\/p>\n<p style=\"font-size: 17px !important;\">Com uma camada mais espessa de pel\u00edcula lubrificante e uma pel\u00edcula de \u00f3xido protetora, a graxa AQGRD R1 tem propriedades avan\u00e7adas para repelir a \u00e1gua. Mesmo nos casos em que h\u00e1 pel\u00edcula lubrificante insuficiente, a pel\u00edcula de \u00f3xido protetora ainda \u00e9 capaz de evitar o contato da \u00e1gua entre os roletes e as superf\u00edcies da pista.<\/p>\n<p>[\/et_pb_text][\/et_pb_column][et_pb_column type=&#8221;1_2&#8243; _builder_version=&#8221;4.16&#8243; _module_preset=&#8221;default&#8221; custom_css_main_element=&#8221;float: right;&#8221; global_colors_info=&#8221;{}&#8221;][et_pb_code module_class=&#8221;product-image-1&#8243; _builder_version=&#8221;4.16&#8243; _module_preset=&#8221;default&#8221; global_colors_info=&#8221;{}&#8221;]<\/p>\n<div><!-- [et_pb_line_break_holder] -->  <img decoding=\"async\" src=\"\/images\/50-products\/bearing-grease\/5D2-NSK-Bearing-Grease-Rotated.png\"><!-- [et_pb_line_break_holder] --><\/div>\n<p>[\/et_pb_code][\/et_pb_column][\/et_pb_row][\/et_pb_section][et_pb_section fb_built=&#8221;1&#8243; admin_label=&#8221;Product 03 &#8211; Band &#8211; Proven Advantages Literature&#8221; module_class=&#8221;full-width&#8221; _builder_version=&#8221;4.16&#8243; _module_preset=&#8221;default&#8221; background_color=&#8221;#f0f0f0&#8243; width=&#8221;100%&#8221; max_width=&#8221;100%&#8221; module_alignment=&#8221;center&#8221; custom_margin=&#8221;0px|0px|0px|0px|false|false&#8221; custom_padding=&#8221;0px|0px|0px|0px|false|false&#8221; global_colors_info=&#8221;{}&#8221;][et_pb_row column_structure=&#8221;1_2,1_2&#8243; _builder_version=&#8221;4.16&#8243; _module_preset=&#8221;default&#8221; module_alignment=&#8221;center&#8221; custom_margin=&#8221;0px||0px||false|false&#8221; custom_padding=&#8221;0px||0px||false|false&#8221; global_colors_info=&#8221;{}&#8221;][et_pb_column type=&#8221;1_2&#8243; _builder_version=&#8221;4.16&#8243; _module_preset=&#8221;default&#8221; global_colors_info=&#8221;{}&#8221;][et_pb_text module_class=&#8221;product-b-text&#8221; _builder_version=&#8221;4.16&#8243; _module_preset=&#8221;default&#8221; text_font_size=&#8221;28px&#8221; background_color=&#8221;rgba(0,0,0,0)&#8221; custom_margin=&#8221;0px||0px||false|false&#8221; custom_padding=&#8221;45px||45px||false|false&#8221; global_colors_info=&#8221;{}&#8221;]<\/p>\n<h3 class=\"c-red\">VANTAGENS COMPROVADAS<\/h3>\n<table class=\"nsk-bullet-list-table\">\n<tr>\n<td><img decoding=\"async\" src=\"\/images\/gui\/nsk-bullet-arrow-red.png\"><\/td>\n<td>Inibe a entrada de \u00e1gua na superf\u00edcie de rolamento<\/td>\n<\/tr>\n<tr>\n<td><img decoding=\"async\" src=\"\/images\/gui\/nsk-bullet-arrow-red.png\"><\/td>\n<td>Minimiza a escama\u00e7\u00e3o e ferrugem prematuras<\/td>\n<\/tr>\n<tr>\n<td><img decoding=\"async\" src=\"\/images\/gui\/nsk-bullet-arrow-red.png\"><\/td>\n<td>Mais do que o dobro da vida \u00fatil de escama\u00e7\u00e3o do rolamento em compara\u00e7\u00e3o com a graxa convencional<\/td>\n<\/tr>\n<tr>\n<td><img decoding=\"async\" src=\"\/images\/gui\/nsk-bullet-arrow-red.png\"><\/td>\n<td>Reduz o consumo e o desperd\u00edcio de graxa<\/td>\n<\/tr>\n<\/table>\n<p>[\/et_pb_text][\/et_pb_column][et_pb_column type=&#8221;1_2&#8243; module_class=&#8221;product-b-image-column&#8221; _builder_version=&#8221;4.16&#8243; _module_preset=&#8221;default&#8221; background_enable_image=&#8221;off&#8221; custom_css_main_element=&#8221;float: right;&#8221; global_colors_info=&#8221;{}&#8221;][et_pb_code module_class=&#8221;product-b-image&#8221; _builder_version=&#8221;4.27.4&#8243; _module_preset=&#8221;default&#8221; background_image=&#8221;\/images\/70-resources\/literature\/product-b-background-1.jpg&#8221; custom_margin=&#8221;0px||0px||false|false&#8221; custom_padding=&#8221;0px||0px||false|false&#8221; link_option_url=&#8221;\/documents\/literature-pt\/NSK-Literature-Bearing-Grease-PT.pdf&#8221; link_option_url_new_window=&#8221;on&#8221; hover_enabled=&#8221;0&#8243; custom_css_main_element=&#8221;position: relative;&#8221; global_colors_info=&#8221;{}&#8221; sticky_enabled=&#8221;0&#8243;]<\/p>\n<div class=\"image-b-wrapper\"><!-- [et_pb_line_break_holder] --> <img decoding=\"async\" class=\"literature-cover\" src=\"\/images-pt\/70-resources\/literature\/5D2-product-b-grease-PT.png\"><!-- [et_pb_line_break_holder] --> <img decoding=\"async\" class=\"literature-link\" src=\"\/images-pt\/70-resources\/literature\/literature-download-icon-text-PT.png\"><!-- [et_pb_line_break_holder] --><\/div>\n<p><!-- [et_pb_line_break_holder] -->[\/et_pb_code][\/et_pb_column][\/et_pb_row][\/et_pb_section][et_pb_section fb_built=&#8221;1&#8243; admin_label=&#8221;Product 04 &#8211; Design Features&#8221; module_class=&#8221;full-width&#8221; _builder_version=&#8221;4.16&#8243; _module_preset=&#8221;default&#8221; background_color=&#8221;#ffffff&#8221; width=&#8221;100%&#8221; max_width=&#8221;100%&#8221; module_alignment=&#8221;center&#8221; custom_margin=&#8221;0px|0px|0px|0px|false|false&#8221; custom_padding=&#8221;0px|0px|0px|0px|false|false&#8221; global_colors_info=&#8221;{}&#8221;][et_pb_row _builder_version=&#8221;4.16&#8243; _module_preset=&#8221;default&#8221; custom_margin=&#8221;0px||0px||false|false&#8221; custom_padding=&#8221;0px||0px||false|false&#8221; global_colors_info=&#8221;{}&#8221;][et_pb_column type=&#8221;4_4&#8243; _builder_version=&#8221;4.16&#8243; _module_preset=&#8221;default&#8221; global_colors_info=&#8221;{}&#8221;][et_pb_text _builder_version=&#8221;4.16&#8243; _module_preset=&#8221;default&#8221; custom_margin=&#8221;0px||0px||false|false&#8221; custom_padding=&#8221;60px||30px||false|false&#8221; global_colors_info=&#8221;{}&#8221;]<\/p>\n<h3 class=\"c-red\">PROPRIEDADES DE GRAXA PARA ROLAMENTO NSK<\/h3>\n<p>[\/et_pb_text][\/et_pb_column][\/et_pb_row][et_pb_row column_structure=&#8221;3_5,2_5&#8243; make_equal=&#8221;on&#8221; _builder_version=&#8221;4.16&#8243; _module_preset=&#8221;default&#8221; module_alignment=&#8221;center&#8221; custom_margin=&#8221;0px||0px||false|false&#8221; custom_padding=&#8221;0px||0px||false|false&#8221; global_colors_info=&#8221;{}&#8221;][et_pb_column type=&#8221;3_5&#8243; _builder_version=&#8221;4.16&#8243; _module_preset=&#8221;default&#8221; global_colors_info=&#8221;{}&#8221;][et_pb_text _builder_version=&#8221;4.16&#8243; _module_preset=&#8221;default&#8221; text_text_color=&#8221;#666666&#8243; background_color=&#8221;rgba(0,0,0,0)&#8221; custom_margin=&#8221;0px||0px||false|false&#8221; custom_padding=&#8221;0px||60px||false|false&#8221; global_colors_info=&#8221;{}&#8221;]<\/p>\n<style>\n.bearing-grease-table-1 { border-collapse: collapse; }\n.bearing-grease-table-1 td, .bearing-grease-table-1 th { border: 1px solid #999999; padding: 8px 15px 8px 15px;; }\n.bearing-grease-table-1 .th-dark-grey { color: #ffffff; background: #222222; }\n.bearing-grease-table-1 .th-red { color: #ffffff; background: #ec1b3b; text-align: center;  }\n.bearing-grease-table-1 .td-entry-white { color: #222222; background: #ffffff; }\n.bearing-grease-table-1 .td-entry-lt-grey { color: #222222; font-weight: bold; background: #f0f0f0; text-align: center; }\n<\/style>\n<table class=\"bearing-grease-table-1\">\n<tr>\n<th class=\"th-dark-grey\">CONTE\u00daDO<\/th>\n<th class=\"th-red\">GRAXA AQGRD R1<\/th>\n<\/tr>\n<tr>\n<td class=\"td-entry-white\">Cor<\/td>\n<td class=\"td-entry-lt-grey\">Amarelo<\/td>\n<\/tr>\n<tr>\n<td class=\"td-entry-white\">Grau NLGI<\/td>\n<td class=\"td-entry-lt-grey\">2<\/td>\n<\/tr>\n<tr>\n<td class=\"td-entry-white\">Consist\u00eancia (penetra\u00e7\u00e3o trabalhada)<\/td>\n<td class=\"td-entry-lt-grey\">322<\/td>\n<\/tr>\n<tr>\n<td class=\"td-entry-white\">\u00d3leo base<\/td>\n<td class=\"td-entry-lt-grey\">\u00d3leo mineral<\/td>\n<\/tr>\n<tr>\n<td class=\"td-entry-white\">Espessante<\/td>\n<td class=\"td-entry-lt-grey\">Sab\u00e3o complexo de l\u00edtio<\/td>\n<\/tr>\n<tr>\n<td class=\"td-entry-white\">Viscosidade do \u00f3leo base, mm2\/s a 40 \u00b0C\/a 100 \u00b0C<\/td>\n<td class=\"td-entry-lt-grey\">352 \/ 28.7<\/td>\n<\/tr>\n<tr>\n<td class=\"td-entry-white\">\u00cdndice de viscosidade<\/td>\n<td class=\"td-entry-lt-grey\">108<\/td>\n<\/tr>\n<tr>\n<td class=\"td-entry-white\">Ponto de gota (\u00b0C)<\/td>\n<td class=\"td-entry-lt-grey\">216<\/td>\n<\/tr>\n<tr>\n<td class=\"td-entry-white\">Separa\u00e7\u00e3o de \u00f3leo (% massa)<\/td>\n<td class=\"td-entry-lt-grey\">1.4<\/td>\n<\/tr>\n<tr>\n<td class=\"td-entry-white\">Estabilidade de oxida\u00e7\u00e3o (kPa)<\/td>\n<td class=\"td-entry-lt-grey\">30<\/td>\n<\/tr>\n<tr>\n<td class=\"td-entry-white\">Elimina\u00e7\u00e3o de \u00e1gua (% massa)<\/td>\n<td class=\"td-entry-lt-grey\">59<\/td>\n<\/tr>\n<tr>\n<td class=\"td-entry-white\">Propriedades preventivas de corros\u00e3o (com base na ASTM D1743)<\/td>\n<td class=\"td-entry-lt-grey\">#1 (no corrosion)<\/td>\n<\/tr>\n<\/table>\n<p>[\/et_pb_text][\/et_pb_column][et_pb_column type=&#8221;2_5&#8243; _builder_version=&#8221;4.16&#8243; _module_preset=&#8221;default&#8221; global_colors_info=&#8221;{}&#8221;][et_pb_image src=&#8221;\/images\/50-products\/bearing-grease\/5D2-bearing-grease-application.jpg&#8221; title_text=&#8221;wf-produto-caracter\u00edsticas&#8221; _builder_version=&#8221;4.16&#8243; _module_preset=&#8221;default&#8221; custom_margin=&#8221;0px||0px||false|false&#8221; custom_padding=&#8221;0px||60px||false|false&#8221; global_colors_info=&#8221;{}&#8221;][\/et_pb_image][\/et_pb_column][\/et_pb_row][\/et_pb_section][et_pb_section fb_built=&#8221;1&#8243; admin_label=&#8221;Services | Products | Resoures&#8221; module_id=&#8221;nsk-services-band&#8221; module_class=&#8221;full-width&#8221; _builder_version=&#8221;4.7.4&#8243; _module_preset=&#8221;default&#8221; background_color=&#8221;rgba(0,0,0,0)&#8221; background_image=&#8221;\/images\/99-gui\/services-band-background.jpg&#8221; width=&#8221;100%&#8221; max_width=&#8221;100%&#8221; module_alignment=&#8221;center&#8221; custom_margin=&#8221;0px|0px|0px|0px|false|false&#8221; custom_padding=&#8221;0px|0px|0px|0px|false|false&#8221; global_module=&#8221;574&#8243; saved_tabs=&#8221;all&#8221; global_colors_info=&#8221;{}&#8221;][et_pb_row column_structure=&#8221;1_3,1_3,1_3&#8243; make_equal=&#8221;on&#8221; _builder_version=&#8221;4.16&#8243; _module_preset=&#8221;default&#8221; custom_margin=&#8221;0px||0px||false|false&#8221; custom_padding=&#8221;70px||70px||false|false&#8221; global_colors_info=&#8221;{}&#8221;][et_pb_column type=&#8221;1_3&#8243; _builder_version=&#8221;4.16&#8243; _module_preset=&#8221;default&#8221; background_color=&#8221;rgba(0,0,0,0.7)&#8221; global_colors_info=&#8221;{}&#8221;][et_pb_text admin_label=&#8221;Technical Support&#8221; _builder_version=&#8221;4.16&#8243; _module_preset=&#8221;default&#8221; min_height=&#8221;365px&#8221; custom_padding=&#8221;25px|20px|20px|20px|false|false&#8221; global_colors_info=&#8221;{}&#8221;]<\/p>\n<h3 class=\"c-red\" style=\"padding: 0px 0px 20px 0px;\"><span class=\"display-large\">Technical<\/span> Support<\/h3>\n<table class=\"nsk-site-links-bottom\">\n<tr>\n<td style=\"width: 18px;\"><a href=\"\/technical-support\/aip-added-value-program\"><img decoding=\"async\" src=\"\/images\/gui\/nsk-arrow-white.png\" width=\"12px\"><\/a><\/td>\n<td><a href=\"\/technical-support\/aip-added-value-program\">AIP &#8211; Added Value Program<\/a><\/td>\n<\/tr>\n<tr>\n<td style=\"width: 18px;\"><a href=\"\/technical-support\/industry-experts\"><img decoding=\"async\" src=\"\/images\/gui\/nsk-arrow-white.png\" width=\"12px\"><\/a><\/td>\n<td><a href=\"\/technical-support\/industry-experts\">Industry Experts<\/a><\/td>\n<\/tr>\n<tr>\n<td style=\"width: 18px;\"><a href=\"\/technical-support\/application-engineering\"><img decoding=\"async\" src=\"\/images\/gui\/nsk-arrow-white.png\" width=\"12px\"><\/a><\/td>\n<td><a href=\"\/technical-support\/application-engineering\">Application Engineering<\/a><\/td>\n<\/tr>\n<tr>\n<td style=\"width: 18px;\"><a href=\"\/technical-support\/reconditioning\"><img decoding=\"async\" src=\"\/images\/gui\/nsk-arrow-white.png\" width=\"12px\"><\/a><\/td>\n<td><a href=\"\/technical-support\/reconditioning\">Reconditioning<\/a><\/td>\n<\/tr>\n<tr>\n<td style=\"width: 18px;\"><a href=\"\/technical-support\/maintenance-tools\"><img decoding=\"async\" src=\"\/images\/gui\/nsk-arrow-white.png\" width=\"12px\"><\/a><\/td>\n<td><a href=\"\/technical-support\/maintenance-tools\">Maintenance Tools<\/a><\/td>\n<\/tr>\n<\/table>\n<p>[\/et_pb_text][\/et_pb_column][et_pb_column type=&#8221;1_3&#8243; _builder_version=&#8221;4.16&#8243; _module_preset=&#8221;default&#8221; background_color=&#8221;rgba(0,0,0,0.7)&#8221; global_colors_info=&#8221;{}&#8221;][et_pb_text admin_label=&#8221;Products&#8221; _builder_version=&#8221;4.16&#8243; _module_preset=&#8221;default&#8221; min_height=&#8221;365px&#8221; custom_padding=&#8221;25px|20px|20px|20px|false|false&#8221; global_colors_info=&#8221;{}&#8221;]<\/p>\n<h3 class=\"c-red\" style=\"padding: 0px 0px 20px 0px;\">Products<\/h3>\n<table class=\"nsk-site-links-bottom\">\n<tr>\n<td style=\"width: 18px;\"><a href=\"\/products\/roller-bearings\"><img decoding=\"async\" src=\"\/images\/gui\/nsk-arrow-white.png\" width=\"12px\"><\/a><\/td>\n<td><a href=\"\/products\/roller-bearings\">Roller Bearings<\/a><\/td>\n<\/tr>\n<tr>\n<td style=\"width: 18px;\"><a href=\"\/products\/ball-bearings\"><img decoding=\"async\" src=\"\/images\/gui\/nsk-arrow-white.png\" width=\"12px\"><\/a><\/td>\n<td><a href=\"\/products\/ball-bearings\">Ball Bearings<\/a><\/td>\n<\/tr>\n<tr>\n<td style=\"width: 18px;\"><a href=\"\/products\/bearing-units\"><img decoding=\"async\" src=\"\/images\/gui\/nsk-arrow-white.png\" width=\"12px\"><\/a><\/td>\n<td><a href=\"\/products\/bearing-units\">Bearing Units<\/a><\/td>\n<\/tr>\n<\/table>\n<p>[\/et_pb_text][\/et_pb_column][et_pb_column type=&#8221;1_3&#8243; _builder_version=&#8221;4.16&#8243; _module_preset=&#8221;default&#8221; background_color=&#8221;rgba(0,0,0,0.7)&#8221; global_colors_info=&#8221;{}&#8221;][et_pb_text admin_label=&#8221;Resources&#8221; _builder_version=&#8221;4.16&#8243; _module_preset=&#8221;default&#8221; min_height=&#8221;365px&#8221; custom_padding=&#8221;25px|20px|20px|20px|false|false&#8221; global_colors_info=&#8221;{}&#8221;]<\/p>\n<h3 class=\"c-red\" style=\"padding: 0px 0px 20px 0px;\">Resources<\/h3>\n<table class=\"nsk-site-links-bottom\">\n<tr>\n<td style=\"width: 18px;\"><a href=\"\/resources\/literature\"><img decoding=\"async\" src=\"\/images\/gui\/nsk-arrow-white.png\" width=\"12px\"><\/a><\/td>\n<td><a href=\"\/resources\/literature\">Literature<\/a><\/td>\n<\/tr>\n<tr>\n<td style=\"width: 18px;\"><a href=\"\/resources\/case-studies\"><img decoding=\"async\" src=\"\/images\/gui\/nsk-arrow-white.png\" width=\"12px\"><\/a><\/td>\n<td><a href=\"\/resources\/case-studies\">Case Studies<\/a><\/td>\n<\/tr>\n<\/table>\n<p>[\/et_pb_text][\/et_pb_column][\/et_pb_row][\/et_pb_section]<\/p>\n","protected":false},"excerpt":{"rendered":"<p>A lubrifica\u00e7\u00e3o eficaz \u00e9 essencial para o desempenho e a vida operacional do rolamento, especialmente em aplica\u00e7\u00f5es de laminadores, onde a entrada de detritos estranhos e \u00e1gua pode levar rapidamente \u00e0 deteriora\u00e7\u00e3o do lubrificante, contato de metal com metal e danos por escama\u00e7\u00e3o. Para aplica\u00e7\u00f5es de rolamentos de rolos c\u00f4nicos de quatro carreiras vedados e cilindros de trabalho, a NSK desenvolveu uma graxa resistente \u00e0 \u00e1gua de longa vida (AQGRD R1) que \u00e9 aprimorada em termos de viscosidade do \u00f3leo base e aditivos especiais resistentes \u00e0 \u00e1gua.<\/p>\n","protected":false},"author":1,"featured_media":0,"parent":6534,"menu_order":7,"comment_status":"closed","ping_status":"closed","template":"","meta":{"_et_pb_use_builder":"on","_et_pb_old_content":"","_et_gb_content_width":"","footnotes":""},"class_list":["post-6650","page","type-page","status-publish","hentry"],"_links":{"self":[{"href":"https:\/\/nskmetals.com\/pt-br\/wp-json\/wp\/v2\/pages\/6650","targetHints":{"allow":["GET"]}}],"collection":[{"href":"https:\/\/nskmetals.com\/pt-br\/wp-json\/wp\/v2\/pages"}],"about":[{"href":"https:\/\/nskmetals.com\/pt-br\/wp-json\/wp\/v2\/types\/page"}],"author":[{"embeddable":true,"href":"https:\/\/nskmetals.com\/pt-br\/wp-json\/wp\/v2\/users\/1"}],"replies":[{"embeddable":true,"href":"https:\/\/nskmetals.com\/pt-br\/wp-json\/wp\/v2\/comments?post=6650"}],"version-history":[{"count":13,"href":"https:\/\/nskmetals.com\/pt-br\/wp-json\/wp\/v2\/pages\/6650\/revisions"}],"predecessor-version":[{"id":7963,"href":"https:\/\/nskmetals.com\/pt-br\/wp-json\/wp\/v2\/pages\/6650\/revisions\/7963"}],"up":[{"embeddable":true,"href":"https:\/\/nskmetals.com\/pt-br\/wp-json\/wp\/v2\/pages\/6534"}],"wp:attachment":[{"href":"https:\/\/nskmetals.com\/pt-br\/wp-json\/wp\/v2\/media?parent=6650"}],"curies":[{"name":"wp","href":"https:\/\/api.w.org\/{rel}","templated":true}]}}