{"id":6774,"date":"2020-12-03T14:35:27","date_gmt":"2020-12-03T14:35:27","guid":{"rendered":"https:\/\/staging.nskmetals.com\/politica-de-privacidade\/"},"modified":"2024-04-19T17:43:16","modified_gmt":"2024-04-19T17:43:16","slug":"politica-de-privacidade","status":"publish","type":"page","link":"https:\/\/nskmetals.com\/pt-br\/politica-de-privacidade\/","title":{"rendered":"POL\u00cdTICA DE PRIVACIDADE"},"content":{"rendered":"<p>[et_pb_section fb_built=&#8221;1&#8243; admin_label=&#8221;Product 01 &#8211; Hero Section&#8221; module_class=&#8221;full-width&#8221; _builder_version=&#8221;4.7.4&#8243; _module_preset=&#8221;default&#8221; background_color=&#8221;#595959&#8243; background_image=&#8221;\/images\/99-page-headers\/00-home-hero-bof-converter.jpg&#8221; width=&#8221;100%&#8221; max_width=&#8221;100%&#8221; module_alignment=&#8221;center&#8221; custom_margin=&#8221;0px|0px|0px|0px|false|false&#8221; custom_padding=&#8221;0px|0px|0px|0px|false|false&#8221;][et_pb_row column_structure=&#8221;1_2,1_2&#8243; make_equal=&#8221;on&#8221; _builder_version=&#8221;4.7.4&#8243; _module_preset=&#8221;default&#8221; module_alignment=&#8221;center&#8221;][et_pb_column type=&#8221;1_2&#8243; _builder_version=&#8221;4.7.4&#8243; _module_preset=&#8221;default&#8221;][et_pb_text _builder_version=&#8221;4.9.4&#8243; _module_preset=&#8221;default&#8221; custom_margin=&#8221;55px||320px||false|false&#8221;]<\/p>\n<h6 class=\"c-white \">&nbsp;<\/h6>\n<h3 class=\"c-white h-product-subhead\">Pol\u00edtica de Privacidade<\/h2>\n<p>[\/et_pb_text][\/et_pb_column][et_pb_column type=&#8221;1_2&#8243; _builder_version=&#8221;4.7.4&#8243; _module_preset=&#8221;default&#8221;][\/et_pb_column][\/et_pb_row][\/et_pb_section][et_pb_section fb_built=&#8221;1&#8243; _builder_version=&#8221;4.9.4&#8243; _module_preset=&#8221;default&#8221; custom_margin=&#8221;0px||0px||false|false&#8221; custom_padding=&#8221;0px||0px||false|false&#8221;][et_pb_row column_structure=&#8221;2_3,1_3&#8243; _builder_version=&#8221;4.9.4&#8243; _module_preset=&#8221;default&#8221; custom_margin=&#8221;0px||0px||false|false&#8221; custom_padding=&#8221;0px||0px||false|false&#8221;][et_pb_column type=&#8221;2_3&#8243; _builder_version=&#8221;4.7.4&#8243; _module_preset=&#8221;default&#8221;][et_pb_text _builder_version=&#8221;4.9.4&#8243; _module_preset=&#8221;default&#8221; custom_margin=&#8221;0px||0px||false|false&#8221; custom_padding=&#8221;60px||100px||false|false&#8221;]<\/p>\n<p>A NSK deseja que todos os usu\u00e1rios obtenham o m\u00e1ximo do site da NSK e entendam os esfor\u00e7os feitos pela NSK para proteger as informa\u00e7\u00f5es individuais de cada usu\u00e1rio. A NSK est\u00e1 registrada nos termos da prote\u00e7\u00e3o de dados de 1998, e a privacidade dos usu\u00e1rios \u00e9 extremamente importante para n\u00f3s.<\/p>\n<p>A NSK tamb\u00e9m deseja que os usu\u00e1rios entendam os tipos de informa\u00e7\u00f5es que a NSK coleta sobre os usu\u00e1rios, os m\u00e9todos de coleta dessas informa\u00e7\u00f5es e os usos dessas informa\u00e7\u00f5es.<\/p>\n<h4 class=\"c-red\">Informa\u00e7\u00f5es Pessoais<\/h4>\n<p>A NSK coleta apenas informa\u00e7\u00f5es que podem identific\u00e1-lo pessoalmente de forma volunt\u00e1ria por meio do envio afirmativo de e-mail e\/ou formul\u00e1rios on-line e\/ou solicita\u00e7\u00f5es de uso de software espec\u00edfico. Exemplos de informa\u00e7\u00f5es pessoais podem incluir nome, cargo, empresa, endere\u00e7o, n\u00famero de telefone, n\u00famero de fax, endere\u00e7o de e-mail e outros dados semelhantes.<\/p>\n<p>Usamos as informa\u00e7\u00f5es pessoais que voc\u00ea nos fornece das maneiras a seguir, a menos que indicado de outra forma em p\u00e1ginas espec\u00edficas do site ou indicado no momento em que coletamos as informa\u00e7\u00f5es: para responder \u00e0s suas solicita\u00e7\u00f5es, responder a perguntas, como uma ferramenta de comunica\u00e7\u00e3o sobre nossos produtos e\/ou servi\u00e7os, melhorar as opera\u00e7\u00f5es da NSK e como um meio de entender melhor suas necessidades como um cliente NSK ou cliente potencial.<\/p>\n<p>Essas informa\u00e7\u00f5es podem ser compartilhadas por empresas dentro da fam\u00edlia NSK de empresas, incluindo qualquer empresa que contratamos para gerenciar nosso site ou elaborar relat\u00f3rios estat\u00edsticos em nosso site em nosso nome, mas n\u00e3o vendemos, alugamos nem comercializamos quaisquer informa\u00e7\u00f5es pessoais sobre voc\u00ea para terceiros fora das empresas NSK. Qualquer terceiro envolvido na gest\u00e3o ou gera\u00e7\u00e3o de relat\u00f3rios do nosso site estar\u00e1 legalmente sujeito a confidencialidade.<\/p>\n<h4 class=\"c-red\">Informa\u00e7\u00f5es N\u00e3o Pessoais<\/h4>\n<p>A NSK, em alguns casos, coleta automaticamente dados t\u00edpicos de log do servidor da web como resultado de sua visita ao nosso site. Esses dados n\u00e3o s\u00e3o pessoalmente identific\u00e1veis, como o site que o encaminhou para n\u00f3s, nome de dom\u00ednio, endere\u00e7o IP, tipo e vers\u00e3o do navegador, sistema operacional e plataforma do computador, informa\u00e7\u00f5es pesquisadas, p\u00e1ginas visualizadas, tempo gasto em nosso site e hor\u00e1rios de acesso. Usamos essas informa\u00e7\u00f5es para gerar estat\u00edsticas e medir a atividade que nosso site produz para o benef\u00edcio de seus usu\u00e1rios. Esses dados ajudam a NSK a administrar e melhorar seu site. A NSK pode divulgar informa\u00e7\u00f5es estat\u00edsticas n\u00e3o pessoais a terceiros com os quais ela tenha obriga\u00e7\u00f5es contratuais.<\/p>\n<p>A NSK n\u00e3o \u00e9 capaz de vincular o endere\u00e7o IP e dados pessoais, ou seja, nenhum perfil de usu\u00e1rio \u00e9 criado. Os dados armazenados s\u00e3o usados exclusivamente para fins de identifica\u00e7\u00e3o e investiga\u00e7\u00e3o de acessos n\u00e3o autorizados. Essa avalia\u00e7\u00e3o \u00e9 realizada exclusivamente por funcion\u00e1rios ou prestadores de servi\u00e7os autorizados por n\u00f3s.<\/p>\n<h4 class=\"c-red\">Cookies<\/h4>\n<p>Cookies s\u00e3o pequenas informa\u00e7\u00f5es que s\u00e3o armazenadas pelo seu navegador no disco r\u00edgido do seu computador. A maioria dos navegadores tem op\u00e7\u00f5es que permitem ao visitante controlar se aceitar\u00e1 cookies, rejeitar\u00e1 cookies ou notificar\u00e1 o visitante sempre que um cookie for enviado. Configurar seu navegador para rejeitar cookies significa que o site da NSK n\u00e3o o reconhecer\u00e1 quando voc\u00ea retornar, o que significa que todos os seus dados espec\u00edficos devem ser enviados para o site cada vez que voc\u00ea usar um formul\u00e1rio. Aceitar cookies significa que os dados privados que voc\u00ea opta por fornecer podem residir no servidor da web da NSK, e a \u00fanica informa\u00e7\u00e3o transmitida em visitas subsequentes pela Internet \u00e9 o seu cookie de ID e qualquer nova informa\u00e7\u00e3o que voc\u00ea decida fornecer. A NSK usa cookies para permitir que ela identifique os visitantes que retornam ao site da NSK. Essa identifica\u00e7\u00e3o aprimora os relacionamentos individuais da NSK com os usu\u00e1rios, por exemplo, preenchendo automaticamente formul\u00e1rios com os dados do usu\u00e1rio.<\/p>\n<p><em>Cookies Estritamente Necess\u00e1rios<\/em><\/p>\n<p>Para permitir que voc\u00ea navegue no site e use seus recursos, alguns cookies s\u00e3o estritamente necess\u00e1rios. Sem eles, n\u00e3o ser\u00e1 poss\u00edvel identificar o n\u00famero de usu\u00e1rios \u00fanicos do site ou disponibilizar alguns recursos, como a assinatura autom\u00e1tica nos servi\u00e7os NSK.<\/p>\n<p><em>Cookies de Funcionalidade<\/em><\/p>\n<p>Os Cookies de Funcionalidade registram informa\u00e7\u00f5es sobre suas escolhas e nos permitem personalizar nossa oferta para voc\u00ea.<\/p>\n<p><em>Cookies de Desempenho<\/em><\/p>\n<p>Esses cookies s\u00e3o usados em todo o site da NSK para fins internos para oferecer a voc\u00ea uma experi\u00eancia de usu\u00e1rio aprimorada. Essas informa\u00e7\u00f5es nos ajudam a entender como nossos visitantes usam o site e como podemos melhorar a apresenta\u00e7\u00e3o de nosso conte\u00fado a voc\u00ea.<\/p>\n<p>Assim, diferentes ideias de design tamb\u00e9m podem ser testadas.&nbsp;<\/p>\n<p>Geralmente contratamos empresas independentes de medi\u00e7\u00e3o e pesquisa para realizar esses servi\u00e7os para n\u00f3s e, neste caso, esses cookies podem vir de uma empresa terceirizada (cookies de terceiros).<\/p>\n<p>Os cookies de terceiros s\u00e3o mostrados na lista abaixo, bem como informa\u00e7\u00f5es sobre como optar por n\u00e3o receb\u00ea-los.<\/p>\n<p>O site da NSK cont\u00e9m links para outros sites. Esteja ciente de que esta declara\u00e7\u00e3o de privacidade n\u00e3o cobre esses sites, e a NSK n\u00e3o \u00e9 respons\u00e1vel pelas pr\u00e1ticas de privacidade ou pelo conte\u00fado desses outros sites.<\/p>\n<h4 class=\"c-red\">Newsletter<\/h4>\n<p>Se voc\u00ea concordou com a coleta, processamento e utiliza\u00e7\u00e3o dos seus dados pessoais pela NSK quando se inscreveu na nossa newsletter, vamos guardar, utilizar e processar os dados indicados abaixo no seu perfil. Essas informa\u00e7\u00f5es nos ajudam a enviar a voc\u00ea conte\u00fado relevante adaptado aos seus interesses e a avaliar melhor nossas comunica\u00e7\u00f5es. No \u00e2mbito do seu consentimento declarado, a NSK enviar\u00e1 boletins informativos e armazenar\u00e1 e usar\u00e1 as informa\u00e7\u00f5es do seu perfil da seguinte forma:<\/p>\n<ul>\n<li>Se voc\u00ea abrir nossos e-mails, clicar nos links que eles cont\u00eam ou enviar um formul\u00e1rio da web ap\u00f3s clicar em um link, perceberemos isso e salvaremos essas informa\u00e7\u00f5es em seu perfil.<\/li>\n<li>Se voc\u00ea abrir nossos e-mails ou clicar nos links que eles cont\u00eam, observaremos e armazenaremos os t\u00f3picos de seu interesse.<\/li>\n<li>Se voc\u00ea usar nossos recursos de compartilhamento para recomendar nossas informa\u00e7\u00f5es por e-mail ou nas redes sociais, observaremos e salvaremos as redes nas quais as informa\u00e7\u00f5es foram recomendadas e o uso da recomenda\u00e7\u00e3o por terceiros em seu perfil. Os dados pessoais de terceiros nunca s\u00e3o armazenados sem o consentimento desses terceiros.<\/li>\n<li>Se voc\u00ea acessar imagens em e-mails ou clicar em links, identificaremos o tipo de dispositivo final utilizado e o armazenaremos em seu perfil.<\/li>\n<li>Se voc\u00ea acessar nossa oferta na web por meio de um link de uma mensagem enviada por n\u00f3s, integraremos as informa\u00e7\u00f5es sobre seu acesso ao site em seu perfil. Isso tamb\u00e9m inclui a integra\u00e7\u00e3o de seu hist\u00f3rico de compras em seu perfil.<\/li>\n<li>Se voc\u00ea acessar imagens em e-mails ou clicar em links, mapearemos seu endere\u00e7o IP para estabelecer a localiza\u00e7\u00e3o de onde foi feito o acesso e armazenaremos em seu perfil.<\/li>\n<\/ul>\n<p>O envio da sua declara\u00e7\u00e3o de consentimento para publicidade e pesquisa de mercado \u00e9 volunt\u00e1rio e pode ser revogado a qualquer momento com efeitos futuros. A revoga\u00e7\u00e3o pode ser feita enviando e-mail para info@nsk-corp.com.<\/p>\n<h4 class=\"c-red\">Redes Sociais<\/h4>\n<p>Para tornar nossa oferta de Internet mais atraente e f\u00e1cil de usar, a NSK trabalha em estreita colabora\u00e7\u00e3o com parceiros de m\u00eddias sociais selecionados (por exemplo, YouTube, Facebook, LinkedIn, Google). Essas plataformas podem ser integradas temporariamente usando plug-ins. Se voc\u00ea acessar uma p\u00e1gina de nosso website usando esse plug-in, seu navegador criar\u00e1 uma conex\u00e3o direta e breve com seus servidores. O objetivo principal disso \u00e9 mostrar o conte\u00fado do plug-in. Nesse caso, o parceiro de coopera\u00e7\u00e3o recebe seu endere\u00e7o IP e outros dados relacionados ao dispositivo. Na pr\u00e1tica, esse endere\u00e7o IP n\u00e3o pode ser facilmente mapeado para voc\u00ea pelo nome. Em algumas circunst\u00e2ncias, o parceiro de coopera\u00e7\u00e3o tamb\u00e9m pode armazenar um cookie no seu computador, que \u00e9 exclu\u00eddo quando o navegador \u00e9 fechado (consulte a se\u00e7\u00e3o sobre cookies). Voc\u00ea pode escolher se aceita cookies ou n\u00e3o nas configura\u00e7\u00f5es do seu navegador.<\/p>\n<p>Voc\u00ea pode visualizar a finalidade e o escopo da coleta, processamento posterior e uso dos dados por parceiros de m\u00eddias sociais, bem como os direitos destinados a proteger sua privacidade nos respectivos avisos de prote\u00e7\u00e3o de dados.<\/p>\n<p>Se voc\u00ea tiver alguma d\u00favida ou preocupa\u00e7\u00e3o em rela\u00e7\u00e3o \u00e0 pol\u00edtica de privacidade da NSK, entre em contato conosco em: info@nsk-corp.com ou pelo nosso endere\u00e7o postal.&nbsp;<\/p>\n<p>[\/et_pb_text][\/et_pb_column][et_pb_column type=&#8221;1_3&#8243; _builder_version=&#8221;4.7.4&#8243; _module_preset=&#8221;default&#8221;][et_pb_text module_class=&#8221;address-column&#8221; _builder_version=&#8221;4.9.4&#8243; _module_preset=&#8221;default&#8221; custom_margin=&#8221;0px||0px||false|false&#8221; custom_padding=&#8221;60px||60px||false|false&#8221; global_module=&#8221;4656&#8243; saved_tabs=&#8221;all&#8221;]<\/p>\n<p><img decoding=\"async\" width=\"140\" src=\"\/logos\/nsk-logo-color-no-tagline.png\" alt=\"\" class=\"size-medium alignnone\" \/><\/p>\n<h4 class=\"c-red\">NSK AMERICAS<\/h4>\n<p><span class=\"t-600\">United States<\/span><br \/>\nNSK Corporation<br \/>\nAnn Arbor MI<br \/>\n1.888.446.5675<\/p>\n<p><span class=\"t-600\">Canada<\/span><br \/>\nNSK Canada Inc.<br \/>\nMississauga ON<br \/>\n1.888.603.7667<\/p>\n<p><span class=\"t-600\">Mexico<\/span><br \/>\nNSK Rodamientos Mexicana,<br \/>\nS.A. de C.V.<br \/>\nSilao Guanajuato MX<br \/>\n52.472.500.9500<\/p>\n<p><span class=\"t-600\">Brazil<\/span><br \/>\nNSK Brasil Ltda.<br \/>\nSao Paulo SP<br \/>\n55.11.3269.4700<\/p>\n<p><span class=\"t-600\">Argentina<\/span><br \/>\nNSK Argentina SRL<br \/>\nBuenos Aires<br \/>\n54.11.4762.6556<\/p>\n<p><span class=\"t-600\">Latin America<\/span><br \/>\nNSK Latin America Inc.<br \/>\nMiami FL<br \/>\n1.305.477.0605<\/p>\n<p><span class=\"t-600\">Website:<\/span><br \/>\n<a href=\"https:\/\/www.nskamericas.com\">www.nskamericas.com<\/a><\/p>\n<p><span class=\"t-600\">NSK Global: <\/span><br \/><a href=\"https:\/\/www.nsk.com\">www.nsk.com<\/a><\/p>\n<p>[\/et_pb_text][\/et_pb_column][\/et_pb_row][\/et_pb_section]<\/p>\n","protected":false},"excerpt":{"rendered":"<p>&nbsp; Pol\u00edtica de PrivacidadeA NSK deseja que todos os usu\u00e1rios obtenham o m\u00e1ximo do site da NSK e entendam os esfor\u00e7os feitos pela NSK para proteger as informa\u00e7\u00f5es individuais de cada usu\u00e1rio. A NSK est\u00e1 registrada nos termos da prote\u00e7\u00e3o de dados de 1998, e a privacidade dos usu\u00e1rios \u00e9 extremamente importante para n\u00f3s. A [&hellip;]<\/p>\n","protected":false},"author":1,"featured_media":0,"parent":0,"menu_order":134,"comment_status":"closed","ping_status":"open","template":"","meta":{"_et_pb_use_builder":"on","_et_pb_old_content":"","_et_gb_content_width":"","footnotes":""},"class_list":["post-6774","page","type-page","status-publish","hentry"],"_links":{"self":[{"href":"https:\/\/nskmetals.com\/pt-br\/wp-json\/wp\/v2\/pages\/6774","targetHints":{"allow":["GET"]}}],"collection":[{"href":"https:\/\/nskmetals.com\/pt-br\/wp-json\/wp\/v2\/pages"}],"about":[{"href":"https:\/\/nskmetals.com\/pt-br\/wp-json\/wp\/v2\/types\/page"}],"author":[{"embeddable":true,"href":"https:\/\/nskmetals.com\/pt-br\/wp-json\/wp\/v2\/users\/1"}],"replies":[{"embeddable":true,"href":"https:\/\/nskmetals.com\/pt-br\/wp-json\/wp\/v2\/comments?post=6774"}],"version-history":[{"count":5,"href":"https:\/\/nskmetals.com\/pt-br\/wp-json\/wp\/v2\/pages\/6774\/revisions"}],"predecessor-version":[{"id":7279,"href":"https:\/\/nskmetals.com\/pt-br\/wp-json\/wp\/v2\/pages\/6774\/revisions\/7279"}],"wp:attachment":[{"href":"https:\/\/nskmetals.com\/pt-br\/wp-json\/wp\/v2\/media?parent=6774"}],"curies":[{"name":"wp","href":"https:\/\/api.w.org\/{rel}","templated":true}]}}